{"id":769551,"date":"2025-08-28T13:58:35","date_gmt":"2025-08-28T10:58:35","guid":{"rendered":"https:\/\/roveyayinevi.com.tr\/index.php\/urun\/kuranda-pismanlik-psikolojisi\/"},"modified":"2026-04-15T03:35:45","modified_gmt":"2026-04-15T00:35:45","slug":"kuranda-pismanlik-psikolojisi","status":"publish","type":"product","link":"https:\/\/roveyayinevi.com.tr\/index.php\/urun\/kuranda-pismanlik-psikolojisi\/","title":{"rendered":"Kur\u2019an\u2019da Pi\u015fmanl\u0131k Psikolojisi"},"content":{"rendered":"<p>Her insan hata eder, hata edenlerin en hay\u0131rl\u0131s\u0131 pi\u015fman olup t\u00f6vbe edendir. Hadis-i \u015eerif  \u2022 \u0130nsan\u0131n Kur\u2019an\u2019la kurdu\u011fu ontolojik ba\u011f unutuldu mu? \u2022 Yarat\u0131l\u0131\u015f\u0131n kayna\u011f\u0131 olan vahyin duygulardaki yank\u0131s\u0131 neden duyulmuyor? \u2022 \u0130nsan\u0131n ilk pi\u015fmanl\u0131k k\u0131v\u0131lc\u0131m\u0131 nerede \u00e7akt\u0131? Ve en yak\u0131c\u0131 soru: \u2022 \u0130nsan pi\u015fman olmay\u0131 neden unuttu?   Modern d\u00fcnya, insan\u0131n biricik duygular\u0131n\u0131 manip\u00fcle ederek onu end\u00fcstriyel s\u00fcre\u00e7lerin i\u00e7ine hapsetti. \u201c\u00d6nemsiz g\u00f6rme, unutma, yok sayma\u201d gibi davran\u0131\u015f kal\u0131plar\u0131 ile \u201canl\u0131k mutluluklar\u0131n\u201d ak\u0131\u015f\u0131na teslim edilen insan\u0131n elinden al\u0131nan \u015fey belki de kaybettiklerinin en de\u011ferlisiydi: Pi\u015fman olmak ve bununla y\u00fczle\u015fmek! \u0130nsan\u0131n fiziksel ve ruhsal varl\u0131\u011f\u0131 aras\u0131na nesneleri y\u0131\u011farak kurulan bu mutluluk, \u00f6z\u00fcyle olan ba\u011f\u0131n\u0131 kopard\u0131. Bireylerin derin d\u00fc\u015f\u00fcnme ve hissetme yetilerini budad\u0131. Teknolojinin dayatt\u0131\u011f\u0131 sanal ortamlar\u0131n h\u0131z\u0131 ve y\u00fczeyselli\u011fi insana art\u0131k tek \u015feyi f\u0131s\u0131ld\u0131yor: Burada pi\u015fmanl\u0131k gibi derin duygular\u0131n i\u015flenmesine yer yok!  Oysaki ge\u00e7mi\u015fteki hatalar\u0131n bir aynas\u0131 olarak pi\u015fmanl\u0131k, insan geli\u015fiminde \u00f6nemli bir role sahiptir. Birey ancak bu aynaya bakarak eksiklerini ve potansiyelini ke\u015ffedebilir. Do\u00e7. Dr. Handan Yalva\u00e7 Ar\u0131c\u0131 bu kitab\u0131nda insan\u0131n unutmaya y\u00fcz tutmu\u015f en temel duygusu olan pi\u015fmanl\u0131\u011f\u0131 ayet, hadis ve g\u00fcncel ara\u015ft\u0131rmalar \u0131\u015f\u0131\u011f\u0131nda etrafl\u0131ca inceliyor.<\/p>\n","protected":false},"excerpt":{"rendered":"<p>Her insan hata eder, hata edenlerin en hay\u0131rl\u0131s\u0131 pi\u015fman olup t\u00f6vbe edendir. Hadis-i \u015eerif \u2022 \u0130nsan\u0131n Kur\u2019an\u2019la kurdu\u011fu ontolojik ba\u011f unutuldu mu? \u2022 Yarat\u0131l\u0131\u015f\u0131n kayna\u011f\u0131 olan<span class=\"excerpt-hellip\"> [\u2026]<\/span><\/p>\n","protected":false},"featured_media":0,"template":"","meta":{"_monsterinsights_skip_tracking":false,"_monsterinsights_sitenote_active":false,"_monsterinsights_sitenote_note":"","_monsterinsights_sitenote_category":0},"product_brand":[],"product_cat":[12718,12719],"product_tag":[],"class_list":{"0":"post-769551","1":"product","2":"type-product","3":"status-publish","5":"product_cat-din","6":"product_cat-islam","7":"pa_cilt-ciltsiz","8":"pa_tur-kitap","9":"pa_yayinevi-timas-yayinlari","10":"pa_yazar-handan-yalvac-arici","12":"first","13":"instock","14":"sale","15":"shipping-taxable","16":"purchasable","17":"product-type-simple"},"_links":{"self":[{"href":"https:\/\/roveyayinevi.com.tr\/index.php\/wp-json\/wp\/v2\/product\/769551","targetHints":{"allow":["GET"]}}],"collection":[{"href":"https:\/\/roveyayinevi.com.tr\/index.php\/wp-json\/wp\/v2\/product"}],"about":[{"href":"https:\/\/roveyayinevi.com.tr\/index.php\/wp-json\/wp\/v2\/types\/product"}],"wp:attachment":[{"href":"https:\/\/roveyayinevi.com.tr\/index.php\/wp-json\/wp\/v2\/media?parent=769551"}],"wp:term":[{"taxonomy":"product_brand","embeddable":true,"href":"https:\/\/roveyayinevi.com.tr\/index.php\/wp-json\/wp\/v2\/product_brand?post=769551"},{"taxonomy":"product_cat","embeddable":true,"href":"https:\/\/roveyayinevi.com.tr\/index.php\/wp-json\/wp\/v2\/product_cat?post=769551"},{"taxonomy":"product_tag","embeddable":true,"href":"https:\/\/roveyayinevi.com.tr\/index.php\/wp-json\/wp\/v2\/product_tag?post=769551"}],"curies":[{"name":"wp","href":"https:\/\/api.w.org\/{rel}","templated":true}]}}