{"id":769550,"date":"2025-08-28T13:58:32","date_gmt":"2025-08-28T10:58:32","guid":{"rendered":"https:\/\/roveyayinevi.com.tr\/index.php\/urun\/moran\/"},"modified":"2026-04-15T03:35:45","modified_gmt":"2026-04-15T00:35:45","slug":"moran","status":"publish","type":"product","link":"https:\/\/roveyayinevi.com.tr\/index.php\/urun\/moran\/","title":{"rendered":"Moran"},"content":{"rendered":"<p>Moran\u2019da idam yasakt\u0131. En a\u011f\u0131r ceza hi\u00e7bir canl\u0131y\u0131 bir daha g\u00f6rmemek \u00fczere s\u00fcr\u00fclmekti \u00e7\u00fcnk\u00fc bir can\u0131 al\u0131rsan ba\u015fka can g\u00f6rmeye hakk\u0131n yoktu. Her yasak \u00e7i\u011fnenirdi ve Moran Yasalar\u0131 y\u00fczlerce y\u0131l \u00f6ncesine dayansa da onu korumakla m\u00fckellef olanlar taraf\u0131ndan \u00e7i\u011fnendi. Moran\u2019da ilk kez d\u00f6rt soyun da temsilcisi birinin \u00f6l\u00fcm\u00fcne karar verdi. Daha do\u011fmam\u0131\u015f olmas\u0131na ra\u011fmen idam karar\u0131 verilmi\u015fti. \u201cSenin ad\u0131n Nil\u00fcfer de\u011fil, sen Nil\u00fcfer\u2019sin.\u201d \u201cO da ne demek?\u201d \u201cMoran\u2019da isminin anlam\u0131 olmaz Nil\u00fcfer, ismin senin anlam\u0131n olur.\u201d \u201cPeki, Nil\u00fcfer olmak ne demek?\u201d \u201cBunu sonra \u00f6\u011freneceksin ama emin ol insanlar\u0131n aras\u0131ndaki o basit anlama sahip de\u011filsin.\u201d <\/p>\n","protected":false},"excerpt":{"rendered":"<p>Moran\u2019da idam yasakt\u0131. En a\u011f\u0131r ceza hi\u00e7bir canl\u0131y\u0131 bir daha g\u00f6rmemek \u00fczere s\u00fcr\u00fclmekti \u00e7\u00fcnk\u00fc bir can\u0131 al\u0131rsan ba\u015fka can g\u00f6rmeye hakk\u0131n yoktu. Her yasak \u00e7i\u011fnenirdi ve<span class=\"excerpt-hellip\"> [\u2026]<\/span><\/p>\n","protected":false},"featured_media":0,"template":"","meta":{"_monsterinsights_skip_tracking":false,"_monsterinsights_sitenote_active":false,"_monsterinsights_sitenote_note":"","_monsterinsights_sitenote_category":0},"product_brand":[],"product_cat":[12291,12711],"product_tag":[],"class_list":{"0":"post-769550","1":"product","2":"type-product","3":"status-publish","5":"product_cat-edebiyat","6":"product_cat-roman-oyku","7":"pa_cilt-ciltsiz","8":"pa_tur-kitap","9":"pa_yayinevi-ulysses-yayinlari","10":"pa_yazar-nurgul-cakmak","12":"first","13":"instock","14":"sale","15":"shipping-taxable","16":"purchasable","17":"product-type-simple"},"_links":{"self":[{"href":"https:\/\/roveyayinevi.com.tr\/index.php\/wp-json\/wp\/v2\/product\/769550","targetHints":{"allow":["GET"]}}],"collection":[{"href":"https:\/\/roveyayinevi.com.tr\/index.php\/wp-json\/wp\/v2\/product"}],"about":[{"href":"https:\/\/roveyayinevi.com.tr\/index.php\/wp-json\/wp\/v2\/types\/product"}],"wp:attachment":[{"href":"https:\/\/roveyayinevi.com.tr\/index.php\/wp-json\/wp\/v2\/media?parent=769550"}],"wp:term":[{"taxonomy":"product_brand","embeddable":true,"href":"https:\/\/roveyayinevi.com.tr\/index.php\/wp-json\/wp\/v2\/product_brand?post=769550"},{"taxonomy":"product_cat","embeddable":true,"href":"https:\/\/roveyayinevi.com.tr\/index.php\/wp-json\/wp\/v2\/product_cat?post=769550"},{"taxonomy":"product_tag","embeddable":true,"href":"https:\/\/roveyayinevi.com.tr\/index.php\/wp-json\/wp\/v2\/product_tag?post=769550"}],"curies":[{"name":"wp","href":"https:\/\/api.w.org\/{rel}","templated":true}]}}