{"id":769549,"date":"2025-08-28T13:58:30","date_gmt":"2025-08-28T10:58:30","guid":{"rendered":"https:\/\/roveyayinevi.com.tr\/index.php\/urun\/palyaco-nesesi\/"},"modified":"2026-04-15T03:35:45","modified_gmt":"2026-04-15T00:35:45","slug":"palyaco-nesesi","status":"publish","type":"product","link":"https:\/\/roveyayinevi.com.tr\/index.php\/urun\/palyaco-nesesi\/","title":{"rendered":"Palya\u00e7o Ne\u015fesi"},"content":{"rendered":"<p>Bir palya\u00e7o ne\u015fesinde kald\u0131 mutlulu\u011fumuz Sonu olmayan r\u00fczg\u00e2rlara kap\u0131ld\u0131 gen\u00e7li\u011fim Her sabah uyand\u0131\u011f\u0131nda sessiz sessiz bakar durur uzaklara, Ufkun k\u0131z\u0131ll\u0131klar\u0131na, Bir yakamozdur pe\u015fimde dola\u015f\u0131r durur. G\u00fcne\u015fin g\u00fcl\u00fc\u015f\u00fc gibi ne umutlar\u0131m vard\u0131 oysa benim. Ya\u015famadan ge\u00e7ti hayat, Saymadan t\u00fckendi y\u0131llar, Aramadan, sormadan bitti her \u015fey\u2026 G\u00f6ky\u00fcz\u00fcne u\u00e7tu gen\u00e7li\u011fim <\/p>\n","protected":false},"excerpt":{"rendered":"<p>Bir palya\u00e7o ne\u015fesinde kald\u0131 mutlulu\u011fumuz Sonu olmayan r\u00fczg\u00e2rlara kap\u0131ld\u0131 gen\u00e7li\u011fim Her sabah uyand\u0131\u011f\u0131nda sessiz sessiz bakar durur uzaklara, Ufkun k\u0131z\u0131ll\u0131klar\u0131na, Bir yakamozdur pe\u015fimde dola\u015f\u0131r durur. G\u00fcne\u015fin<span class=\"excerpt-hellip\"> [\u2026]<\/span><\/p>\n","protected":false},"featured_media":0,"template":"","meta":{"_monsterinsights_skip_tracking":false,"_monsterinsights_sitenote_active":false,"_monsterinsights_sitenote_note":"","_monsterinsights_sitenote_category":0},"product_brand":[],"product_cat":[12291,12509],"product_tag":[],"class_list":{"0":"post-769549","1":"product","2":"type-product","3":"status-publish","5":"product_cat-edebiyat","6":"product_cat-siir","7":"pa_cilt-ciltsiz","8":"pa_tur-kitap","9":"pa_yayinevi-ulysses-yayinlari","10":"pa_yazar-osman-kurt","12":"first","13":"instock","14":"sale","15":"shipping-taxable","16":"purchasable","17":"product-type-simple"},"_links":{"self":[{"href":"https:\/\/roveyayinevi.com.tr\/index.php\/wp-json\/wp\/v2\/product\/769549","targetHints":{"allow":["GET"]}}],"collection":[{"href":"https:\/\/roveyayinevi.com.tr\/index.php\/wp-json\/wp\/v2\/product"}],"about":[{"href":"https:\/\/roveyayinevi.com.tr\/index.php\/wp-json\/wp\/v2\/types\/product"}],"wp:attachment":[{"href":"https:\/\/roveyayinevi.com.tr\/index.php\/wp-json\/wp\/v2\/media?parent=769549"}],"wp:term":[{"taxonomy":"product_brand","embeddable":true,"href":"https:\/\/roveyayinevi.com.tr\/index.php\/wp-json\/wp\/v2\/product_brand?post=769549"},{"taxonomy":"product_cat","embeddable":true,"href":"https:\/\/roveyayinevi.com.tr\/index.php\/wp-json\/wp\/v2\/product_cat?post=769549"},{"taxonomy":"product_tag","embeddable":true,"href":"https:\/\/roveyayinevi.com.tr\/index.php\/wp-json\/wp\/v2\/product_tag?post=769549"}],"curies":[{"name":"wp","href":"https:\/\/api.w.org\/{rel}","templated":true}]}}