{"id":769548,"date":"2025-08-28T13:58:28","date_gmt":"2025-08-28T10:58:28","guid":{"rendered":"https:\/\/roveyayinevi.com.tr\/index.php\/urun\/deha-zaman-kacagi\/"},"modified":"2026-04-08T03:31:45","modified_gmt":"2026-04-08T00:31:45","slug":"deha-zaman-kacagi","status":"publish","type":"product","link":"https:\/\/roveyayinevi.com.tr\/index.php\/urun\/deha-zaman-kacagi\/","title":{"rendered":"Deha &#8211; Zaman Ka\u00e7a\u011f\u0131"},"content":{"rendered":"<p>Y\u0131llarca yaln\u0131zl\u0131\u011f\u0131mdan \u015fik\u00e2yet edip durdum ama fark ettim ki beni g\u00fc\u00e7l\u00fc ve cesur yapan tek \u015fey yaln\u0131zl\u0131km\u0131\u015f. Sorunlar\u0131 a\u015fabilmeyi kendime ba\u015fka t\u00fcrl\u00fc \u00f6\u011fretmem m\u00fcmk\u00fcn de\u011fildi. \u00d6\u011frendim! Sizin sayenizde yaln\u0131z kalman\u0131n \u00f6zg\u00fcrl\u00fc\u011f\u00fcn\u00fc ve huzurunu \u00f6\u011frendim. <\/p>\n","protected":false},"excerpt":{"rendered":"<p>Y\u0131llarca yaln\u0131zl\u0131\u011f\u0131mdan \u015fik\u00e2yet edip durdum ama fark ettim ki beni g\u00fc\u00e7l\u00fc ve cesur yapan tek \u015fey yaln\u0131zl\u0131km\u0131\u015f. Sorunlar\u0131 a\u015fabilmeyi kendime ba\u015fka t\u00fcrl\u00fc \u00f6\u011fretmem m\u00fcmk\u00fcn de\u011fildi. \u00d6\u011frendim!<span class=\"excerpt-hellip\"> [\u2026]<\/span><\/p>\n","protected":false},"featured_media":0,"template":"","meta":{"_monsterinsights_skip_tracking":false,"_monsterinsights_sitenote_active":false,"_monsterinsights_sitenote_note":"","_monsterinsights_sitenote_category":0},"product_brand":[],"product_cat":[12291,12711],"product_tag":[],"class_list":{"0":"post-769548","1":"product","2":"type-product","3":"status-publish","5":"product_cat-edebiyat","6":"product_cat-roman-oyku","7":"pa_cilt-ciltsiz","8":"pa_tur-kitap","9":"pa_yayinevi-ulysses-yayinlari","10":"pa_yazar-osman-kurt","12":"first","13":"instock","14":"sale","15":"shipping-taxable","16":"purchasable","17":"product-type-simple"},"_links":{"self":[{"href":"https:\/\/roveyayinevi.com.tr\/index.php\/wp-json\/wp\/v2\/product\/769548","targetHints":{"allow":["GET"]}}],"collection":[{"href":"https:\/\/roveyayinevi.com.tr\/index.php\/wp-json\/wp\/v2\/product"}],"about":[{"href":"https:\/\/roveyayinevi.com.tr\/index.php\/wp-json\/wp\/v2\/types\/product"}],"wp:attachment":[{"href":"https:\/\/roveyayinevi.com.tr\/index.php\/wp-json\/wp\/v2\/media?parent=769548"}],"wp:term":[{"taxonomy":"product_brand","embeddable":true,"href":"https:\/\/roveyayinevi.com.tr\/index.php\/wp-json\/wp\/v2\/product_brand?post=769548"},{"taxonomy":"product_cat","embeddable":true,"href":"https:\/\/roveyayinevi.com.tr\/index.php\/wp-json\/wp\/v2\/product_cat?post=769548"},{"taxonomy":"product_tag","embeddable":true,"href":"https:\/\/roveyayinevi.com.tr\/index.php\/wp-json\/wp\/v2\/product_tag?post=769548"}],"curies":[{"name":"wp","href":"https:\/\/api.w.org\/{rel}","templated":true}]}}