{"id":769546,"date":"2025-08-28T13:58:24","date_gmt":"2025-08-28T10:58:24","guid":{"rendered":"https:\/\/roveyayinevi.com.tr\/index.php\/urun\/vaynagh\/"},"modified":"2026-04-15T03:35:45","modified_gmt":"2026-04-15T00:35:45","slug":"vaynagh","status":"publish","type":"product","link":"https:\/\/roveyayinevi.com.tr\/index.php\/urun\/vaynagh\/","title":{"rendered":"Vayna\u011fh"},"content":{"rendered":"<p>Kafkasya, mitlerin ve masallar\u0131n i\u00e7 i\u00e7e ge\u00e7ti\u011fi bir b\u00f6lge olup, bu s\u00f6ylenceler Kafkas k\u00fclt\u00fcr\u00fcn\u00fcn \u015fekillenmesinde b\u00fcy\u00fck rol oynam\u0131\u015ft\u0131r. B\u00f6lge insan\u0131n\u0131n ya\u015fam\u0131n\u0131 derinden etkileyen masallar, efsaneler ve gelenekler, ki\u015filik geli\u015fiminden sosyal hayata kadar pek \u00e7ok alanda iz b\u0131rakm\u0131\u015ft\u0131r. \u00c7e\u00e7en-\u0130ngu\u015f halk\u0131n\u0131n sava\u015flarda atalar\u0131ndan dinledikleri efsaneler, \u00f6zg\u00fcrl\u00fck m\u00fccadelesinin temelini olu\u015fturmu\u015f ve bu halk\u0131n direni\u015fi, t\u00fcm d\u00fcnyaya kar\u015f\u0131 verdi\u011fi sava\u015f\u0131n anlam\u0131n\u0131 yans\u0131tmaktad\u0131r. Kafkasya&#8217;n\u0131n k\u00fclt\u00fcr\u00fcn\u00fc anlamak, bu masallar ve efsaneler \u00fczerinden ge\u00e7mi\u015fi ve halk\u0131n ya\u015fad\u0131\u011f\u0131 zorluklar\u0131 ke\u015ffetmeyi gerektirir. Yazar, \u00e7ocuklu\u011funun ge\u00e7ti\u011fi Bozkurt k\u00f6y\u00fcnde b\u00fcy\u00fcklerinin anlatt\u0131\u011f\u0131 masallar ve annesinin \u00f6yk\u00fcleriyle b\u00fcy\u00fcm\u00fc\u015f, &#8220;Kafkasya&#8217;ya D\u00f6nme Hayali&#8221; gibi derin \u00f6zlemlerle \u015fekillenen bir i\u00e7sel yaln\u0131zl\u0131k ya\u015fam\u0131\u015ft\u0131r. Bu yaln\u0131zl\u0131k, yazar\u0131n ya\u015fad\u0131\u011f\u0131 s\u00fcrg\u00fcn duygular\u0131n\u0131 \u015fiirler ve \u00f6yk\u00fclerle dile getirmesine neden olmu\u015ftur. Eser, yazar\u0131n y\u00fcre\u011findeki \u201cAta Vatan\u201d \u00f6zlemini d\u0131\u015fa vurdu\u011fu bir \u00e7al\u0131\u015fma olup, \u00c7e\u00e7en tarihini ve k\u00fclt\u00fcr\u00fcn\u00fc kronolojik bir bi\u00e7imde sunmay\u0131 ama\u00e7lamaktad\u0131r. <\/p>\n","protected":false},"excerpt":{"rendered":"<p>Kafkasya, mitlerin ve masallar\u0131n i\u00e7 i\u00e7e ge\u00e7ti\u011fi bir b\u00f6lge olup, bu s\u00f6ylenceler Kafkas k\u00fclt\u00fcr\u00fcn\u00fcn \u015fekillenmesinde b\u00fcy\u00fck rol oynam\u0131\u015ft\u0131r. B\u00f6lge insan\u0131n\u0131n ya\u015fam\u0131n\u0131 derinden etkileyen masallar, efsaneler ve<span class=\"excerpt-hellip\"> [\u2026]<\/span><\/p>\n","protected":false},"featured_media":0,"template":"","meta":{"_monsterinsights_skip_tracking":false,"_monsterinsights_sitenote_active":false,"_monsterinsights_sitenote_note":"","_monsterinsights_sitenote_category":0},"product_brand":[],"product_cat":[12291,12745],"product_tag":[],"class_list":{"0":"post-769546","1":"product","2":"type-product","3":"status-publish","5":"product_cat-edebiyat","6":"product_cat-tarihi-roman","7":"pa_cilt-ciltsiz","8":"pa_tur-kitap","9":"pa_yayinevi-omca-yayinlari","10":"pa_yazar-harunhan-remzi-ozturk","12":"first","13":"instock","14":"sale","15":"shipping-taxable","16":"purchasable","17":"product-type-simple"},"_links":{"self":[{"href":"https:\/\/roveyayinevi.com.tr\/index.php\/wp-json\/wp\/v2\/product\/769546","targetHints":{"allow":["GET"]}}],"collection":[{"href":"https:\/\/roveyayinevi.com.tr\/index.php\/wp-json\/wp\/v2\/product"}],"about":[{"href":"https:\/\/roveyayinevi.com.tr\/index.php\/wp-json\/wp\/v2\/types\/product"}],"wp:attachment":[{"href":"https:\/\/roveyayinevi.com.tr\/index.php\/wp-json\/wp\/v2\/media?parent=769546"}],"wp:term":[{"taxonomy":"product_brand","embeddable":true,"href":"https:\/\/roveyayinevi.com.tr\/index.php\/wp-json\/wp\/v2\/product_brand?post=769546"},{"taxonomy":"product_cat","embeddable":true,"href":"https:\/\/roveyayinevi.com.tr\/index.php\/wp-json\/wp\/v2\/product_cat?post=769546"},{"taxonomy":"product_tag","embeddable":true,"href":"https:\/\/roveyayinevi.com.tr\/index.php\/wp-json\/wp\/v2\/product_tag?post=769546"}],"curies":[{"name":"wp","href":"https:\/\/api.w.org\/{rel}","templated":true}]}}