{"id":769545,"date":"2025-08-28T13:58:21","date_gmt":"2025-08-28T10:58:21","guid":{"rendered":"https:\/\/roveyayinevi.com.tr\/index.php\/urun\/havada-bulut-3\/"},"modified":"2026-04-15T03:35:45","modified_gmt":"2026-04-15T00:35:45","slug":"havada-bulut-3","status":"publish","type":"product","link":"https:\/\/roveyayinevi.com.tr\/index.php\/urun\/havada-bulut-3\/","title":{"rendered":"Havada Bulut"},"content":{"rendered":"<p>\u201cNas\u0131l bir d\u00fcnya m\u0131? Haks\u0131zl\u0131klar\u0131n olmad\u0131\u011f\u0131 bir d\u00fcnya&#8230; \u0130nsanlar\u0131n hepsinin mesut oldu\u011fu, hi\u00e7 olmazsa i\u015f buldu\u011fu, doydu\u011fu bir d\u00fcnya&#8230; H\u0131rs\u0131zl\u0131klar\u0131n, ba\u015fkalar\u0131n\u0131n hakk\u0131na tecav\u00fcz etmelerin bol bol bulunmad\u0131\u011f\u0131&#8230; Pardon efendim! Bol bol bulunmad\u0131\u011f\u0131 ne demek? Hi\u00e7 bulunmad\u0131\u011f\u0131 bir d\u00fcnya&#8230; (\u2026) Sokaklarda sefillerin bulunmad\u0131\u011f\u0131 bir d\u00fcnya&#8230; Kafan\u0131n, kolun \u00e7al\u0131\u015fabildi\u011fi zaman insan\u0131n muhakkak doyabildi\u011fi, e\u011flenebildi\u011fi bir d\u00fcnya&#8230;\u201c <\/p>\n","protected":false},"excerpt":{"rendered":"<p>\u201cNas\u0131l bir d\u00fcnya m\u0131? Haks\u0131zl\u0131klar\u0131n olmad\u0131\u011f\u0131 bir d\u00fcnya&#8230; \u0130nsanlar\u0131n hepsinin mesut oldu\u011fu, hi\u00e7 olmazsa i\u015f buldu\u011fu, doydu\u011fu bir d\u00fcnya&#8230; H\u0131rs\u0131zl\u0131klar\u0131n, ba\u015fkalar\u0131n\u0131n hakk\u0131na tecav\u00fcz etmelerin bol bol<span class=\"excerpt-hellip\"> [\u2026]<\/span><\/p>\n","protected":false},"featured_media":0,"template":"","meta":{"_monsterinsights_skip_tracking":false,"_monsterinsights_sitenote_active":false,"_monsterinsights_sitenote_note":"","_monsterinsights_sitenote_category":0},"product_brand":[],"product_cat":[12291,12711],"product_tag":[],"class_list":{"0":"post-769545","1":"product","2":"type-product","3":"status-publish","5":"product_cat-edebiyat","6":"product_cat-roman-oyku","7":"pa_cilt-ciltsiz","8":"pa_tur-kitap","9":"pa_yayinevi-kirmizi-kedi-yayinevi","10":"pa_yazar-sait-faik-abasiyanik","12":"first","13":"instock","14":"sale","15":"shipping-taxable","16":"purchasable","17":"product-type-simple"},"_links":{"self":[{"href":"https:\/\/roveyayinevi.com.tr\/index.php\/wp-json\/wp\/v2\/product\/769545","targetHints":{"allow":["GET"]}}],"collection":[{"href":"https:\/\/roveyayinevi.com.tr\/index.php\/wp-json\/wp\/v2\/product"}],"about":[{"href":"https:\/\/roveyayinevi.com.tr\/index.php\/wp-json\/wp\/v2\/types\/product"}],"wp:attachment":[{"href":"https:\/\/roveyayinevi.com.tr\/index.php\/wp-json\/wp\/v2\/media?parent=769545"}],"wp:term":[{"taxonomy":"product_brand","embeddable":true,"href":"https:\/\/roveyayinevi.com.tr\/index.php\/wp-json\/wp\/v2\/product_brand?post=769545"},{"taxonomy":"product_cat","embeddable":true,"href":"https:\/\/roveyayinevi.com.tr\/index.php\/wp-json\/wp\/v2\/product_cat?post=769545"},{"taxonomy":"product_tag","embeddable":true,"href":"https:\/\/roveyayinevi.com.tr\/index.php\/wp-json\/wp\/v2\/product_tag?post=769545"}],"curies":[{"name":"wp","href":"https:\/\/api.w.org\/{rel}","templated":true}]}}