{"id":769543,"date":"2025-08-28T13:58:17","date_gmt":"2025-08-28T10:58:17","guid":{"rendered":"https:\/\/roveyayinevi.com.tr\/index.php\/urun\/luzumsuz-adam-5\/"},"modified":"2026-04-15T03:35:45","modified_gmt":"2026-04-15T00:35:45","slug":"luzumsuz-adam-5","status":"publish","type":"product","link":"https:\/\/roveyayinevi.com.tr\/index.php\/urun\/luzumsuz-adam-5\/","title":{"rendered":"L\u00fczumsuz Adam"},"content":{"rendered":"<p>\u201cBen hik\u00e2yeciyim diye sizden ayr\u0131 \u015feyler d\u00fc\u015f\u00fcnecek de\u011filim. Sizin d\u00fc\u015f\u00fcnd\u00fcklerinizden ba\u015fka bir \u015fey de d\u00fc\u015f\u00fcnemem. O halde bu adam\u0131n hik\u00e2yesi ne olabilir? Sak\u0131n benden b\u00fcy\u00fck vakalar beklemeyin, n\u2019olur?\u201d <\/p>\n","protected":false},"excerpt":{"rendered":"<p>\u201cBen hik\u00e2yeciyim diye sizden ayr\u0131 \u015feyler d\u00fc\u015f\u00fcnecek de\u011filim. Sizin d\u00fc\u015f\u00fcnd\u00fcklerinizden ba\u015fka bir \u015fey de d\u00fc\u015f\u00fcnemem. O halde bu adam\u0131n hik\u00e2yesi ne olabilir? Sak\u0131n benden b\u00fcy\u00fck vakalar<span class=\"excerpt-hellip\"> [\u2026]<\/span><\/p>\n","protected":false},"featured_media":0,"template":"","meta":{"_monsterinsights_skip_tracking":false,"_monsterinsights_sitenote_active":false,"_monsterinsights_sitenote_note":"","_monsterinsights_sitenote_category":0},"product_brand":[],"product_cat":[12291,12711],"product_tag":[],"class_list":{"0":"post-769543","1":"product","2":"type-product","3":"status-publish","5":"product_cat-edebiyat","6":"product_cat-roman-oyku","7":"pa_cilt-ciltsiz","8":"pa_tur-kitap","9":"pa_yayinevi-kirmizi-kedi-yayinevi","10":"pa_yazar-sait-faik-abasiyanik","12":"first","13":"instock","14":"sale","15":"shipping-taxable","16":"purchasable","17":"product-type-simple"},"_links":{"self":[{"href":"https:\/\/roveyayinevi.com.tr\/index.php\/wp-json\/wp\/v2\/product\/769543","targetHints":{"allow":["GET"]}}],"collection":[{"href":"https:\/\/roveyayinevi.com.tr\/index.php\/wp-json\/wp\/v2\/product"}],"about":[{"href":"https:\/\/roveyayinevi.com.tr\/index.php\/wp-json\/wp\/v2\/types\/product"}],"wp:attachment":[{"href":"https:\/\/roveyayinevi.com.tr\/index.php\/wp-json\/wp\/v2\/media?parent=769543"}],"wp:term":[{"taxonomy":"product_brand","embeddable":true,"href":"https:\/\/roveyayinevi.com.tr\/index.php\/wp-json\/wp\/v2\/product_brand?post=769543"},{"taxonomy":"product_cat","embeddable":true,"href":"https:\/\/roveyayinevi.com.tr\/index.php\/wp-json\/wp\/v2\/product_cat?post=769543"},{"taxonomy":"product_tag","embeddable":true,"href":"https:\/\/roveyayinevi.com.tr\/index.php\/wp-json\/wp\/v2\/product_tag?post=769543"}],"curies":[{"name":"wp","href":"https:\/\/api.w.org\/{rel}","templated":true}]}}