{"id":769542,"date":"2025-08-28T13:58:15","date_gmt":"2025-08-28T10:58:15","guid":{"rendered":"https:\/\/roveyayinevi.com.tr\/index.php\/urun\/a-takimi-iz-surucu-kopekler-4-kos-cilizim-kos\/"},"modified":"2026-04-15T03:35:45","modified_gmt":"2026-04-15T00:35:45","slug":"a-takimi-iz-surucu-kopekler-4-kos-cilizim-kos","status":"publish","type":"product","link":"https:\/\/roveyayinevi.com.tr\/index.php\/urun\/a-takimi-iz-surucu-kopekler-4-kos-cilizim-kos\/","title":{"rendered":"A Tak\u0131m\u0131 \u0130z S\u00fcr\u00fcc\u00fc K\u00f6pekler \u2013 4 Ko\u015f C\u0131l\u0131z\u0131m Ko\u015f"},"content":{"rendered":"<p>\u00d6zel e\u011fitimli dokuz kurt k\u00f6pe\u011fi karde\u015ften biri olan C\u0131l\u0131z\u0131m, g\u00f6rme engelli bir \u00e7ocu\u011fa yard\u0131m etmek i\u00e7in e\u011fitim okulundan al\u0131n\u0131p bir evde ya\u015famaya ba\u015flad\u0131ktan sonra mutlulu\u011fu uzun s\u00fcrmez \u00e7\u00fcnk\u00fc ka\u00e7\u0131r\u0131l\u0131r. Ama e\u011fitimde \u00f6\u011frendikleri sayesinde onu ka\u00e7\u0131ranlar\u0131n elinden kurtulur.     Kurtulduktan sonra do\u011fup b\u00fcy\u00fcd\u00fc\u011f\u00fc k\u00f6pek e\u011fitim okuluna gitmeye \u00e7al\u0131\u015f\u0131rken ba\u015f\u0131na neler gelir neler&#8230; <\/p>\n","protected":false},"excerpt":{"rendered":"<p>\u00d6zel e\u011fitimli dokuz kurt k\u00f6pe\u011fi karde\u015ften biri olan C\u0131l\u0131z\u0131m, g\u00f6rme engelli bir \u00e7ocu\u011fa yard\u0131m etmek i\u00e7in e\u011fitim okulundan al\u0131n\u0131p bir evde ya\u015famaya ba\u015flad\u0131ktan sonra mutlulu\u011fu uzun<span class=\"excerpt-hellip\"> [\u2026]<\/span><\/p>\n","protected":false},"featured_media":0,"template":"","meta":{"_monsterinsights_skip_tracking":false,"_monsterinsights_sitenote_active":false,"_monsterinsights_sitenote_note":"","_monsterinsights_sitenote_category":0},"product_brand":[],"product_cat":[12274,12284],"product_tag":[],"class_list":{"0":"post-769542","1":"product","2":"type-product","3":"status-publish","5":"product_cat-cocuk-ve-genclik-kitaplari","6":"product_cat-hikayeler","7":"pa_cilt-ciltsiz","8":"pa_tur-kitap","9":"pa_yayinevi-yapi-kredi-yayinlari","10":"pa_yazar-gulten-dayioglu","12":"first","13":"instock","14":"sale","15":"shipping-taxable","16":"purchasable","17":"product-type-simple"},"_links":{"self":[{"href":"https:\/\/roveyayinevi.com.tr\/index.php\/wp-json\/wp\/v2\/product\/769542","targetHints":{"allow":["GET"]}}],"collection":[{"href":"https:\/\/roveyayinevi.com.tr\/index.php\/wp-json\/wp\/v2\/product"}],"about":[{"href":"https:\/\/roveyayinevi.com.tr\/index.php\/wp-json\/wp\/v2\/types\/product"}],"wp:attachment":[{"href":"https:\/\/roveyayinevi.com.tr\/index.php\/wp-json\/wp\/v2\/media?parent=769542"}],"wp:term":[{"taxonomy":"product_brand","embeddable":true,"href":"https:\/\/roveyayinevi.com.tr\/index.php\/wp-json\/wp\/v2\/product_brand?post=769542"},{"taxonomy":"product_cat","embeddable":true,"href":"https:\/\/roveyayinevi.com.tr\/index.php\/wp-json\/wp\/v2\/product_cat?post=769542"},{"taxonomy":"product_tag","embeddable":true,"href":"https:\/\/roveyayinevi.com.tr\/index.php\/wp-json\/wp\/v2\/product_tag?post=769542"}],"curies":[{"name":"wp","href":"https:\/\/api.w.org\/{rel}","templated":true}]}}