{"id":769541,"date":"2025-08-28T13:58:13","date_gmt":"2025-08-28T10:58:13","guid":{"rendered":"https:\/\/roveyayinevi.com.tr\/index.php\/urun\/kayip-araniyor-5\/"},"modified":"2026-04-15T03:35:44","modified_gmt":"2026-04-15T00:35:44","slug":"kayip-araniyor-5","status":"publish","type":"product","link":"https:\/\/roveyayinevi.com.tr\/index.php\/urun\/kayip-araniyor-5\/","title":{"rendered":"Kay\u0131p Aran\u0131yor"},"content":{"rendered":"<p>\u201cNevin bu karar\u0131 ald\u0131ktan sonra art\u0131k bu meseleyi d\u00fc\u015f\u00fcnmedi. \u015eimdi kendisini sahiden h\u00fcr hissediyordu. Gazeteyle vazifesini bitirmi\u015fti. \u00d6zdemir\u2019le ilgisini kesmi\u015fti. Bu ak\u015fam b\u00fcsb\u00fct\u00fcn kesecekti. Ankara\u2019y\u0131, stepin ortas\u0131ndaki bir Avrupa k\u00fc\u00e7\u00fck \u015fehrine benzeyen bu g\u00fczel \u015fehri b\u0131rakacakt\u0131. Birdenbire Ankara ona pek sevimli, pek cici geldi. Sanki onu cebine alm\u0131\u015f gibiydi. O Avrupa\u2019da da b\u00f6yle k\u00fc\u00e7\u00fck \u015fehirlere delicesine ba\u011flan\u0131rd\u0131. Halbuki Paris\u2019ten korkard\u0131. Babas\u0131 da \u00f6yleydi. Konsolosluk etti\u011fi b\u00fcy\u00fck \u015fehirden ka\u00e7\u0131verir, kalkar, \u0130svi\u00e7re\u2019nin bir k\u00f6y\u00fcne, bir oteline gider kapan\u0131rd\u0131.\u201d <\/p>\n","protected":false},"excerpt":{"rendered":"<p>\u201cNevin bu karar\u0131 ald\u0131ktan sonra art\u0131k bu meseleyi d\u00fc\u015f\u00fcnmedi. \u015eimdi kendisini sahiden h\u00fcr hissediyordu. Gazeteyle vazifesini bitirmi\u015fti. \u00d6zdemir\u2019le ilgisini kesmi\u015fti. Bu ak\u015fam b\u00fcsb\u00fct\u00fcn kesecekti. Ankara\u2019y\u0131, stepin<span class=\"excerpt-hellip\"> [\u2026]<\/span><\/p>\n","protected":false},"featured_media":0,"template":"","meta":{"_monsterinsights_skip_tracking":false,"_monsterinsights_sitenote_active":false,"_monsterinsights_sitenote_note":"","_monsterinsights_sitenote_category":0},"product_brand":[],"product_cat":[12291,12711],"product_tag":[],"class_list":{"0":"post-769541","1":"product","2":"type-product","3":"status-publish","5":"product_cat-edebiyat","6":"product_cat-roman-oyku","7":"pa_cilt-ciltsiz","8":"pa_tur-kitap","9":"pa_yayinevi-kirmizi-kedi-yayinevi","10":"pa_yazar-sait-faik-abasiyanik","12":"first","13":"instock","14":"sale","15":"shipping-taxable","16":"purchasable","17":"product-type-simple"},"_links":{"self":[{"href":"https:\/\/roveyayinevi.com.tr\/index.php\/wp-json\/wp\/v2\/product\/769541","targetHints":{"allow":["GET"]}}],"collection":[{"href":"https:\/\/roveyayinevi.com.tr\/index.php\/wp-json\/wp\/v2\/product"}],"about":[{"href":"https:\/\/roveyayinevi.com.tr\/index.php\/wp-json\/wp\/v2\/types\/product"}],"wp:attachment":[{"href":"https:\/\/roveyayinevi.com.tr\/index.php\/wp-json\/wp\/v2\/media?parent=769541"}],"wp:term":[{"taxonomy":"product_brand","embeddable":true,"href":"https:\/\/roveyayinevi.com.tr\/index.php\/wp-json\/wp\/v2\/product_brand?post=769541"},{"taxonomy":"product_cat","embeddable":true,"href":"https:\/\/roveyayinevi.com.tr\/index.php\/wp-json\/wp\/v2\/product_cat?post=769541"},{"taxonomy":"product_tag","embeddable":true,"href":"https:\/\/roveyayinevi.com.tr\/index.php\/wp-json\/wp\/v2\/product_tag?post=769541"}],"curies":[{"name":"wp","href":"https:\/\/api.w.org\/{rel}","templated":true}]}}