{"id":769535,"date":"2025-08-28T13:58:02","date_gmt":"2025-08-28T10:58:02","guid":{"rendered":"https:\/\/roveyayinevi.com.tr\/index.php\/urun\/franzanin-kitabi\/"},"modified":"2026-04-15T03:35:44","modified_gmt":"2026-04-15T00:35:44","slug":"franzanin-kitabi","status":"publish","type":"product","link":"https:\/\/roveyayinevi.com.tr\/index.php\/urun\/franzanin-kitabi\/","title":{"rendered":"Franza\u2019n\u0131n Kitab\u0131"},"content":{"rendered":"<p>Viyanal\u0131 tan\u0131nm\u0131\u015f psikiyatr Leopold Jordan e\u015fi Franza\u2019y\u0131 ruhsal ve bedensel anlamda \u00f6rselemi\u015ftir. Peki Franza hangi nedenlerle b\u00f6ylesine \u00f6rselenmi\u015ftir ve onu ger\u00e7ekte tahribata u\u011fratan \u015fey nedir?   lngeborg Bachmann\u2019\u0131n \u2018\u2019\u00d6l\u00fcm T\u00fcrleri\u2019\u2019 ba\u015fl\u0131\u011f\u0131 alt\u0131nda kurgulad\u0131\u011f\u0131 roman dizisinde Malina ve Fanny Goldmann \u0130\u00e7in A\u011f\u0131t ile birlikte -bu dizide tamamlayabildi\u011fi tek kitab\u0131 Malina\u2019d\u0131r- yer alan Franza\u2019n\u0131n Kitab\u0131 Almancada ilk kez 1979\u2019da Franza Vakas\u0131 ad\u0131yla yay\u0131mlanm\u0131\u015ft\u0131r. Temelde 60\u2019l\u0131 y\u0131llar\u0131n ortalar\u0131nda ya\u015fanan gizli toplumsal y\u0131k\u0131c\u0131l\u0131\u011fa ili\u015fkin deneyimleri ele alan romandaki olaylar gen\u00e7 bir jeolog olan, Franza\u2019n\u0131n erkek karde\u015fi Martin\u2019in bak\u0131\u015f a\u00e7\u0131s\u0131yla anlat\u0131l\u0131r. Gen\u00e7 jeolog, k\u0131z karde\u015finin \u201cbir hastal\u0131k boyunca yapt\u0131\u011f\u0131 yolculu\u011fun\u201d \u00e7a\u011f\u0131n hastal\u0131\u011f\u0131n\u0131n i\u00e7inden ge\u00e7ti\u011fini kavramay\u0131 \u00f6\u011frenmeye ba\u015flar.   Bachmann Dil\u2019e ba\u015fvurma gelene\u011fini s\u00fcrd\u00fcrd\u00fc\u011f\u00fc Franza\u2019n\u0131n Kitab\u0131 ile; toplumda yuvalanan, buna kar\u015f\u0131n hi\u00e7bir hukuk sisteminin cezaland\u0131rmad\u0131\u011f\u0131 toplumsal erk ve ahlaki su\u00e7 olgular\u0131n\u0131 ac\u0131mas\u0131zca aktaran ve \u201c\u00f6l\u00fcmc\u00fcl sonu\u00e7lar\u0131 olan\u201d bir \u00f6yk\u00fc kaleme al\u0131rken, \u00f6d\u00fcns\u00fcz bir hesapla\u015fmaya giri\u015fiyor.   Sava\u015f sonras\u0131 Almanca kad\u0131n yaz\u0131n\u0131n\u0131n \u00f6nc\u00fc ismi Ingeborg Bachmann\u2019a g\u00f6re: Toplum en b\u00fcy\u00fck cinayet mahallidir.   M\u0131s\u0131r\u2019da ac\u0131 \u00e7ekerken, esrar i\u00e7erken, \u00f6lme s\u00fcrecine ili\u015fkin, beyaz (bilim) insan(\u0131n)\u0131n hatta genel olarak bir Avrupal\u0131\u2019n\u0131n rasyonel tabiat\u0131ndan deh\u015fet verici bir kehanetle vazge\u00e7i\u015fi esnas\u0131nda ya\u015fad\u0131\u011f\u0131 deneyimler ve cehennemler: onun bu denli radikal konu\u015ftu\u011funa hi\u00e7 tan\u0131kl\u0131k etmemi\u015ftik. (&#8230;) \u00d6lmek \u201ceksitus\u201d olarak; hastal\u0131k sonucu ortaya \u00e7\u0131kan koma ve \u00f6l\u00fcm olarak de\u011fil, aksine yanl\u0131\u015f ba\u015flayan ve yanl\u0131\u015f s\u00fcregelen bir varolu\u015fun sonucu olarak betimlenir.                                                                              Joachim Kaiser <\/p>\n","protected":false},"excerpt":{"rendered":"<p>Viyanal\u0131 tan\u0131nm\u0131\u015f psikiyatr Leopold Jordan e\u015fi Franza\u2019y\u0131 ruhsal ve bedensel anlamda \u00f6rselemi\u015ftir. Peki Franza hangi nedenlerle b\u00f6ylesine \u00f6rselenmi\u015ftir ve onu ger\u00e7ekte tahribata u\u011fratan \u015fey nedir? lngeborg<span class=\"excerpt-hellip\"> [\u2026]<\/span><\/p>\n","protected":false},"featured_media":0,"template":"","meta":{"_monsterinsights_skip_tracking":false,"_monsterinsights_sitenote_active":false,"_monsterinsights_sitenote_note":"","_monsterinsights_sitenote_category":0},"product_brand":[],"product_cat":[12291,12711],"product_tag":[],"class_list":{"0":"post-769535","1":"product","2":"type-product","3":"status-publish","5":"product_cat-edebiyat","6":"product_cat-roman-oyku","7":"pa_cilt-ciltsiz","8":"pa_tur-kitap","9":"pa_yayinevi-yapi-kredi-yayinlari","10":"pa_yazar-ingeborg-bachmann","12":"first","13":"instock","14":"sale","15":"shipping-taxable","16":"purchasable","17":"product-type-simple"},"_links":{"self":[{"href":"https:\/\/roveyayinevi.com.tr\/index.php\/wp-json\/wp\/v2\/product\/769535","targetHints":{"allow":["GET"]}}],"collection":[{"href":"https:\/\/roveyayinevi.com.tr\/index.php\/wp-json\/wp\/v2\/product"}],"about":[{"href":"https:\/\/roveyayinevi.com.tr\/index.php\/wp-json\/wp\/v2\/types\/product"}],"wp:attachment":[{"href":"https:\/\/roveyayinevi.com.tr\/index.php\/wp-json\/wp\/v2\/media?parent=769535"}],"wp:term":[{"taxonomy":"product_brand","embeddable":true,"href":"https:\/\/roveyayinevi.com.tr\/index.php\/wp-json\/wp\/v2\/product_brand?post=769535"},{"taxonomy":"product_cat","embeddable":true,"href":"https:\/\/roveyayinevi.com.tr\/index.php\/wp-json\/wp\/v2\/product_cat?post=769535"},{"taxonomy":"product_tag","embeddable":true,"href":"https:\/\/roveyayinevi.com.tr\/index.php\/wp-json\/wp\/v2\/product_tag?post=769535"}],"curies":[{"name":"wp","href":"https:\/\/api.w.org\/{rel}","templated":true}]}}