{"id":769534,"date":"2025-08-28T13:58:00","date_gmt":"2025-08-28T10:58:00","guid":{"rendered":"https:\/\/roveyayinevi.com.tr\/index.php\/urun\/korlemesine\/"},"modified":"2026-04-15T03:35:44","modified_gmt":"2026-04-15T00:35:44","slug":"korlemesine","status":"publish","type":"product","link":"https:\/\/roveyayinevi.com.tr\/index.php\/urun\/korlemesine\/","title":{"rendered":"K\u00f6rlemesine"},"content":{"rendered":"<p>Avrupa edebiyat\u0131n\u0131n en etkileyici kalemlerinden \u0130talyan yazar Claudio Magris\u2019ten mitlerle yo\u011frulmu\u015f politik bir roman: K\u00f6rlemesine.   Bellek yitimine u\u011fram\u0131\u015f Yugoslavya Kom\u00fcnist Parti \u00fcyesi Tore ya da Danimarkal\u0131 denizci Jorgen Jorgensen ak\u0131l hastanesindeki doktor taraf\u0131ndan sorgulan\u0131rken y\u00fczy\u0131ll\u0131k mahk\u00fbmiyetini, maruz kald\u0131\u011f\u0131 i\u015fkenceleri, kat\u0131ld\u0131\u011f\u0131 sava\u015flar\u0131, i\u015fledi\u011fi g\u00fcnahlar\u0131 anlat\u0131yor. \u0130spanya \u0130\u00e7 Sava\u015f\u0131, toplama kamplar\u0131, \u0130zlanda limanlar\u0131, Tazmanya yerlilerinin katledili\u015fi ve haf\u0131zan\u0131n derinliklerinde unutulmu\u015f pek \u00e7ok ba\u015fka olay&#8230;   K\u00f6rlemesine, \u00fclke s\u0131n\u0131rlar\u0131 kadar kimliklerin de mu\u011flak oldu\u011funu savunan Magris\u2019in kaleminden s\u00f6m\u00fcrgecilik ile totaliter rejimler aras\u0131nda s\u0131k\u0131\u015f\u0131p kalm\u0131\u015f Avrupa tarihinin karanl\u0131k sayfalar\u0131na dair \u00e7arp\u0131c\u0131 bir monolog. <\/p>\n","protected":false},"excerpt":{"rendered":"<p>Avrupa edebiyat\u0131n\u0131n en etkileyici kalemlerinden \u0130talyan yazar Claudio Magris\u2019ten mitlerle yo\u011frulmu\u015f politik bir roman: K\u00f6rlemesine. Bellek yitimine u\u011fram\u0131\u015f Yugoslavya Kom\u00fcnist Parti \u00fcyesi Tore ya da Danimarkal\u0131<span class=\"excerpt-hellip\"> [\u2026]<\/span><\/p>\n","protected":false},"featured_media":0,"template":"","meta":{"_monsterinsights_skip_tracking":false,"_monsterinsights_sitenote_active":false,"_monsterinsights_sitenote_note":"","_monsterinsights_sitenote_category":0},"product_brand":[],"product_cat":[12291,12711],"product_tag":[],"class_list":{"0":"post-769534","1":"product","2":"type-product","3":"status-publish","5":"product_cat-edebiyat","6":"product_cat-roman-oyku","7":"pa_cilt-ciltsiz","8":"pa_tur-kitap","9":"pa_yayinevi-yapi-kredi-yayinlari","10":"pa_yazar-claudio-magris","12":"first","13":"instock","14":"sale","15":"shipping-taxable","16":"purchasable","17":"product-type-simple"},"_links":{"self":[{"href":"https:\/\/roveyayinevi.com.tr\/index.php\/wp-json\/wp\/v2\/product\/769534","targetHints":{"allow":["GET"]}}],"collection":[{"href":"https:\/\/roveyayinevi.com.tr\/index.php\/wp-json\/wp\/v2\/product"}],"about":[{"href":"https:\/\/roveyayinevi.com.tr\/index.php\/wp-json\/wp\/v2\/types\/product"}],"wp:attachment":[{"href":"https:\/\/roveyayinevi.com.tr\/index.php\/wp-json\/wp\/v2\/media?parent=769534"}],"wp:term":[{"taxonomy":"product_brand","embeddable":true,"href":"https:\/\/roveyayinevi.com.tr\/index.php\/wp-json\/wp\/v2\/product_brand?post=769534"},{"taxonomy":"product_cat","embeddable":true,"href":"https:\/\/roveyayinevi.com.tr\/index.php\/wp-json\/wp\/v2\/product_cat?post=769534"},{"taxonomy":"product_tag","embeddable":true,"href":"https:\/\/roveyayinevi.com.tr\/index.php\/wp-json\/wp\/v2\/product_tag?post=769534"}],"curies":[{"name":"wp","href":"https:\/\/api.w.org\/{rel}","templated":true}]}}