{"id":769530,"date":"2025-08-28T13:57:52","date_gmt":"2025-08-28T10:57:52","guid":{"rendered":"https:\/\/roveyayinevi.com.tr\/index.php\/urun\/gecmisin-melodisi\/"},"modified":"2026-04-15T03:35:44","modified_gmt":"2026-04-15T00:35:44","slug":"gecmisin-melodisi","status":"publish","type":"product","link":"https:\/\/roveyayinevi.com.tr\/index.php\/urun\/gecmisin-melodisi\/","title":{"rendered":"Ge\u00e7mi\u015fin Melodisi"},"content":{"rendered":"<p>Ne kadar \u00e7ok insan severseniz, o kadar \u00e7ok vedaya katlanmak zorunda kal\u0131rs\u0131n\u0131z. Maine, 1969. Anne ve babas\u0131n\u0131 bir trafik kazas\u0131nda kaybeden ressam Annalisa Mancuso s\u0131k\u0131c\u0131 bir fabrika kasabas\u0131 olan Payton Mills\u2019de b\u00fcy\u00fckannesi ve geni\u015f \u0130talyan ailesiyle birlikte ya\u015famaktad\u0131r. Sanat alan\u0131ndaki hayallerine evlili\u011fi sebebiyle veda eden annesinden ilham alan Annalisa, kendini resim yapmaya adam\u0131\u015ft\u0131r. A\u015fka inanmayan ve ge\u00e7mi\u015finin hayal k\u0131r\u0131kl\u0131klar\u0131ndan kurtulmaya \u00e7al\u0131\u015fan Annalisa\u2019n\u0131n tek iste\u011fi sanat\u00e7\u0131 kimli\u011fini bulmakt\u0131r. \u0130lk ad\u0131m k\u00fc\u00e7\u00fck kasabas\u0131ndan ve temsil etti\u011fi her \u015feyden uzakla\u015fmak, daha sonra da Portland \u015fehrindeki ilham kaynaklar\u0131n\u0131 ve geli\u015fen New England sanat d\u00fcnyas\u0131n\u0131 ke\u015ffetmektir. Ancak Annalisa&#8217;n\u0131n hayat\u0131, Ivy League \u00f6\u011frencisi Thomas\u2019la tan\u0131\u015ft\u0131\u011f\u0131nda bamba\u015fka bir y\u00f6ne ilerler. \u0130li\u015fkileri ilerledik\u00e7e Annalisa&#8217;n\u0131n hayalleriyle beklenmedik a\u015fk\u0131 kar\u015f\u0131 kar\u015f\u0131ya gelecek ve bir yalan herkesin hayat\u0131n\u0131 sonsuza kadar de\u011fi\u015ftirecektir. \u00c7oksatan yazar Boo Walker&#8217;dan ge\u00e7mi\u015fin hatalar\u0131n\u0131 affedebilmek ve ikinci \u015fanslar\u0131 kucaklamak \u00fczerine ilham verici bir hik\u00e2ye&#8230;***Kitapla \u0130lgili Yorumlar \u201cK\u00f6klerinizden kopmadan pe\u015finden gitti\u011finiz hayallere dair i\u00e7ten ve derin bir hik\u00e2ye&#8230; Boo Walker&#8217;\u0131n ustal\u0131kl\u0131 hik\u00e2ye anlat\u0131m\u0131 ve inan\u0131lmaz derin karakterleri beni benden ald\u0131.\u201d -Suzanne Redfearn, Amazon \u00e7oksatan yazar\u0131 \u201cK\u00fc\u00e7\u00fck kasaba Maine&#8217;i arkaplan\u0131na alan Ge\u00e7mi\u015fin Melodisi, a\u015fk, sanat tutkusu ve ikinci \u015fanslara dair moral verici bir hik\u00e2ye. Bu kitap sizi g\u00f6zya\u015flar\u0131na bo\u011farken kalbinizde de bir \u0131\u015f\u0131k yakacak.\u201d -Eoin Dempsey, \u00e7oksatan yazar<\/p>\n","protected":false},"excerpt":{"rendered":"<p>Ne kadar \u00e7ok insan severseniz, o kadar \u00e7ok vedaya katlanmak zorunda kal\u0131rs\u0131n\u0131z. Maine, 1969. Anne ve babas\u0131n\u0131 bir trafik kazas\u0131nda kaybeden ressam Annalisa Mancuso s\u0131k\u0131c\u0131 bir<span class=\"excerpt-hellip\"> [\u2026]<\/span><\/p>\n","protected":false},"featured_media":0,"template":"","meta":{"_monsterinsights_skip_tracking":false,"_monsterinsights_sitenote_active":false,"_monsterinsights_sitenote_note":"","_monsterinsights_sitenote_category":0},"product_brand":[],"product_cat":[12291,12711],"product_tag":[],"class_list":{"0":"post-769530","1":"product","2":"type-product","3":"status-publish","5":"product_cat-edebiyat","6":"product_cat-roman-oyku","7":"pa_cilt-ciltsiz","8":"pa_tur-kitap","9":"pa_yayinevi-arkadya-yayinlari","10":"pa_yazar-boo-walker","12":"first","13":"instock","14":"sale","15":"shipping-taxable","16":"purchasable","17":"product-type-simple"},"_links":{"self":[{"href":"https:\/\/roveyayinevi.com.tr\/index.php\/wp-json\/wp\/v2\/product\/769530","targetHints":{"allow":["GET"]}}],"collection":[{"href":"https:\/\/roveyayinevi.com.tr\/index.php\/wp-json\/wp\/v2\/product"}],"about":[{"href":"https:\/\/roveyayinevi.com.tr\/index.php\/wp-json\/wp\/v2\/types\/product"}],"wp:attachment":[{"href":"https:\/\/roveyayinevi.com.tr\/index.php\/wp-json\/wp\/v2\/media?parent=769530"}],"wp:term":[{"taxonomy":"product_brand","embeddable":true,"href":"https:\/\/roveyayinevi.com.tr\/index.php\/wp-json\/wp\/v2\/product_brand?post=769530"},{"taxonomy":"product_cat","embeddable":true,"href":"https:\/\/roveyayinevi.com.tr\/index.php\/wp-json\/wp\/v2\/product_cat?post=769530"},{"taxonomy":"product_tag","embeddable":true,"href":"https:\/\/roveyayinevi.com.tr\/index.php\/wp-json\/wp\/v2\/product_tag?post=769530"}],"curies":[{"name":"wp","href":"https:\/\/api.w.org\/{rel}","templated":true}]}}