{"id":769529,"date":"2025-08-28T13:57:50","date_gmt":"2025-08-28T10:57:50","guid":{"rendered":"https:\/\/roveyayinevi.com.tr\/index.php\/urun\/antik-mimarlik\/"},"modified":"2026-04-15T03:35:44","modified_gmt":"2026-04-15T00:35:44","slug":"antik-mimarlik","status":"publish","type":"product","link":"https:\/\/roveyayinevi.com.tr\/index.php\/urun\/antik-mimarlik\/","title":{"rendered":"Antik Mimarl\u0131k"},"content":{"rendered":"<p>Antik Mimarl\u0131k: \u0130ktidar ve \u0130leti\u015fim ba\u015fl\u0131kl\u0131 bu \u00e7al\u0131\u015fmada \u00f6zellikle Antik Mimari\u2019deki ileti\u015fim odakl\u0131 g\u00f6stergeleri incelemeye \u00e7al\u0131\u015f\u0131yorum. Bu kitab\u0131n amac\u0131 yap\u0131lar\u0131n i\u00e7erdikleri anlamlar\u0131 yeniden tart\u0131\u015fmak de\u011fildir. Amac\u0131m \u0130ktidar ve \u0130leti\u015fim ba\u011flam\u0131nda Antik Mimari\u2019de g\u00f6stergeler arac\u0131l\u0131\u011f\u0131yla sunuldu\u011funu d\u00fc\u015f\u00fcnd\u00fc\u011f\u00fcm her bir \u00f6\u011fenin bir sistem d\u00e2hilinde kategorize ederek anlamlara bir model sunmakt\u0131r. Bu ama\u00e7la bir anlamlama bilimi olan G\u00f6stergebilim\u2019den faydalan\u0131yorum. G\u00f6ster- gebilim, \u00e7a\u011fda\u015f mimarl\u0131\u011f\u0131n i\u015faretlerini anlama hususunda s\u0131kl\u0131kla kullan\u0131lmaktad\u0131r. Buna kar\u015f\u0131n Arkeoloji biliminin ilgi alan\u0131na giren Antik Mimarl\u0131k \u00e7al\u0131\u015fmalar\u0131nda G\u00f6stergebilim g\u00f6z ard\u0131 edilmi\u015f veya yeterince dikkate al\u0131nmam\u0131\u015ft\u0131r. G\u00f6stergebilim\u2019in ana unsuru, anlamlama dizgeleri sunmakt\u0131r. Bu \u00e7al\u0131\u015fma arac\u0131l\u0131\u011f\u0131yla ilk kez G\u00f6stergebilim ile Antik Mimari\u2019deki \u0130ktidar ve \u0130leti\u015fim ili\u015fkisi, bir anlamlama dizgesi sunularak a\u00e7\u0131klanmaktad\u0131r. <\/p>\n","protected":false},"excerpt":{"rendered":"<p>Antik Mimarl\u0131k: \u0130ktidar ve \u0130leti\u015fim ba\u015fl\u0131kl\u0131 bu \u00e7al\u0131\u015fmada \u00f6zellikle Antik Mimari\u2019deki ileti\u015fim odakl\u0131 g\u00f6stergeleri incelemeye \u00e7al\u0131\u015f\u0131yorum. Bu kitab\u0131n amac\u0131 yap\u0131lar\u0131n i\u00e7erdikleri anlamlar\u0131 yeniden tart\u0131\u015fmak de\u011fildir. Amac\u0131m<span class=\"excerpt-hellip\"> [\u2026]<\/span><\/p>\n","protected":false},"featured_media":0,"template":"","meta":{"_monsterinsights_skip_tracking":false,"_monsterinsights_sitenote_active":false,"_monsterinsights_sitenote_note":"","_monsterinsights_sitenote_category":0},"product_brand":[],"product_cat":[52477,52478],"product_tag":[],"class_list":{"0":"post-769529","1":"product","2":"type-product","3":"status-publish","5":"product_cat-arastirma","6":"product_cat-arkeoloji","7":"pa_cilt-ciltsiz","8":"pa_tur-kitap","9":"pa_yayinevi-bilgin-kultur-sanat","10":"pa_yazar-deniz-kaplan","12":"first","13":"instock","14":"sale","15":"shipping-taxable","16":"purchasable","17":"product-type-simple"},"_links":{"self":[{"href":"https:\/\/roveyayinevi.com.tr\/index.php\/wp-json\/wp\/v2\/product\/769529","targetHints":{"allow":["GET"]}}],"collection":[{"href":"https:\/\/roveyayinevi.com.tr\/index.php\/wp-json\/wp\/v2\/product"}],"about":[{"href":"https:\/\/roveyayinevi.com.tr\/index.php\/wp-json\/wp\/v2\/types\/product"}],"wp:attachment":[{"href":"https:\/\/roveyayinevi.com.tr\/index.php\/wp-json\/wp\/v2\/media?parent=769529"}],"wp:term":[{"taxonomy":"product_brand","embeddable":true,"href":"https:\/\/roveyayinevi.com.tr\/index.php\/wp-json\/wp\/v2\/product_brand?post=769529"},{"taxonomy":"product_cat","embeddable":true,"href":"https:\/\/roveyayinevi.com.tr\/index.php\/wp-json\/wp\/v2\/product_cat?post=769529"},{"taxonomy":"product_tag","embeddable":true,"href":"https:\/\/roveyayinevi.com.tr\/index.php\/wp-json\/wp\/v2\/product_tag?post=769529"}],"curies":[{"name":"wp","href":"https:\/\/api.w.org\/{rel}","templated":true}]}}