{"id":769526,"date":"2025-08-28T13:57:46","date_gmt":"2025-08-28T10:57:46","guid":{"rendered":"https:\/\/roveyayinevi.com.tr\/index.php\/urun\/korkutarak-degil-sevdirerek-din-egitimi\/"},"modified":"2026-04-15T03:35:44","modified_gmt":"2026-04-15T00:35:44","slug":"korkutarak-degil-sevdirerek-din-egitimi","status":"publish","type":"product","link":"https:\/\/roveyayinevi.com.tr\/index.php\/urun\/korkutarak-degil-sevdirerek-din-egitimi\/","title":{"rendered":"Korkutarak De\u011fil Sevdirerek Din E\u011fitimi"},"content":{"rendered":"<p>E\u011fer biz namaz vakitlerini de\u011fil de dizi saatlerini d\u00f6rt g\u00f6zle bekliyorsak&#8230; E\u011fer Peygamber\u2019in (s.a.v.) \u00e7ocuklara ka\u015flar\u0131n\u0131 bile \u00e7atmad\u0131\u011f\u0131n\u0131 biliyor ama bir yandan \u00e7ocu\u011fumuzu d\u00f6v\u00fcyor ve ona s\u00f6v\u00fcyorsak&#8230; E\u011fer oru\u00e7 tuttu\u011fumuzda h\u0131r\u00e7\u0131n, k\u0131zg\u0131n, tahamm\u00fcls\u00fcz oluyor ve \u00e7ocu\u011fumuza \u201cZaten oru\u00e7luyum&#8230;\u201d diye ba\u015flayan c\u00fcmleler kuruyorsak&#8230; E\u011fer \u00e7ocu\u011fun oyununu b\u00f6lmemek i\u00e7in secdelerini uzatan Nebi\u2019ye (s.a.v.) ra\u011fmen namazda \u00f6n\u00fcm\u00fczden ge\u00e7ti diye \u00e7ocu\u011fumuzu azarl\u0131yorsak&#8230; E\u011fer Hz. \u00d6mer\u2019in adaletini anlat\u0131rken iki karde\u015f aras\u0131nda adil olmay\u0131 ba\u015faram\u0131yorsak&#8230; E\u011fer Hz. Osman\u2019\u0131n hay\u00e2s\u0131ndan bahsediyor ama ahlaka ayk\u0131r\u0131 g\u00f6r\u00fcnt\u00fcleri televizyonla evimize davet ediyorsak&#8230; E\u011fer Hz. Ali\u2019nin ilminden \u00f6vg\u00fcyle bahsedip en son ne zaman kitap okudu\u011fumuzu bile hat\u0131rlam\u0131yorsak&#8230; E\u011fer hatim \u00fcst\u00fcne hatim yapmam\u0131za ra\u011fmen Kur\u2019an\u2019\u0131 anlamak ve ya\u015famak i\u00e7in hi\u00e7 gayret sarf etmiyorsak&#8230; E\u011fer \u00e7ocuklar\u0131 camiden kovuyor, gerek\u00e7e olarak da \u00e7ocukluk \u015fak\u0131malar\u0131n\u0131 g\u00f6steriyorsak\u2026 O zaman bir yerlerde yanl\u0131\u015f yap\u0131yoruz demektir. Hatice K\u00fcbra Tongar, \u00e7ocuklar\u0131m\u0131za nas\u0131l bir anlay\u0131\u015fla, ne zaman, hangi y\u00f6ntemlerle, zorlamadan, sevdirerek ve oyunlar oynayarak nas\u0131l bir din e\u011fitimi verece\u011fimizi ad\u0131m ad\u0131m anlat\u0131yor. <\/p>\n","protected":false},"excerpt":{"rendered":"<p>E\u011fer biz namaz vakitlerini de\u011fil de dizi saatlerini d\u00f6rt g\u00f6zle bekliyorsak&#8230; E\u011fer Peygamber\u2019in (s.a.v.) \u00e7ocuklara ka\u015flar\u0131n\u0131 bile \u00e7atmad\u0131\u011f\u0131n\u0131 biliyor ama bir yandan \u00e7ocu\u011fumuzu d\u00f6v\u00fcyor ve ona<span class=\"excerpt-hellip\"> [\u2026]<\/span><\/p>\n","protected":false},"featured_media":0,"template":"","meta":{"_monsterinsights_skip_tracking":false,"_monsterinsights_sitenote_active":false,"_monsterinsights_sitenote_note":"","_monsterinsights_sitenote_category":0},"product_brand":[],"product_cat":[12357],"product_tag":[],"class_list":{"0":"post-769526","1":"product","2":"type-product","3":"status-publish","5":"product_cat-psikoloji","6":"pa_cilt-ciltsiz","7":"pa_tur-kitap","8":"pa_yayinevi-aile-yayinlari","9":"pa_yazar-hatice-kubra-tongar","11":"first","12":"instock","13":"sale","14":"shipping-taxable","15":"purchasable","16":"product-type-simple"},"_links":{"self":[{"href":"https:\/\/roveyayinevi.com.tr\/index.php\/wp-json\/wp\/v2\/product\/769526","targetHints":{"allow":["GET"]}}],"collection":[{"href":"https:\/\/roveyayinevi.com.tr\/index.php\/wp-json\/wp\/v2\/product"}],"about":[{"href":"https:\/\/roveyayinevi.com.tr\/index.php\/wp-json\/wp\/v2\/types\/product"}],"wp:attachment":[{"href":"https:\/\/roveyayinevi.com.tr\/index.php\/wp-json\/wp\/v2\/media?parent=769526"}],"wp:term":[{"taxonomy":"product_brand","embeddable":true,"href":"https:\/\/roveyayinevi.com.tr\/index.php\/wp-json\/wp\/v2\/product_brand?post=769526"},{"taxonomy":"product_cat","embeddable":true,"href":"https:\/\/roveyayinevi.com.tr\/index.php\/wp-json\/wp\/v2\/product_cat?post=769526"},{"taxonomy":"product_tag","embeddable":true,"href":"https:\/\/roveyayinevi.com.tr\/index.php\/wp-json\/wp\/v2\/product_tag?post=769526"}],"curies":[{"name":"wp","href":"https:\/\/api.w.org\/{rel}","templated":true}]}}