{"id":769525,"date":"2025-08-28T13:57:45","date_gmt":"2025-08-28T10:57:45","guid":{"rendered":"https:\/\/roveyayinevi.com.tr\/index.php\/urun\/heidegger-sozlugu\/"},"modified":"2026-04-15T03:35:44","modified_gmt":"2026-04-15T00:35:44","slug":"heidegger-sozlugu","status":"publish","type":"product","link":"https:\/\/roveyayinevi.com.tr\/index.php\/urun\/heidegger-sozlugu\/","title":{"rendered":"Heidegger S\u00f6zl\u00fc\u011f\u00fc"},"content":{"rendered":"<p>\u00c7a\u011fda\u015f felsefenin \u00f6ncu\u0308 isimlerinden Martin Heidegger\u2019in du\u0308\u015fu\u0308nce du\u0308nyas\u0131 kapsaml\u0131 ve etkili olmakla birlikte, kavramsal a\u00e7\u0131dan anla\u015f\u0131lmas\u0131 gu\u0308\u00e7 bir kavramsal a\u011f\u0131n yu\u0308ku\u0308nu\u0308 de beraberinde getirir. Antik Yunanca ve Latinceden \u00e7a\u011fda\u015f dillere kadar felsefe terimlerinin d\u00f6nu\u0308\u015fu\u0308mleriyle yak\u0131ndan ilgilenen Heidegger, \u00f6\u011frencilerinden ve okurlar\u0131ndan dilin ku\u0308ltu\u0308rdeki katmanl\u0131 yap\u0131s\u0131n\u0131 yak\u0131ndan tan\u0131mas\u0131n\u0131 bekler. Bu ku\u0308ltu\u0308re getirdi\u011fi yeni solu\u011fun da fark\u0131nda olan Heidegger, kendi kavramlar\u0131n\u0131 ve s\u00f6zcu\u0308klerini tu\u0308retirken bir yandan kurallar\u0131 bozmaya bir yandan da yeni kurallar icat etmeye \u00e7al\u0131\u015f\u0131r. Kurallarla ilgili bu yeniden de\u011ferlendirme zorunludur, aksi takdirde \u00e7ok uzun zamand\u0131r u\u0308zeri \u00f6rtu\u0308lu\u0308 olan varl\u0131k ara\u015ft\u0131rmas\u0131 karanl\u0131kta kalmaya devam edecektir. Bu yu\u0308zden filozofun anla\u015f\u0131lmas\u0131 felsefi kavray\u0131\u015f ile birlikte belirli \u00f6l\u00e7u\u0308de mitoloji, \u015fiir, edebiyat, etimoloji, semantik gibi alanlarda da fikir sahibi olmay\u0131 gerektirir. Michael Inwood\u2019un Heidegger S\u00f6zlu\u0308\u011fu\u0308, bu yu\u0308ku\u0308n u\u0308stesinden gelebilmek isteyen okur i\u00e7in, filozofun temel kavramlar\u0131n\u0131 a\u00e7\u0131klay\u0131c\u0131 bir u\u0308slupla anlat\u0131r. Heidegger terminolojisiyle tan\u0131\u015fmak isteyenler i\u00e7in ba\u015ftan sona bir kitap gibi okunabilecek s\u00f6zlu\u0308k, ayn\u0131 zamanda Heidegger\u2019in kitaplar\u0131n\u0131 \u00e7al\u0131\u015fan uzmanlar\u0131n ba\u015fvurabilece\u011fi nitelikli bir ba\u015fvuru kayna\u011f\u0131d\u0131r. Filozofun ku\u0308lliyat\u0131na \u00e7ok say\u0131da at\u0131fta bulunan Inwood, kavramlara geni\u015f bir bak\u0131\u015f a\u00e7\u0131s\u0131 sunar. B\u00f6ylece okur, kavramlar\u0131n sadece tek bir metindeki anlam\u0131n\u0131 de\u011fil, farkl\u0131 metinlerdeki Heideggerce d\u00f6nu\u0308\u015fu\u0308mu\u0308nu\u0308 de takip edebilir. <\/p>\n","protected":false},"excerpt":{"rendered":"<p>\u00c7a\u011fda\u015f felsefenin \u00f6ncu\u0308 isimlerinden Martin Heidegger\u2019in du\u0308\u015fu\u0308nce du\u0308nyas\u0131 kapsaml\u0131 ve etkili olmakla birlikte, kavramsal a\u00e7\u0131dan anla\u015f\u0131lmas\u0131 gu\u0308\u00e7 bir kavramsal a\u011f\u0131n yu\u0308ku\u0308nu\u0308 de beraberinde getirir. Antik Yunanca<span class=\"excerpt-hellip\"> [\u2026]<\/span><\/p>\n","protected":false},"featured_media":0,"template":"","meta":{"_monsterinsights_skip_tracking":false,"_monsterinsights_sitenote_active":false,"_monsterinsights_sitenote_note":"","_monsterinsights_sitenote_category":0},"product_brand":[],"product_cat":[12388,13555],"product_tag":[],"class_list":{"0":"post-769525","1":"product","2":"type-product","3":"status-publish","5":"product_cat-felsefe","6":"product_cat-genel-felsefe","7":"pa_cilt-ciltsiz","8":"pa_tur-kitap","9":"pa_yayinevi-ayrinti-yayinlari","10":"pa_yazar-michael-inwood","12":"first","13":"instock","14":"sale","15":"shipping-taxable","16":"purchasable","17":"product-type-simple"},"_links":{"self":[{"href":"https:\/\/roveyayinevi.com.tr\/index.php\/wp-json\/wp\/v2\/product\/769525","targetHints":{"allow":["GET"]}}],"collection":[{"href":"https:\/\/roveyayinevi.com.tr\/index.php\/wp-json\/wp\/v2\/product"}],"about":[{"href":"https:\/\/roveyayinevi.com.tr\/index.php\/wp-json\/wp\/v2\/types\/product"}],"wp:attachment":[{"href":"https:\/\/roveyayinevi.com.tr\/index.php\/wp-json\/wp\/v2\/media?parent=769525"}],"wp:term":[{"taxonomy":"product_brand","embeddable":true,"href":"https:\/\/roveyayinevi.com.tr\/index.php\/wp-json\/wp\/v2\/product_brand?post=769525"},{"taxonomy":"product_cat","embeddable":true,"href":"https:\/\/roveyayinevi.com.tr\/index.php\/wp-json\/wp\/v2\/product_cat?post=769525"},{"taxonomy":"product_tag","embeddable":true,"href":"https:\/\/roveyayinevi.com.tr\/index.php\/wp-json\/wp\/v2\/product_tag?post=769525"}],"curies":[{"name":"wp","href":"https:\/\/api.w.org\/{rel}","templated":true}]}}