{"id":769524,"date":"2025-08-28T13:57:43","date_gmt":"2025-08-28T10:57:43","guid":{"rendered":"https:\/\/roveyayinevi.com.tr\/index.php\/urun\/freud-ve-psikanaliz-alti-giris-dersi\/"},"modified":"2026-04-15T03:35:44","modified_gmt":"2026-04-15T00:35:44","slug":"freud-ve-psikanaliz-alti-giris-dersi","status":"publish","type":"product","link":"https:\/\/roveyayinevi.com.tr\/index.php\/urun\/freud-ve-psikanaliz-alti-giris-dersi\/","title":{"rendered":"Freud ve Psikanaliz Alt\u0131 Giri\u015f Dersi"},"content":{"rendered":"<p>John Forrester\u2019\u0131n Freud ve psikanalizle olan tutkulu ve derinlemesine ili\u015fkisi efsane niteli\u011finde. Bu eserde sunulan, Cambridge \u00dcniversitesi\u2019nde \u00f6\u011frencilerine verdi\u011fi alt\u0131 giri\u015f dersinde, Freud\u2019un du\u0308\u015fu\u0308ncelerinin evrimini ve ke\u015fiflerinin do\u011fas\u0131n\u0131 keskin bir odak noktas\u0131 haline getiriyor. Forrester, bir tarih\u00e7i g\u00f6zu\u0308yle Freud\u2019un biyografisini, bilimsel a\u015famalar\u0131, bizzat bu alan\u0131n radikal konular\u0131n\u0131 \u2013seks, ru\u0308yalar, arzu, bilin\u00e7d\u0131\u015f\u0131, \u00e7ocukluk, dil\u2013 ve Freud\u2019un yeni bir klinik uygulama geli\u015ftirmesini inceliyor.   Forrester ayr\u0131ca hem psikanaliz hareketinin bu\u0308yu\u0308mesini hem de zamanla ve co\u011frafya boyunca ilerlerken ne tu\u0308r bir canavar olabilece\u011fi sorusuna cevap ar\u0131yor. Psikanalitik du\u0308\u015fu\u0308ncenin ku\u0308ltu\u0308rel ve devrimci etkisini ayd\u0131nlat\u0131yor, u\u0308stelik sadece Freud\u2019un de\u011fil, hareketin geli\u015fti\u011fi bir\u00e7ok yerde onun soyundan gelenlerin de.   Freud ve Psikanaliz bizi Viyana\u2019dan Londra\u2019ya, Paris\u2019ten New York\u2019a ve Hollywood\u2019a, laboratuvardan kanepeye, kampu\u0308se, filme ve edebiyata g\u00f6tu\u0308ru\u0308yor. Merakl\u0131 okurlar\u0131 yirminci yu\u0308zy\u0131l\u0131 \u015fekillendiren bir alana ve du\u0308\u015fu\u0308nce bi\u00e7imine davet ediyor. <\/p>\n","protected":false},"excerpt":{"rendered":"<p>John Forrester\u2019\u0131n Freud ve psikanalizle olan tutkulu ve derinlemesine ili\u015fkisi efsane niteli\u011finde. Bu eserde sunulan, Cambridge \u00dcniversitesi\u2019nde \u00f6\u011frencilerine verdi\u011fi alt\u0131 giri\u015f dersinde, Freud\u2019un du\u0308\u015fu\u0308ncelerinin evrimini ve<span class=\"excerpt-hellip\"> [\u2026]<\/span><\/p>\n","protected":false},"featured_media":0,"template":"","meta":{"_monsterinsights_skip_tracking":false,"_monsterinsights_sitenote_active":false,"_monsterinsights_sitenote_note":"","_monsterinsights_sitenote_category":0},"product_brand":[],"product_cat":[12358,12357],"product_tag":[],"class_list":{"0":"post-769524","1":"product","2":"type-product","3":"status-publish","5":"product_cat-genel-psikoloji","6":"product_cat-psikoloji","7":"pa_cilt-ciltsiz","8":"pa_tur-kitap","9":"pa_yayinevi-ayrinti-yayinlari","10":"pa_yazar-john-forrester","12":"first","13":"instock","14":"sale","15":"shipping-taxable","16":"purchasable","17":"product-type-simple"},"_links":{"self":[{"href":"https:\/\/roveyayinevi.com.tr\/index.php\/wp-json\/wp\/v2\/product\/769524","targetHints":{"allow":["GET"]}}],"collection":[{"href":"https:\/\/roveyayinevi.com.tr\/index.php\/wp-json\/wp\/v2\/product"}],"about":[{"href":"https:\/\/roveyayinevi.com.tr\/index.php\/wp-json\/wp\/v2\/types\/product"}],"wp:attachment":[{"href":"https:\/\/roveyayinevi.com.tr\/index.php\/wp-json\/wp\/v2\/media?parent=769524"}],"wp:term":[{"taxonomy":"product_brand","embeddable":true,"href":"https:\/\/roveyayinevi.com.tr\/index.php\/wp-json\/wp\/v2\/product_brand?post=769524"},{"taxonomy":"product_cat","embeddable":true,"href":"https:\/\/roveyayinevi.com.tr\/index.php\/wp-json\/wp\/v2\/product_cat?post=769524"},{"taxonomy":"product_tag","embeddable":true,"href":"https:\/\/roveyayinevi.com.tr\/index.php\/wp-json\/wp\/v2\/product_tag?post=769524"}],"curies":[{"name":"wp","href":"https:\/\/api.w.org\/{rel}","templated":true}]}}