{"id":769523,"date":"2025-08-28T13:57:42","date_gmt":"2025-08-28T10:57:42","guid":{"rendered":"https:\/\/roveyayinevi.com.tr\/index.php\/urun\/feminizmin-yazgilari\/"},"modified":"2026-04-15T03:35:44","modified_gmt":"2026-04-15T00:35:44","slug":"feminizmin-yazgilari","status":"publish","type":"product","link":"https:\/\/roveyayinevi.com.tr\/index.php\/urun\/feminizmin-yazgilari\/","title":{"rendered":"Feminizmin Yazg\u0131lar\u0131"},"content":{"rendered":"<p>1970\u2019lerden bug\u00fcne feminist imgelemde ya\u015fanan de\u011fi\u015fimlerin izini s\u00fcren Feminizmin Yazg\u0131lar\u0131, \u201c\u0130kinci Dalga\u201d feminizmin kad\u0131n \u00f6zg\u00fcrl\u00fc\u011f\u00fc i\u00e7in verilen radikal bir m\u00fccadele olarak Yeni Sol\u2019un i\u00e7inden ortaya \u00e7\u0131k\u0131\u015f\u0131yla ba\u015flay\u0131p zaman i\u00e7erisinde \u00fctopyac\u0131 enerjisini yitirerek kimlik siyaseti ve neoliberalizmle hizaland\u0131\u011f\u0131 tarihsel s\u00fcreci g\u00f6zler \u00f6n\u00fcne seriyor. Vaktiyle feminist kuram\u0131n merkezinde yer alan, kapitalist toplumun do\u011fas\u0131na y\u00f6nelik ele\u015ftirelli\u011fin giderek geri plana at\u0131ld\u0131\u011f\u0131n\u0131, hegemonik yahut anaak\u0131m feminist kuram\u0131n kendisini art\u0131k k\u00fcresel kapitalist sisteme ba\u015fkald\u0131ran bir radikallikte alg\u0131lamad\u0131\u011f\u0131n\u0131, bilakis neoliberal g\u00fc\u00e7lere her ge\u00e7en g\u00fcn daha fazla  yak\u0131nsad\u0131\u011f\u0131n\u0131, hatta onlarla \u201ctehlikeli bir m\u00fcnasebet\u201de girdi\u011fini dile getiren Nancy Fraser, refah devletinin maruz kald\u0131\u011f\u0131 politik ve ideolojik sald\u0131r\u0131lara paralel bir bi\u00e7imde, ge\u00e7mi\u015fte b\u00fcy\u00fck \u00f6nem atfedilen \u0131rk ve s\u0131n\u0131f temelli meselelerin, yeniden b\u00f6l\u00fc\u015f\u00fcm, toplumsal ve ekonomik adalete ili\u015fkin taleplerin, k\u00fclt\u00fcrel farkl\u0131l\u0131klar ve kimlik siyaseti lehine marjinalle\u015ftirildi\u011fini yahut tamamen terk edildi\u011fini iddia ediyor. Fraser\u2019a g\u00f6re, feminist hareketin ba\u015flang\u0131\u00e7taki \u00f6zg\u00fcrle\u015ftirici vaadini geri kazanmas\u0131n\u0131n ve i\u00e7inde ya\u015fad\u0131\u011f\u0131m\u0131z k\u00fcresel neoliberal krizin a\u00e7mazlar\u0131na \u00e7\u00f6z\u00fcm \u00fcretebilmesinin yolu, di\u011fer \u00f6zg\u00fcrl\u00fck\u00e7\u00fc ve e\u015fitlik\u00e7i hareketlerle bir araya gelerek kontrolden \u00e7\u0131km\u0131\u015f serbest piyasa d\u00fczeninin demokratik denetime tabi tutulmas\u0131 i\u00e7in ortak bir m\u00fccadele \u00f6rg\u00fctlemesinden ge\u00e7iyor. <\/p>\n","protected":false},"excerpt":{"rendered":"<p>1970\u2019lerden bug\u00fcne feminist imgelemde ya\u015fanan de\u011fi\u015fimlerin izini s\u00fcren Feminizmin Yazg\u0131lar\u0131, \u201c\u0130kinci Dalga\u201d feminizmin kad\u0131n \u00f6zg\u00fcrl\u00fc\u011f\u00fc i\u00e7in verilen radikal bir m\u00fccadele olarak Yeni Sol\u2019un i\u00e7inden ortaya \u00e7\u0131k\u0131\u015f\u0131yla<span class=\"excerpt-hellip\"> [\u2026]<\/span><\/p>\n","protected":false},"featured_media":0,"template":"","meta":{"_monsterinsights_skip_tracking":false,"_monsterinsights_sitenote_active":false,"_monsterinsights_sitenote_note":"","_monsterinsights_sitenote_category":0},"product_brand":[],"product_cat":[13252,12324],"product_tag":[],"class_list":{"0":"post-769523","1":"product","2":"type-product","3":"status-publish","5":"product_cat-kadin-calismalari","6":"product_cat-sosyoloji","7":"pa_cilt-ciltsiz","8":"pa_tur-kitap","9":"pa_yayinevi-ayrinti-yayinlari","10":"pa_yazar-nancy-fraser","12":"first","13":"instock","14":"sale","15":"shipping-taxable","16":"purchasable","17":"product-type-simple"},"_links":{"self":[{"href":"https:\/\/roveyayinevi.com.tr\/index.php\/wp-json\/wp\/v2\/product\/769523","targetHints":{"allow":["GET"]}}],"collection":[{"href":"https:\/\/roveyayinevi.com.tr\/index.php\/wp-json\/wp\/v2\/product"}],"about":[{"href":"https:\/\/roveyayinevi.com.tr\/index.php\/wp-json\/wp\/v2\/types\/product"}],"wp:attachment":[{"href":"https:\/\/roveyayinevi.com.tr\/index.php\/wp-json\/wp\/v2\/media?parent=769523"}],"wp:term":[{"taxonomy":"product_brand","embeddable":true,"href":"https:\/\/roveyayinevi.com.tr\/index.php\/wp-json\/wp\/v2\/product_brand?post=769523"},{"taxonomy":"product_cat","embeddable":true,"href":"https:\/\/roveyayinevi.com.tr\/index.php\/wp-json\/wp\/v2\/product_cat?post=769523"},{"taxonomy":"product_tag","embeddable":true,"href":"https:\/\/roveyayinevi.com.tr\/index.php\/wp-json\/wp\/v2\/product_tag?post=769523"}],"curies":[{"name":"wp","href":"https:\/\/api.w.org\/{rel}","templated":true}]}}