{"id":769522,"date":"2025-08-28T13:57:41","date_gmt":"2025-08-28T10:57:41","guid":{"rendered":"https:\/\/roveyayinevi.com.tr\/index.php\/urun\/iktidar-tarih-ve-kimlik\/"},"modified":"2026-04-15T03:35:44","modified_gmt":"2026-04-15T00:35:44","slug":"iktidar-tarih-ve-kimlik","status":"publish","type":"product","link":"https:\/\/roveyayinevi.com.tr\/index.php\/urun\/iktidar-tarih-ve-kimlik\/","title":{"rendered":"\u0130ktidar, Tarih ve Kimlik"},"content":{"rendered":"<p>Akademi ve uluslararas\u0131 medyan\u0131n bilhassa 90\u2019lardan itibaren yo\u011fun ilgi g\u00f6sterdi\u011fi Balkan uluslar\u0131n\u0131n kimlik in\u015fa s\u00fcre\u00e7leri \u00e7ok say\u0131da \u00e7al\u0131\u015fmaya konu olmu\u015ftur. Elinizdeki kitap, bu alandaki soru\u015fturmas\u0131n\u0131 siyaset, ulus ve ge\u00e7mi\u015f anlat\u0131lar\u0131 \u00fczerinden ders kitaplar\u0131n\u0131 merkeze alarak y\u00fcr\u00fct\u00fcyor. Modern devlet, iktidar, ideoloji, e\u011fitim, tarihyaz\u0131m\u0131, tarih e\u011fitimi ve kimlik in\u015fa mekanizmalar\u0131n\u0131 birbiriyle ili\u015fkilendiren \u00e7al\u0131\u015fma, ilgili s\u00fcre\u00e7lerin yap\u0131sal do\u011fas\u0131n\u0131, ara\u00e7lar\u0131n\u0131 ve dinamiklerini analiz etmeye odaklan\u0131yor. Kimlik in\u015fa s\u00fcrecini b\u00fct\u00fcnc\u00fcl bir yakla\u015f\u0131mla ele alan metin, S\u0131rplar\u0131n 1946-1980, 1981-2000 ve 2001 sonras\u0131 k\u0131r\u0131lma d\u00f6nemlerini, tarihyaz\u0131m\u0131nda Osmanl\u0131 ile Habsburg imparatorluklar\u0131na dair anlat\u0131lar\u0131 ve bu anlat\u0131lar \u00fczerinden \u015fekillenen kimlik in\u015fa mekanizmalar\u0131n\u0131n ortaya \u00e7\u0131kard\u0131\u011f\u0131 kolektif kimlikleri ayr\u0131nt\u0131l\u0131 bir \u015fekilde inceliyor. <\/p>\n","protected":false},"excerpt":{"rendered":"<p>Akademi ve uluslararas\u0131 medyan\u0131n bilhassa 90\u2019lardan itibaren yo\u011fun ilgi g\u00f6sterdi\u011fi Balkan uluslar\u0131n\u0131n kimlik in\u015fa s\u00fcre\u00e7leri \u00e7ok say\u0131da \u00e7al\u0131\u015fmaya konu olmu\u015ftur. Elinizdeki kitap, bu alandaki soru\u015fturmas\u0131n\u0131 siyaset,<span class=\"excerpt-hellip\"> [\u2026]<\/span><\/p>\n","protected":false},"featured_media":0,"template":"","meta":{"_monsterinsights_skip_tracking":false,"_monsterinsights_sitenote_active":false,"_monsterinsights_sitenote_note":"","_monsterinsights_sitenote_category":0},"product_brand":[],"product_cat":[12304],"product_tag":[],"class_list":{"0":"post-769522","1":"product","2":"type-product","3":"status-publish","5":"product_cat-tarih","6":"pa_cilt-ciltsiz","7":"pa_tur-kitap","8":"pa_yayinevi-vakifbank-kultur-yayinlari","9":"pa_yazar-sevba-abdula","11":"first","12":"instock","13":"sale","14":"shipping-taxable","15":"purchasable","16":"product-type-simple"},"_links":{"self":[{"href":"https:\/\/roveyayinevi.com.tr\/index.php\/wp-json\/wp\/v2\/product\/769522","targetHints":{"allow":["GET"]}}],"collection":[{"href":"https:\/\/roveyayinevi.com.tr\/index.php\/wp-json\/wp\/v2\/product"}],"about":[{"href":"https:\/\/roveyayinevi.com.tr\/index.php\/wp-json\/wp\/v2\/types\/product"}],"wp:attachment":[{"href":"https:\/\/roveyayinevi.com.tr\/index.php\/wp-json\/wp\/v2\/media?parent=769522"}],"wp:term":[{"taxonomy":"product_brand","embeddable":true,"href":"https:\/\/roveyayinevi.com.tr\/index.php\/wp-json\/wp\/v2\/product_brand?post=769522"},{"taxonomy":"product_cat","embeddable":true,"href":"https:\/\/roveyayinevi.com.tr\/index.php\/wp-json\/wp\/v2\/product_cat?post=769522"},{"taxonomy":"product_tag","embeddable":true,"href":"https:\/\/roveyayinevi.com.tr\/index.php\/wp-json\/wp\/v2\/product_tag?post=769522"}],"curies":[{"name":"wp","href":"https:\/\/api.w.org\/{rel}","templated":true}]}}