{"id":769520,"date":"2025-08-28T13:57:38","date_gmt":"2025-08-28T10:57:38","guid":{"rendered":"https:\/\/roveyayinevi.com.tr\/index.php\/urun\/gokcen-4-yan-boyamali-hediyeli-kutu-ciltli\/"},"modified":"2026-04-15T03:35:44","modified_gmt":"2026-04-15T00:35:44","slug":"gokcen-4-yan-boyamali-hediyeli-kutu-ciltli","status":"publish","type":"product","link":"https:\/\/roveyayinevi.com.tr\/index.php\/urun\/gokcen-4-yan-boyamali-hediyeli-kutu-ciltli\/","title":{"rendered":"G\u00f6k\u00e7en 4 &#8211; Yan Boyamal\u0131 Hediyeli Kutu (Ciltli)"},"content":{"rendered":"<p>Kutu i\u00e7eri\u011fi:G\u00f6k\u00e7en 4: Masallar ve Sonlar\u0131 (Yan Boyamal\u0131)Murathan Karakurt K\u00fcnyesi\u00d6zel \u00c7izim PosterAn\u0131 Kart\u0131 (2 Adet)DefterAyra\u00e7Uyar\u0131: Yeti\u015fkin okurlar i\u00e7indir<\/p>\n","protected":false},"excerpt":{"rendered":"<p>Kutu i\u00e7eri\u011fi:G\u00f6k\u00e7en 4: Masallar ve Sonlar\u0131 (Yan Boyamal\u0131)Murathan Karakurt K\u00fcnyesi\u00d6zel \u00c7izim PosterAn\u0131 Kart\u0131 (2 Adet)DefterAyra\u00e7Uyar\u0131: Yeti\u015fkin okurlar i\u00e7indir<\/p>\n","protected":false},"featured_media":0,"template":"","meta":{"_monsterinsights_skip_tracking":false,"_monsterinsights_sitenote_active":false,"_monsterinsights_sitenote_note":"","_monsterinsights_sitenote_category":0},"product_brand":[],"product_cat":[12291,12711],"product_tag":[],"class_list":{"0":"post-769520","1":"product","2":"type-product","3":"status-publish","5":"product_cat-edebiyat","6":"product_cat-roman-oyku","7":"pa_cilt-ciltli","8":"pa_tur-kitap","9":"pa_yayinevi-ephesus-travel-yayinlari","10":"pa_yazar-loresima","12":"first","13":"instock","14":"sale","15":"shipping-taxable","16":"purchasable","17":"product-type-simple"},"_links":{"self":[{"href":"https:\/\/roveyayinevi.com.tr\/index.php\/wp-json\/wp\/v2\/product\/769520","targetHints":{"allow":["GET"]}}],"collection":[{"href":"https:\/\/roveyayinevi.com.tr\/index.php\/wp-json\/wp\/v2\/product"}],"about":[{"href":"https:\/\/roveyayinevi.com.tr\/index.php\/wp-json\/wp\/v2\/types\/product"}],"wp:attachment":[{"href":"https:\/\/roveyayinevi.com.tr\/index.php\/wp-json\/wp\/v2\/media?parent=769520"}],"wp:term":[{"taxonomy":"product_brand","embeddable":true,"href":"https:\/\/roveyayinevi.com.tr\/index.php\/wp-json\/wp\/v2\/product_brand?post=769520"},{"taxonomy":"product_cat","embeddable":true,"href":"https:\/\/roveyayinevi.com.tr\/index.php\/wp-json\/wp\/v2\/product_cat?post=769520"},{"taxonomy":"product_tag","embeddable":true,"href":"https:\/\/roveyayinevi.com.tr\/index.php\/wp-json\/wp\/v2\/product_tag?post=769520"}],"curies":[{"name":"wp","href":"https:\/\/api.w.org\/{rel}","templated":true}]}}