{"id":769519,"date":"2025-08-28T13:57:36","date_gmt":"2025-08-28T10:57:36","guid":{"rendered":"https:\/\/roveyayinevi.com.tr\/index.php\/urun\/gokcen-4-masallar-ve-sonlari-yan-boyamali-ciltli\/"},"modified":"2026-04-15T03:35:44","modified_gmt":"2026-04-15T00:35:44","slug":"gokcen-4-masallar-ve-sonlari-yan-boyamali-ciltli","status":"publish","type":"product","link":"https:\/\/roveyayinevi.com.tr\/index.php\/urun\/gokcen-4-masallar-ve-sonlari-yan-boyamali-ciltli\/","title":{"rendered":"G\u00f6k\u00e7en 4: Masallar ve Sonlar\u0131 &#8211; Yan Boyamal\u0131 (Ciltli)"},"content":{"rendered":"<p>Derler ki mutlu sonlar masallar, mutsuz sonlar hik\u00e2yeler i\u00e7indir. Masallarla b\u00fcy\u00fcyen k\u00fc\u00e7\u00fck Kep\u00e7\u00fck ve Pamuk, art\u0131k kendi hik\u00e2yelerinin i\u00e7inde Murathan ve G\u00f6k\u00e7en olarak hayatlar\u0131na devam etmekte ve her ge\u00e7en g\u00fcn daha b\u00fcy\u00fck bir a\u015fkla birbirlerine ba\u011flanmaktad\u0131rlar.Peki hik\u00e2yeler de masallar gibi mutlu sonla biter miydi? Yoksa her bir masal mutlu sonla bitti\u011fi varsay\u0131lan belirsizlikler miydi?Murathan ve G\u00f6k\u00e7en kar\u015f\u0131lar\u0131na \u00e7\u0131kan t\u00fcm engeller ve belirsizliklerle yine el ele m\u00fccadele edecek ve bu masal\u0131 mutlu sonla bulu\u015fturmak i\u00e7in ellerinden geleni yapacakt\u0131r.Peki aile, dostluk, vatan sevgisi, a\u015fk ve sonsuz bir sevgi, k\u00f6t\u00fc ba\u015flayan bu hik\u00e2yeyi bir masala d\u00f6n\u00fc\u015ft\u00fcrmeye yetecek mi?\u201cUzak diyarlardaki \u00fclkelerden geldim. Evvel zaman i\u00e7inden ge\u00e7ip kalbur zaman d\u0131\u015f\u0131nda kald\u0131m. Kalbimdeki d\u00fc\u011f\u00fcme bir d\u00fc\u011f\u00fcm daha att\u0131m. G\u00f6k\u00e7en k\u0131z masal\u0131n\u0131 da ben b\u00f6ylece yazd\u0131m.\u201dUyar\u0131: Yeti\u015fkin okurlar i\u00e7indir<\/p>\n","protected":false},"excerpt":{"rendered":"<p>Derler ki mutlu sonlar masallar, mutsuz sonlar hik\u00e2yeler i\u00e7indir. Masallarla b\u00fcy\u00fcyen k\u00fc\u00e7\u00fck Kep\u00e7\u00fck ve Pamuk, art\u0131k kendi hik\u00e2yelerinin i\u00e7inde Murathan ve G\u00f6k\u00e7en olarak hayatlar\u0131na devam etmekte<span class=\"excerpt-hellip\"> [\u2026]<\/span><\/p>\n","protected":false},"featured_media":0,"template":"","meta":{"_monsterinsights_skip_tracking":false,"_monsterinsights_sitenote_active":false,"_monsterinsights_sitenote_note":"","_monsterinsights_sitenote_category":0},"product_brand":[],"product_cat":[12291,12711],"product_tag":[],"class_list":{"0":"post-769519","1":"product","2":"type-product","3":"status-publish","5":"product_cat-edebiyat","6":"product_cat-roman-oyku","7":"pa_cilt-ciltli","8":"pa_tur-kitap","9":"pa_yayinevi-ephesus-yayinlari","10":"pa_yazar-loresima","12":"first","13":"instock","14":"sale","15":"shipping-taxable","16":"purchasable","17":"product-type-simple"},"_links":{"self":[{"href":"https:\/\/roveyayinevi.com.tr\/index.php\/wp-json\/wp\/v2\/product\/769519","targetHints":{"allow":["GET"]}}],"collection":[{"href":"https:\/\/roveyayinevi.com.tr\/index.php\/wp-json\/wp\/v2\/product"}],"about":[{"href":"https:\/\/roveyayinevi.com.tr\/index.php\/wp-json\/wp\/v2\/types\/product"}],"wp:attachment":[{"href":"https:\/\/roveyayinevi.com.tr\/index.php\/wp-json\/wp\/v2\/media?parent=769519"}],"wp:term":[{"taxonomy":"product_brand","embeddable":true,"href":"https:\/\/roveyayinevi.com.tr\/index.php\/wp-json\/wp\/v2\/product_brand?post=769519"},{"taxonomy":"product_cat","embeddable":true,"href":"https:\/\/roveyayinevi.com.tr\/index.php\/wp-json\/wp\/v2\/product_cat?post=769519"},{"taxonomy":"product_tag","embeddable":true,"href":"https:\/\/roveyayinevi.com.tr\/index.php\/wp-json\/wp\/v2\/product_tag?post=769519"}],"curies":[{"name":"wp","href":"https:\/\/api.w.org\/{rel}","templated":true}]}}