{"id":769515,"date":"2025-08-28T13:57:28","date_gmt":"2025-08-28T10:57:28","guid":{"rendered":"https:\/\/roveyayinevi.com.tr\/index.php\/urun\/gokcen-serisi-hediyeli-kutu-ciltli\/"},"modified":"2026-04-15T03:35:44","modified_gmt":"2026-04-15T00:35:44","slug":"gokcen-serisi-hediyeli-kutu-ciltli","status":"publish","type":"product","link":"https:\/\/roveyayinevi.com.tr\/index.php\/urun\/gokcen-serisi-hediyeli-kutu-ciltli\/","title":{"rendered":"G\u00f6k\u00e7en Serisi &#8211; Hediyeli Kutu (Ciltli)"},"content":{"rendered":"<p>Kutu i\u00e7eri\u011fi:G\u00f6k\u00e7en 1: Unutulan \u00c7i\u00e7ekler (Ciltli)G\u00f6k\u00e7en 2: Geride Kalanlar (Ciltli)G\u00f6k\u00e7en 3: G\u00fcz Ya\u011fmurlar\u0131 (Ciltli)G\u00f6k\u00e7en 4: Masallar ve Sonlar\u0131 (Ciltli)Murathan Karakurt K\u00fcnyesiKatlanabilir \u00d6zel Kesim Kelebekli Ayra\u00e7\u00d6zel Tasar\u0131m Bez \u00c7anta\u00c7iftlere \u00d6zel Al\u0131nt\u0131 Kart\u0131 (2 Adet)DefterUyar\u0131: Yeti\u015fkin okurlar i\u00e7indir.<\/p>\n","protected":false},"excerpt":{"rendered":"<p>Kutu i\u00e7eri\u011fi:G\u00f6k\u00e7en 1: Unutulan \u00c7i\u00e7ekler (Ciltli)G\u00f6k\u00e7en 2: Geride Kalanlar (Ciltli)G\u00f6k\u00e7en 3: G\u00fcz Ya\u011fmurlar\u0131 (Ciltli)G\u00f6k\u00e7en 4: Masallar ve Sonlar\u0131 (Ciltli)Murathan Karakurt K\u00fcnyesiKatlanabilir \u00d6zel Kesim Kelebekli Ayra\u00e7\u00d6zel Tasar\u0131m<span class=\"excerpt-hellip\"> [\u2026]<\/span><\/p>\n","protected":false},"featured_media":0,"template":"","meta":{"_monsterinsights_skip_tracking":false,"_monsterinsights_sitenote_active":false,"_monsterinsights_sitenote_note":"","_monsterinsights_sitenote_category":0},"product_brand":[],"product_cat":[12291,12711],"product_tag":[],"class_list":{"0":"post-769515","1":"product","2":"type-product","3":"status-publish","5":"product_cat-edebiyat","6":"product_cat-roman-oyku","7":"pa_cilt-ciltli","8":"pa_tur-kitap","9":"pa_yayinevi-ephesus-travel-yayinlari","10":"pa_yazar-loresima","12":"first","13":"instock","14":"sale","15":"shipping-taxable","16":"purchasable","17":"product-type-simple"},"_links":{"self":[{"href":"https:\/\/roveyayinevi.com.tr\/index.php\/wp-json\/wp\/v2\/product\/769515","targetHints":{"allow":["GET"]}}],"collection":[{"href":"https:\/\/roveyayinevi.com.tr\/index.php\/wp-json\/wp\/v2\/product"}],"about":[{"href":"https:\/\/roveyayinevi.com.tr\/index.php\/wp-json\/wp\/v2\/types\/product"}],"wp:attachment":[{"href":"https:\/\/roveyayinevi.com.tr\/index.php\/wp-json\/wp\/v2\/media?parent=769515"}],"wp:term":[{"taxonomy":"product_brand","embeddable":true,"href":"https:\/\/roveyayinevi.com.tr\/index.php\/wp-json\/wp\/v2\/product_brand?post=769515"},{"taxonomy":"product_cat","embeddable":true,"href":"https:\/\/roveyayinevi.com.tr\/index.php\/wp-json\/wp\/v2\/product_cat?post=769515"},{"taxonomy":"product_tag","embeddable":true,"href":"https:\/\/roveyayinevi.com.tr\/index.php\/wp-json\/wp\/v2\/product_tag?post=769515"}],"curies":[{"name":"wp","href":"https:\/\/api.w.org\/{rel}","templated":true}]}}