{"id":769514,"date":"2025-08-28T13:57:26","date_gmt":"2025-08-28T10:57:26","guid":{"rendered":"https:\/\/roveyayinevi.com.tr\/index.php\/urun\/dunya-tarihi-ansiklopedisi-ciltli\/"},"modified":"2026-04-15T03:35:44","modified_gmt":"2026-04-15T00:35:44","slug":"dunya-tarihi-ansiklopedisi-ciltli","status":"publish","type":"product","link":"https:\/\/roveyayinevi.com.tr\/index.php\/urun\/dunya-tarihi-ansiklopedisi-ciltli\/","title":{"rendered":"D\u00fcnya Tarihi Ansiklopedisi (Ciltli)"},"content":{"rendered":"<p>Bu yeni g\u00fcncellenen kitap, tarih \u00f6ncesinden 21. y\u00fczy\u0131l\u0131n ba\u015f\u0131na kadar d\u00fcnya tarihini olas\u0131 en k\u0131sa ve kapsaml\u0131 haliyle sunacak \u015fekilde tasarlanm\u0131\u015ft\u0131r. Dinozorlar, ilk insanlar, antik M\u0131s\u0131r, Aztek \u0130mparatorlu\u011fu, orta\u00e7a\u011f Avrupa\u2019s\u0131, Birinci D\u00fcnya Sava\u015f\u0131 ve daha bir\u00e7okb\u00fcy\u00fcleyici konu hakk\u0131nda bilgiler i\u00e7ermektedir. Tarihi olaylar\u0131n net a\u00e7\u0131klamalar\u0131 12.000 y\u0131ll\u0131k resimli zaman \u00e7izelgesi 100\u2019den fazla harita Muhte\u015fem \u00e7izimler, \u00e7izelge ve foto\u011fraflar Heyecan verici tarihi sahnelerinyeniden yap\u0131land\u0131r\u0131lmas\u0131 Usborne taraf\u0131ndan \u00f6nerilen 800\u2019den fazlaweb sitesine ba\u011flant\u0131lar <\/p>\n","protected":false},"excerpt":{"rendered":"<p>Bu yeni g\u00fcncellenen kitap, tarih \u00f6ncesinden 21. y\u00fczy\u0131l\u0131n ba\u015f\u0131na kadar d\u00fcnya tarihini olas\u0131 en k\u0131sa ve kapsaml\u0131 haliyle sunacak \u015fekilde tasarlanm\u0131\u015ft\u0131r. Dinozorlar, ilk insanlar, antik M\u0131s\u0131r,<span class=\"excerpt-hellip\"> [\u2026]<\/span><\/p>\n","protected":false},"featured_media":0,"template":"","meta":{"_monsterinsights_skip_tracking":false,"_monsterinsights_sitenote_active":false,"_monsterinsights_sitenote_note":"","_monsterinsights_sitenote_category":0},"product_brand":[],"product_cat":[12305,12304],"product_tag":[],"class_list":{"0":"post-769514","1":"product","2":"type-product","3":"status-publish","5":"product_cat-dunya-tarihi","6":"product_cat-tarih","7":"pa_cilt-ciltli","8":"pa_tur-kitap","9":"pa_yayinevi-alfa-yayinlari","10":"pa_yazar-kolektif","12":"first","13":"instock","14":"sale","15":"shipping-taxable","16":"purchasable","17":"product-type-simple"},"_links":{"self":[{"href":"https:\/\/roveyayinevi.com.tr\/index.php\/wp-json\/wp\/v2\/product\/769514","targetHints":{"allow":["GET"]}}],"collection":[{"href":"https:\/\/roveyayinevi.com.tr\/index.php\/wp-json\/wp\/v2\/product"}],"about":[{"href":"https:\/\/roveyayinevi.com.tr\/index.php\/wp-json\/wp\/v2\/types\/product"}],"wp:attachment":[{"href":"https:\/\/roveyayinevi.com.tr\/index.php\/wp-json\/wp\/v2\/media?parent=769514"}],"wp:term":[{"taxonomy":"product_brand","embeddable":true,"href":"https:\/\/roveyayinevi.com.tr\/index.php\/wp-json\/wp\/v2\/product_brand?post=769514"},{"taxonomy":"product_cat","embeddable":true,"href":"https:\/\/roveyayinevi.com.tr\/index.php\/wp-json\/wp\/v2\/product_cat?post=769514"},{"taxonomy":"product_tag","embeddable":true,"href":"https:\/\/roveyayinevi.com.tr\/index.php\/wp-json\/wp\/v2\/product_tag?post=769514"}],"curies":[{"name":"wp","href":"https:\/\/api.w.org\/{rel}","templated":true}]}}