{"id":769512,"date":"2025-08-28T13:57:24","date_gmt":"2025-08-28T10:57:24","guid":{"rendered":"https:\/\/roveyayinevi.com.tr\/index.php\/urun\/itiraflar-2\/"},"modified":"2026-04-15T03:35:44","modified_gmt":"2026-04-15T00:35:44","slug":"itiraflar-2","status":"publish","type":"product","link":"https:\/\/roveyayinevi.com.tr\/index.php\/urun\/itiraflar-2\/","title":{"rendered":"\u0130tiraflar"},"content":{"rendered":"<p>Kendinizi hakikatin pe\u015finde kaybolmu\u015f hissettiniz mi hi\u00e7? \u0130nan\u00e7lar\u0131n\u0131z\u0131n sorguland\u0131\u011f\u0131, bilginin s\u0131n\u0131rlar\u0131n\u0131n zorland\u0131\u011f\u0131 bir yolculu\u011fa \u00e7\u0131kmaya cesaret edebilir misiniz?                                     \u0130mam Gazali, 11. y\u00fczy\u0131l\u0131n en b\u00fcy\u00fck \u0130slam d\u00fc\u015f\u00fcn\u00fcr\u00fc, sizi kendi i\u00e7sel yolculu\u011funa davet ediyor. Onunla birlikte skolastik teolojinin dogmalar\u0131ndan felsefenin labirentlerine, oradan da tasavvufun derinliklerine uzanan bir ke\u015ffe \u00e7\u0131kacaks\u0131n\u0131z.                                     Gazali&#8217;nin samimi itiraflar\u0131, sadece bir alimin hayat hikayesi de\u011fil, ayn\u0131 zamanda insan\u0131n hakikat aray\u0131\u015f\u0131n\u0131n evrensel bir yans\u0131mas\u0131d\u0131r. \u015e\u00fcphe, korku, umut ve nihayet ayd\u0131nlanma&#8230; Bu kitap, her birimizin i\u00e7inde sakl\u0131 olan bu duygular\u0131 g\u00fcn y\u00fcz\u00fcne \u00e7\u0131karacak, sizi kendi i\u00e7 d\u00fcnyan\u0131zla y\u00fczle\u015ftirecek.                                     Bu kitap, sadece bir ba\u015flang\u0131\u00e7 de\u011fil, ayn\u0131 zamanda bir uyan\u0131\u015ft\u0131r. Kendinizi tan\u0131maya, anlam bulmaya ve hakikate ula\u015fmaya haz\u0131r olun. <\/p>\n","protected":false},"excerpt":{"rendered":"<p>Kendinizi hakikatin pe\u015finde kaybolmu\u015f hissettiniz mi hi\u00e7? \u0130nan\u00e7lar\u0131n\u0131z\u0131n sorguland\u0131\u011f\u0131, bilginin s\u0131n\u0131rlar\u0131n\u0131n zorland\u0131\u011f\u0131 bir yolculu\u011fa \u00e7\u0131kmaya cesaret edebilir misiniz? \u0130mam Gazali, 11. y\u00fczy\u0131l\u0131n en b\u00fcy\u00fck \u0130slam d\u00fc\u015f\u00fcn\u00fcr\u00fc,<span class=\"excerpt-hellip\"> [\u2026]<\/span><\/p>\n","protected":false},"featured_media":0,"template":"","meta":{"_monsterinsights_skip_tracking":false,"_monsterinsights_sitenote_active":false,"_monsterinsights_sitenote_note":"","_monsterinsights_sitenote_category":0},"product_brand":[],"product_cat":[12718,12719,15238],"product_tag":[],"class_list":{"0":"post-769512","1":"product","2":"type-product","3":"status-publish","5":"product_cat-din","6":"product_cat-islam","7":"product_cat-tasavvuf","8":"pa_cilt-ciltsiz","9":"pa_tur-kitap","10":"pa_yayinevi-fa-yayinlari","11":"pa_yazar-imam-gazali","13":"first","14":"instock","15":"sale","16":"shipping-taxable","17":"purchasable","18":"product-type-simple"},"_links":{"self":[{"href":"https:\/\/roveyayinevi.com.tr\/index.php\/wp-json\/wp\/v2\/product\/769512","targetHints":{"allow":["GET"]}}],"collection":[{"href":"https:\/\/roveyayinevi.com.tr\/index.php\/wp-json\/wp\/v2\/product"}],"about":[{"href":"https:\/\/roveyayinevi.com.tr\/index.php\/wp-json\/wp\/v2\/types\/product"}],"wp:attachment":[{"href":"https:\/\/roveyayinevi.com.tr\/index.php\/wp-json\/wp\/v2\/media?parent=769512"}],"wp:term":[{"taxonomy":"product_brand","embeddable":true,"href":"https:\/\/roveyayinevi.com.tr\/index.php\/wp-json\/wp\/v2\/product_brand?post=769512"},{"taxonomy":"product_cat","embeddable":true,"href":"https:\/\/roveyayinevi.com.tr\/index.php\/wp-json\/wp\/v2\/product_cat?post=769512"},{"taxonomy":"product_tag","embeddable":true,"href":"https:\/\/roveyayinevi.com.tr\/index.php\/wp-json\/wp\/v2\/product_tag?post=769512"}],"curies":[{"name":"wp","href":"https:\/\/api.w.org\/{rel}","templated":true}]}}