{"id":769511,"date":"2025-08-28T13:57:23","date_gmt":"2025-08-28T10:57:23","guid":{"rendered":"https:\/\/roveyayinevi.com.tr\/index.php\/urun\/icindeki-isigi-bul\/"},"modified":"2026-04-15T03:35:44","modified_gmt":"2026-04-15T00:35:44","slug":"icindeki-isigi-bul","status":"publish","type":"product","link":"https:\/\/roveyayinevi.com.tr\/index.php\/urun\/icindeki-isigi-bul\/","title":{"rendered":"\u0130\u00e7indeki I\u015f\u0131\u011f\u0131 Bul"},"content":{"rendered":"<p>G\u00f6zlerinizi kapat\u0131n ve kalbinizin sesine kulak verin. \u0130\u00e7inizde, sizi ger\u00e7ek mutlulu\u011fa ve huzura g\u00f6t\u00fcrecek bir \u0131\u015f\u0131k par\u0131ld\u0131yor. Bu \u0131\u015f\u0131\u011f\u0131 ke\u015ffetmek, hayat\u0131n\u0131z\u0131n anlam\u0131n\u0131 bulmak i\u00e7in \u0130bn Ataullah&#8217;\u0131n as\u0131rlard\u0131r yol g\u00f6sterici olan bilgeli\u011fine kulak vermeye ne dersiniz? &#8220;\u0130\u00e7indeki I\u015f\u0131\u011f\u0131 Bul&#8221; y\u00fczy\u0131llar\u0131n \u00f6tesinden gelen bir bilgelik hazinesini g\u00fcn\u00fcm\u00fcze ta\u015f\u0131yor. \u0130bn Ataullah&#8217;\u0131n &#8220;Kitab el-Hikam&#8221; adl\u0131 \u00f6l\u00fcms\u00fcz eserinden derlenen bu \u00f6\u011fretiler, i\u00e7sel yolculu\u011funuzda size rehberlik edecek, kalbinizin derinliklerindeki \u0131\u015f\u0131\u011f\u0131 ke\u015ffetmenize yard\u0131mc\u0131 olacak. E\u011fer siz de hayat\u0131n\u0131z\u0131n anlam\u0131n\u0131 ar\u0131yor, i\u00e7sel yolculu\u011funuzda rehberlik istiyorsan\u0131z, &#8220;\u0130\u00e7indeki I\u015f\u0131\u011f\u0131 Bul&#8221; sizi bekliyor. Bu kitap, sadece bir okuma deneyimi de\u011fil, ayn\u0131 zamanda bir d\u00f6n\u00fc\u015f\u00fcm yolculu\u011fudur. \u0130bn Ataullah&#8217;\u0131n bilgelik dolu s\u00f6zleriyle, kendi i\u00e7inizdeki \u0131\u015f\u0131\u011f\u0131 ke\u015ffetmeye ve hayat\u0131n\u0131z\u0131 ayd\u0131nlatmaya haz\u0131r olun. <\/p>\n","protected":false},"excerpt":{"rendered":"<p>G\u00f6zlerinizi kapat\u0131n ve kalbinizin sesine kulak verin. \u0130\u00e7inizde, sizi ger\u00e7ek mutlulu\u011fa ve huzura g\u00f6t\u00fcrecek bir \u0131\u015f\u0131k par\u0131ld\u0131yor. Bu \u0131\u015f\u0131\u011f\u0131 ke\u015ffetmek, hayat\u0131n\u0131z\u0131n anlam\u0131n\u0131 bulmak i\u00e7in \u0130bn Ataullah&#8217;\u0131n<span class=\"excerpt-hellip\"> [\u2026]<\/span><\/p>\n","protected":false},"featured_media":0,"template":"","meta":{"_monsterinsights_skip_tracking":false,"_monsterinsights_sitenote_active":false,"_monsterinsights_sitenote_note":"","_monsterinsights_sitenote_category":0},"product_brand":[],"product_cat":[19998,12388],"product_tag":[],"class_list":{"0":"post-769511","1":"product","2":"type-product","3":"status-publish","5":"product_cat-din-felsefesi","6":"product_cat-felsefe","7":"pa_cilt-ciltsiz","8":"pa_tur-kitap","9":"pa_yayinevi-fa-yayinlari","10":"pa_yazar-ibn-ataullah-el-iskenderi","12":"first","13":"instock","14":"sale","15":"shipping-taxable","16":"purchasable","17":"product-type-simple"},"_links":{"self":[{"href":"https:\/\/roveyayinevi.com.tr\/index.php\/wp-json\/wp\/v2\/product\/769511","targetHints":{"allow":["GET"]}}],"collection":[{"href":"https:\/\/roveyayinevi.com.tr\/index.php\/wp-json\/wp\/v2\/product"}],"about":[{"href":"https:\/\/roveyayinevi.com.tr\/index.php\/wp-json\/wp\/v2\/types\/product"}],"wp:attachment":[{"href":"https:\/\/roveyayinevi.com.tr\/index.php\/wp-json\/wp\/v2\/media?parent=769511"}],"wp:term":[{"taxonomy":"product_brand","embeddable":true,"href":"https:\/\/roveyayinevi.com.tr\/index.php\/wp-json\/wp\/v2\/product_brand?post=769511"},{"taxonomy":"product_cat","embeddable":true,"href":"https:\/\/roveyayinevi.com.tr\/index.php\/wp-json\/wp\/v2\/product_cat?post=769511"},{"taxonomy":"product_tag","embeddable":true,"href":"https:\/\/roveyayinevi.com.tr\/index.php\/wp-json\/wp\/v2\/product_tag?post=769511"}],"curies":[{"name":"wp","href":"https:\/\/api.w.org\/{rel}","templated":true}]}}