{"id":769509,"date":"2025-08-28T13:57:19","date_gmt":"2025-08-28T10:57:19","guid":{"rendered":"https:\/\/roveyayinevi.com.tr\/index.php\/urun\/akide-sekeri\/"},"modified":"2026-04-15T03:35:44","modified_gmt":"2026-04-15T00:35:44","slug":"akide-sekeri","status":"publish","type":"product","link":"https:\/\/roveyayinevi.com.tr\/index.php\/urun\/akide-sekeri\/","title":{"rendered":"Akide \u015eekeri"},"content":{"rendered":"<p>Annelerimiz, babalar\u0131m\u0131z da bir zamanlar \u00e7ocuktu. Do\u011fayla i\u00e7 i\u00e7e ya\u015fam\u0131n izlerini ge\u00e7mi\u015ften bug\u00fcne ta\u015f\u0131yan \u015eahsene Cam\u0131z\u2019\u0131n \u00f6yk\u00fcleriyle sizin i\u00e7in yeni, b\u00fcy\u00fckleriniz i\u00e7in eski d\u00fcnyay\u0131 ke\u015ffetmeye haz\u0131r m\u0131s\u0131n\u0131z? Hastalanan d\u00fcnyam\u0131z\u0131 kurtaracak ipu\u00e7lar\u0131 belki tam da bu ge\u00e7mi\u015fin akide \u015fekeri tad\u0131nda \u00f6yk\u00fclerinde\u2026 <\/p>\n","protected":false},"excerpt":{"rendered":"<p>Annelerimiz, babalar\u0131m\u0131z da bir zamanlar \u00e7ocuktu. Do\u011fayla i\u00e7 i\u00e7e ya\u015fam\u0131n izlerini ge\u00e7mi\u015ften bug\u00fcne ta\u015f\u0131yan \u015eahsene Cam\u0131z\u2019\u0131n \u00f6yk\u00fcleriyle sizin i\u00e7in yeni, b\u00fcy\u00fckleriniz i\u00e7in eski d\u00fcnyay\u0131 ke\u015ffetmeye haz\u0131r<span class=\"excerpt-hellip\"> [\u2026]<\/span><\/p>\n","protected":false},"featured_media":0,"template":"","meta":{"_monsterinsights_skip_tracking":false,"_monsterinsights_sitenote_active":false,"_monsterinsights_sitenote_note":"","_monsterinsights_sitenote_category":0},"product_brand":[],"product_cat":[12274,12284],"product_tag":[],"class_list":{"0":"post-769509","1":"product","2":"type-product","3":"status-publish","5":"product_cat-cocuk-ve-genclik-kitaplari","6":"product_cat-hikayeler","7":"pa_cilt-ciltsiz","8":"pa_tur-kitap","9":"pa_yayinevi-cumhuriyet-kitaplari","10":"pa_yazar-sahsene-camiz","12":"first","13":"instock","14":"sale","15":"shipping-taxable","16":"purchasable","17":"product-type-simple"},"_links":{"self":[{"href":"https:\/\/roveyayinevi.com.tr\/index.php\/wp-json\/wp\/v2\/product\/769509","targetHints":{"allow":["GET"]}}],"collection":[{"href":"https:\/\/roveyayinevi.com.tr\/index.php\/wp-json\/wp\/v2\/product"}],"about":[{"href":"https:\/\/roveyayinevi.com.tr\/index.php\/wp-json\/wp\/v2\/types\/product"}],"wp:attachment":[{"href":"https:\/\/roveyayinevi.com.tr\/index.php\/wp-json\/wp\/v2\/media?parent=769509"}],"wp:term":[{"taxonomy":"product_brand","embeddable":true,"href":"https:\/\/roveyayinevi.com.tr\/index.php\/wp-json\/wp\/v2\/product_brand?post=769509"},{"taxonomy":"product_cat","embeddable":true,"href":"https:\/\/roveyayinevi.com.tr\/index.php\/wp-json\/wp\/v2\/product_cat?post=769509"},{"taxonomy":"product_tag","embeddable":true,"href":"https:\/\/roveyayinevi.com.tr\/index.php\/wp-json\/wp\/v2\/product_tag?post=769509"}],"curies":[{"name":"wp","href":"https:\/\/api.w.org\/{rel}","templated":true}]}}