{"id":769508,"date":"2025-08-28T13:57:18","date_gmt":"2025-08-28T10:57:18","guid":{"rendered":"https:\/\/roveyayinevi.com.tr\/index.php\/urun\/hint\/"},"modified":"2026-04-15T03:35:44","modified_gmt":"2026-04-15T00:35:44","slug":"hint","status":"publish","type":"product","link":"https:\/\/roveyayinevi.com.tr\/index.php\/urun\/hint\/","title":{"rendered":"Hint"},"content":{"rendered":"<p>&#8220;Falih R\u0131fk\u0131 Atay\u2019\u0131n s\u00fcr\u00fckleyici, zengin muhteval\u0131, z\u0131t g\u00f6r\u00fcn\u00fcm ve olaylara dayanarak tezlerini savunan bir \u00fcslubu vard\u0131r.\u201d Prof. Dr. \u0130lber ORTAYLI   \u201cHer yerde, fildi\u015fi vitrinlerinde, katlana heybetlene inen ha\u015fmetli kale kap\u0131s\u0131nda ve onun \u00f6tesinde, taze sularla ak\u0131yormu\u015f hissini veren Nehr-i Behi\u015ft\u2019te ve ta uzaktaki buram buram Kutub-Minar\u2019da, Altam\u0131\u015f\u2019\u0131n ta\u015flar\u0131 s\u00f6k\u00fclm\u00fc\u015f harap t\u00fcrbesinde, g\u00fcl\u00fcmseyen maymunlarda her \u015feyde bir \u00e7a\u011f\u0131r\u0131\u015f, bir al\u0131koyu\u015f, kalp i\u00e7inden bir tutu\u015f var. Her yer ve her \u015fey, fakat b\u00fct\u00fcn bunlar\u0131 kaplayan canl\u0131 ve i\u00e7li bir hava, halk\u0131n asil tatl\u0131l\u0131\u011f\u0131, yaral\u0131 ku\u015f sesli kad\u0131nda bile g\u00fclen dudak, \u00e7a\u011flar \u00f6tesinden bir eski haberle bak\u0131\u015f\u0131 esrarla\u015fan ihtiyar, \u00f6n\u00fcm\u00fcze serdi\u011fi sari ve dibalar\u0131n s\u0131rma, alt\u0131n ve g\u00fcm\u00fc\u015f h\u0131\u015f\u0131rt\u0131lar\u0131 i\u00e7inde \u00f6ks\u00fcr\u00fc\u011f\u00fcn\u00fc g\u00f6\u011fs\u00fcnde tutarak: \u201cBunu al raca&#8230;\u201d diye bir i\u015fleme uzatan pa\u00e7avral\u0131 sat\u0131c\u0131, Ganj\u2019dan su alan kara iskeletin gururlu vecdi, al\u0131nlar\u0131 damgal\u0131, ayaklar\u0131 bilezikli, burunlar\u0131 m\u00fccevherli kad\u0131nlar, hepsi&#8230; &#8230; B\u00fct\u00fcn Hindistan, bu kalp ve mistik insanl\u0131\u011f\u0131, iskelenin son basama\u011f\u0131nda bizden b\u00f6yle kopuyor. Ka\u00e7 defa herkesten ayn\u0131 suali duymu\u015ftuk: Hindistan\u2019\u0131 \u00f6\u011freniyor musunuz? En iyi anlay\u0131\u015f, bir g\u00f6n\u00fcl var\u0131\u015f\u0131, de\u011fil midir? Biz Hindistan\u2019\u0131 sevdik!\u201d<\/p>\n","protected":false},"excerpt":{"rendered":"<p>&#8220;Falih R\u0131fk\u0131 Atay\u2019\u0131n s\u00fcr\u00fckleyici, zengin muhteval\u0131, z\u0131t g\u00f6r\u00fcn\u00fcm ve olaylara dayanarak tezlerini savunan bir \u00fcslubu vard\u0131r.\u201d Prof. Dr. \u0130lber ORTAYLI \u201cHer yerde, fildi\u015fi vitrinlerinde, katlana heybetlene<span class=\"excerpt-hellip\"> [\u2026]<\/span><\/p>\n","protected":false},"featured_media":0,"template":"","meta":{"_monsterinsights_skip_tracking":false,"_monsterinsights_sitenote_active":false,"_monsterinsights_sitenote_note":"","_monsterinsights_sitenote_category":0},"product_brand":[],"product_cat":[12312,12304],"product_tag":[],"class_list":{"0":"post-769508","1":"product","2":"type-product","3":"status-publish","5":"product_cat-diger","6":"product_cat-tarih","7":"pa_cilt-ciltsiz","8":"pa_tur-kitap","9":"pa_yayinevi-pozitif-yayinlari","10":"pa_yazar-falih-rifki-atay","12":"first","13":"instock","14":"sale","15":"shipping-taxable","16":"purchasable","17":"product-type-simple"},"_links":{"self":[{"href":"https:\/\/roveyayinevi.com.tr\/index.php\/wp-json\/wp\/v2\/product\/769508","targetHints":{"allow":["GET"]}}],"collection":[{"href":"https:\/\/roveyayinevi.com.tr\/index.php\/wp-json\/wp\/v2\/product"}],"about":[{"href":"https:\/\/roveyayinevi.com.tr\/index.php\/wp-json\/wp\/v2\/types\/product"}],"wp:attachment":[{"href":"https:\/\/roveyayinevi.com.tr\/index.php\/wp-json\/wp\/v2\/media?parent=769508"}],"wp:term":[{"taxonomy":"product_brand","embeddable":true,"href":"https:\/\/roveyayinevi.com.tr\/index.php\/wp-json\/wp\/v2\/product_brand?post=769508"},{"taxonomy":"product_cat","embeddable":true,"href":"https:\/\/roveyayinevi.com.tr\/index.php\/wp-json\/wp\/v2\/product_cat?post=769508"},{"taxonomy":"product_tag","embeddable":true,"href":"https:\/\/roveyayinevi.com.tr\/index.php\/wp-json\/wp\/v2\/product_tag?post=769508"}],"curies":[{"name":"wp","href":"https:\/\/api.w.org\/{rel}","templated":true}]}}