{"id":769506,"date":"2025-08-28T13:57:15","date_gmt":"2025-08-28T10:57:15","guid":{"rendered":"https:\/\/roveyayinevi.com.tr\/index.php\/urun\/ataturkun-can-dostu-salih-bozok-ataturku-anlatiyor\/"},"modified":"2026-04-15T03:35:44","modified_gmt":"2026-04-15T00:35:44","slug":"ataturkun-can-dostu-salih-bozok-ataturku-anlatiyor","status":"publish","type":"product","link":"https:\/\/roveyayinevi.com.tr\/index.php\/urun\/ataturkun-can-dostu-salih-bozok-ataturku-anlatiyor\/","title":{"rendered":"Atat\u00fcrk\u2019\u00fcn Can Dostu Salih Bozok Atat\u00fcrk\u2019\u00fc Anlat\u0131yor"},"content":{"rendered":"<p>Atat\u00fcrk&#8217;le ayn\u0131 y\u0131l, ayn\u0131 yerde (Selanik-1881) do\u011fan Salih Bozok, okul arkada\u015fl\u0131\u011f\u0131 da dahil olmak \u00fczere Mustafa Kemal\u2019in \u00e7ocuklu\u011fundan \u00f6l\u00fcm\u00fcne kadar onun en yak\u0131n arkada\u015f\u0131, s\u0131rda\u015f\u0131 ve daha da \u00f6tesi can dostu olmu\u015ftur. Atat\u00fcrk hastaland\u0131\u011f\u0131nda g\u00fcnlerce ba\u015fucundan ayr\u0131lmayan da, Gazi son nefesini verirken elini tutan da Salih Bozok\u2019tur. Atat\u00fcrk vefat etti\u011finde \u201cBa\u015fkomutan yaversiz gidemez!\u201d diyerek silahla kalbine ate\u015f edip intihar te\u015febb\u00fcs\u00fcnde bulunan, son anda hastaneye yeti\u015ftirilerek ameliyatlarla hayata d\u00f6nd\u00fcr\u00fclen Salih Bozok, 1941 y\u0131l\u0131nda vefat etti\u011finde, gazeteler \u201cSalih, Ata\u2019s\u0131na kavu\u015ftu\u201d man\u015fetleri atm\u0131\u015ft\u0131r. Salih Bozok, Atat\u00fcrk\u2019le birlikte yapt\u0131\u011f\u0131 seyahatlere dair notlar\u0131n\u0131, Atat\u00fcrk\u2019\u00fcn ona g\u00f6nderdi\u011fi mektuplar\u0131 muhafaza etmi\u015ftir. Tarih\u00ee \u00f6neme haiz bu malzemeyi kendisinden sat\u0131n almak isteyenler olmu\u015f, fakat Atat\u00fcrk\u2019\u00fcn buna m\u00fcsaade etmemesi ve \u201cBunlar\u0131 biz \u00f6ld\u00fckten sonra ne\u015fretmek \u00fczere \u00e7ocuklar\u0131na miras b\u0131rak,\u201d emri \u00fczerine Salih Bozok, bu belgeleri gelecek ku\u015faklara b\u0131rakm\u0131\u015ft\u0131r. Elinizdeki bu kitap, Salih Bozok\u2019un, \u00f6mr\u00fcn\u00fcn b\u00fcy\u00fck bir k\u0131sm\u0131n\u0131 beraber ge\u00e7irdi\u011fi Atat\u00fcrk\u2019e dair an\u0131lar\u0131n\u0131, duygular\u0131n\u0131 anlatt\u0131\u011f\u0131 ve birbirlerine yazd\u0131klar\u0131 mektuplar\u0131 da i\u00e7eren tarih\u00ee bir belge niteli\u011findedir.<\/p>\n","protected":false},"excerpt":{"rendered":"<p>Atat\u00fcrk&#8217;le ayn\u0131 y\u0131l, ayn\u0131 yerde (Selanik-1881) do\u011fan Salih Bozok, okul arkada\u015fl\u0131\u011f\u0131 da dahil olmak \u00fczere Mustafa Kemal\u2019in \u00e7ocuklu\u011fundan \u00f6l\u00fcm\u00fcne kadar onun en yak\u0131n arkada\u015f\u0131, s\u0131rda\u015f\u0131 ve<span class=\"excerpt-hellip\"> [\u2026]<\/span><\/p>\n","protected":false},"featured_media":0,"template":"","meta":{"_monsterinsights_skip_tracking":false,"_monsterinsights_sitenote_active":false,"_monsterinsights_sitenote_note":"","_monsterinsights_sitenote_category":0},"product_brand":[],"product_cat":[12530,12304],"product_tag":[],"class_list":{"0":"post-769506","1":"product","2":"type-product","3":"status-publish","5":"product_cat-mustafa-kemal-ataturk","6":"product_cat-tarih","7":"pa_cilt-ciltsiz","8":"pa_tur-kitap","9":"pa_yayinevi-pozitif-yayinlari","10":"pa_yazar-salih-bozok","12":"first","13":"instock","14":"sale","15":"shipping-taxable","16":"purchasable","17":"product-type-simple"},"_links":{"self":[{"href":"https:\/\/roveyayinevi.com.tr\/index.php\/wp-json\/wp\/v2\/product\/769506","targetHints":{"allow":["GET"]}}],"collection":[{"href":"https:\/\/roveyayinevi.com.tr\/index.php\/wp-json\/wp\/v2\/product"}],"about":[{"href":"https:\/\/roveyayinevi.com.tr\/index.php\/wp-json\/wp\/v2\/types\/product"}],"wp:attachment":[{"href":"https:\/\/roveyayinevi.com.tr\/index.php\/wp-json\/wp\/v2\/media?parent=769506"}],"wp:term":[{"taxonomy":"product_brand","embeddable":true,"href":"https:\/\/roveyayinevi.com.tr\/index.php\/wp-json\/wp\/v2\/product_brand?post=769506"},{"taxonomy":"product_cat","embeddable":true,"href":"https:\/\/roveyayinevi.com.tr\/index.php\/wp-json\/wp\/v2\/product_cat?post=769506"},{"taxonomy":"product_tag","embeddable":true,"href":"https:\/\/roveyayinevi.com.tr\/index.php\/wp-json\/wp\/v2\/product_tag?post=769506"}],"curies":[{"name":"wp","href":"https:\/\/api.w.org\/{rel}","templated":true}]}}