{"id":769502,"date":"2025-08-28T13:57:08","date_gmt":"2025-08-28T10:57:08","guid":{"rendered":"https:\/\/roveyayinevi.com.tr\/index.php\/urun\/cocuklar-risale-i-nur-okuyor\/"},"modified":"2026-04-15T03:35:43","modified_gmt":"2026-04-15T00:35:43","slug":"cocuklar-risale-i-nur-okuyor","status":"publish","type":"product","link":"https:\/\/roveyayinevi.com.tr\/index.php\/urun\/cocuklar-risale-i-nur-okuyor\/","title":{"rendered":"\u00c7ocuklar Risale-i Nur Okuyor"},"content":{"rendered":"<p>K\u00fc\u00e7\u00fck kalpleri Cennetler kadar g\u00fczel olan Sevgili \u00c7ocuklar ve k\u0131ymetli veliler, Y\u00fcce dinimiz \u0130slam\u2019\u0131n temel kayna\u011f\u0131 Kitab\u0131m\u0131z Kur\u2019an-\u0131 Kerim\u2019dir. Ard\u0131ndan Sevgili Peygamberimizin (s.a.v.) Hadis-i \u015eerifleridir. Sonra da \u0130slam b\u00fcy\u00fcklerinin g\u00fczel kitaplar\u0131d\u0131r. \u0130\u015fte \u201cRisale-i Nur\u201d bu g\u00fczel bu harika kitaplar\u0131n en \u00f6nde gelenlerindendir \u00e7\u00fcnk\u00fc \u201cRisale-i Nur\u201d y\u00fcce kitab\u0131m\u0131z Kur\u2019an-\u0131 Kerim\u2019in tefsiri ve Can\u0131m\u0131z Sevgili Peygamberimizin (s.a.v.) hadis-i \u015feriflerinin a\u00e7\u0131klamas\u0131d\u0131r. Sevgili \u00c7ocuklar ve k\u0131ymetli veliler, elinizdeki \u201c\u00c7ocuklar Risale-i Nur Okuyor\u201d kitab\u0131 sizlere iman\u0131, Kur\u2019an\u2019\u0131, islam\u2019\u0131, s\u00fcnneti, ahlak\u0131 ve en g\u00fczel erdemleri \u00f6\u011fretecek. B\u00f6ylece en g\u00fczel kazan\u0131mlar\u0131 ve de\u011ferleri elde edeceksiniz. Kitab\u0131m\u0131 33 y\u0131ll\u0131k e\u011fitim deneyimimle modern d\u00fcnyan\u0131n e\u011fitimdeki \u00e7a\u011fda\u015f yakla\u015f\u0131m\u0131 olan \u201cYap\u0131land\u0131rmac\u0131 E\u011fitim Modeli\u201d ile yani \u201cBilginin siz sevgili ve \u00e7ok de\u011ferli \u00e7ocuklar taraf\u0131ndan yap\u0131land\u0131r\u0131larak olu\u015fturulmas\u0131na, yorumlamas\u0131na ve geli\u015ftirmesine f\u0131rsat veren\u201d bir tarz ile yazd\u0131m. B\u00f6ylece \u201cE\u011fitim uzman\u0131\u201d vasf\u0131m\u0131 elinizdeki kitab\u0131mda harika ve \u00e7ok zevkli etkinliklerle uygulad\u0131m. Bunu yaparken \u00f6zellikle \u201cRisale-i Nur\u201dun tek bir harfinin bile orijinalli\u011fine dokunmad\u0131m yani asla \u201csadele\u015ftirme\u201d yapmad\u0131m bunu da do\u011fru bulmuyorum. \u0130\u015fte Sevgili \u00c7ocuklar, art\u0131k sizin de size \u00f6zel bir \u201cRisale-i Nur\u201d kitab\u0131n\u0131z var. \u00d6yleyse \u015fimdi sizleri ayetlerle, hadislerle, kazan\u0131mlarla, de\u011ferlerle, \u00f6yk\u00fclerle, \u015fiirlerle, bilmecelerle, bulmacalarla, f\u0131kralarla, boyamalarla dopdolu olan \u201c\u00c7ocuklar Risale-i Nur Okuyor\u201d kitab\u0131n\u0131z ile ba\u015f ba\u015fa b\u0131rak\u0131yorum. Haydi \u00f6yleyse, D\u00fcnyan\u0131z ve ahiretiniz cennet olsun diye &#8220;Bismillah&#8221; diyerek kitab\u0131n\u0131z\u0131 okumaya ba\u015flay\u0131n\u0131z. Mutlu okumalar\u2026 <\/p>\n","protected":false},"excerpt":{"rendered":"<p>K\u00fc\u00e7\u00fck kalpleri Cennetler kadar g\u00fczel olan Sevgili \u00c7ocuklar ve k\u0131ymetli veliler, Y\u00fcce dinimiz \u0130slam\u2019\u0131n temel kayna\u011f\u0131 Kitab\u0131m\u0131z Kur\u2019an-\u0131 Kerim\u2019dir. Ard\u0131ndan Sevgili Peygamberimizin (s.a.v.) Hadis-i \u015eerifleridir. Sonra<span class=\"excerpt-hellip\"> [\u2026]<\/span><\/p>\n","protected":false},"featured_media":0,"template":"","meta":{"_monsterinsights_skip_tracking":false,"_monsterinsights_sitenote_active":false,"_monsterinsights_sitenote_note":"","_monsterinsights_sitenote_category":0},"product_brand":[],"product_cat":[12274,18802],"product_tag":[],"class_list":{"0":"post-769502","1":"product","2":"type-product","3":"status-publish","5":"product_cat-cocuk-ve-genclik-kitaplari","6":"product_cat-din-egitimi","7":"pa_cilt-ciltsiz","8":"pa_tur-kitap","9":"pa_yayinevi-gulnar-yayinlari","10":"pa_yazar-yilmaz-yenidinc","12":"first","13":"instock","14":"sale","15":"shipping-taxable","16":"purchasable","17":"product-type-simple"},"_links":{"self":[{"href":"https:\/\/roveyayinevi.com.tr\/index.php\/wp-json\/wp\/v2\/product\/769502","targetHints":{"allow":["GET"]}}],"collection":[{"href":"https:\/\/roveyayinevi.com.tr\/index.php\/wp-json\/wp\/v2\/product"}],"about":[{"href":"https:\/\/roveyayinevi.com.tr\/index.php\/wp-json\/wp\/v2\/types\/product"}],"wp:attachment":[{"href":"https:\/\/roveyayinevi.com.tr\/index.php\/wp-json\/wp\/v2\/media?parent=769502"}],"wp:term":[{"taxonomy":"product_brand","embeddable":true,"href":"https:\/\/roveyayinevi.com.tr\/index.php\/wp-json\/wp\/v2\/product_brand?post=769502"},{"taxonomy":"product_cat","embeddable":true,"href":"https:\/\/roveyayinevi.com.tr\/index.php\/wp-json\/wp\/v2\/product_cat?post=769502"},{"taxonomy":"product_tag","embeddable":true,"href":"https:\/\/roveyayinevi.com.tr\/index.php\/wp-json\/wp\/v2\/product_tag?post=769502"}],"curies":[{"name":"wp","href":"https:\/\/api.w.org\/{rel}","templated":true}]}}