{"id":769500,"date":"2025-08-28T13:57:04","date_gmt":"2025-08-28T10:57:04","guid":{"rendered":"https:\/\/roveyayinevi.com.tr\/index.php\/urun\/gonul-nevasi\/"},"modified":"2026-04-15T03:35:43","modified_gmt":"2026-04-15T00:35:43","slug":"gonul-nevasi","status":"publish","type":"product","link":"https:\/\/roveyayinevi.com.tr\/index.php\/urun\/gonul-nevasi\/","title":{"rendered":"G\u00f6n\u00fcl Nevas\u0131"},"content":{"rendered":"<p>SEN \u0130STANBUL G\u0130B\u0130S\u0130N Ufkundaki d\u00fc\u015flerin, ulv\u00eele\u015fen bir seyy\u00e2h Karanl\u0131ktan \u00e2z\u00e2de, p\u0131r\u0131l p\u0131r\u0131l bir sab\u00e2h Hem g\u00fcnd\u00fcz\u00fcn hem gecen, kalbe do\u011fan mihr \u00fc m\u00e2h Ba\u015fka s\u00f6ze h\u00e2cet yok, sen \u0130stanbul gibisin.   Hayk\u0131r\u0131rken g\u00fcr sesle, yedi tepe \u00fcst\u00fcnden G\u00f6rd\u00fc\u011f\u00fcn her g\u00fczelin, \u015favk\u0131 vurur h\u00fcsn\u00fcnden Kurtulursun d\u00fcny\u00e2n\u0131n, elemli gam y\u00fck\u00fcnden Ba\u015fka s\u00f6ze h\u00e2cet yok, sen \u0130stanbul gibisin.   Tebess\u00fcml\u00fc her \u00e2n\u0131n, ka\u015flara hil\u00e2l \u00e7eker Bak\u0131\u015flar\u0131n naz etse, kalbe bir mel\u00e2l \u00e7\u00f6ker K\u0131rlardaki \u00e7i\u00e7ekler, \u015febnemiyle ya\u015f d\u00f6ker Ba\u015fka s\u00f6ze h\u00e2cet yok, sen \u0130stanbul gibisin.   At\u00e2letle hapsolan, her duygu bir tehirdir N\u00fbr dery\u00e2s\u0131 i\u00e7inde, umutlar bir nehirdir \u0130nsano\u011flu et kemik, her insan bir \u015fehirdir Ba\u015fka s\u00f6ze h\u00e2cet yok, sen \u0130stanbul gibisin.   Hislerini bilenler, benzetirler dery\u00e2ya Kap\u0131l\u0131rs\u0131n \u00e2n be \u00e2n, efsunk\u00e2r bir h\u00fcly\u00e2ya Sevd\u00e2n da\u011flar kadard\u0131r, s\u0131\u011fmaz derler d\u00fcny\u00e2ya Ba\u015fka s\u00f6ze h\u00e2cet yok, sen \u0130stanbul gibisin. <\/p>\n","protected":false},"excerpt":{"rendered":"<p>SEN \u0130STANBUL G\u0130B\u0130S\u0130N Ufkundaki d\u00fc\u015flerin, ulv\u00eele\u015fen bir seyy\u00e2h Karanl\u0131ktan \u00e2z\u00e2de, p\u0131r\u0131l p\u0131r\u0131l bir sab\u00e2h Hem g\u00fcnd\u00fcz\u00fcn hem gecen, kalbe do\u011fan mihr \u00fc m\u00e2h Ba\u015fka s\u00f6ze h\u00e2cet<span class=\"excerpt-hellip\"> [\u2026]<\/span><\/p>\n","protected":false},"featured_media":0,"template":"","meta":{"_monsterinsights_skip_tracking":false,"_monsterinsights_sitenote_active":false,"_monsterinsights_sitenote_note":"","_monsterinsights_sitenote_category":0},"product_brand":[],"product_cat":[12291,12509],"product_tag":[],"class_list":{"0":"post-769500","1":"product","2":"type-product","3":"status-publish","5":"product_cat-edebiyat","6":"product_cat-siir","7":"pa_cilt-ciltsiz","8":"pa_tur-kitap","9":"pa_yayinevi-gulnar-yayinlari","10":"pa_yazar-cemalettin-turan","12":"first","13":"instock","14":"sale","15":"shipping-taxable","16":"purchasable","17":"product-type-simple"},"_links":{"self":[{"href":"https:\/\/roveyayinevi.com.tr\/index.php\/wp-json\/wp\/v2\/product\/769500","targetHints":{"allow":["GET"]}}],"collection":[{"href":"https:\/\/roveyayinevi.com.tr\/index.php\/wp-json\/wp\/v2\/product"}],"about":[{"href":"https:\/\/roveyayinevi.com.tr\/index.php\/wp-json\/wp\/v2\/types\/product"}],"wp:attachment":[{"href":"https:\/\/roveyayinevi.com.tr\/index.php\/wp-json\/wp\/v2\/media?parent=769500"}],"wp:term":[{"taxonomy":"product_brand","embeddable":true,"href":"https:\/\/roveyayinevi.com.tr\/index.php\/wp-json\/wp\/v2\/product_brand?post=769500"},{"taxonomy":"product_cat","embeddable":true,"href":"https:\/\/roveyayinevi.com.tr\/index.php\/wp-json\/wp\/v2\/product_cat?post=769500"},{"taxonomy":"product_tag","embeddable":true,"href":"https:\/\/roveyayinevi.com.tr\/index.php\/wp-json\/wp\/v2\/product_tag?post=769500"}],"curies":[{"name":"wp","href":"https:\/\/api.w.org\/{rel}","templated":true}]}}