{"id":769497,"date":"2025-08-28T13:56:57","date_gmt":"2025-08-28T10:56:57","guid":{"rendered":"https:\/\/roveyayinevi.com.tr\/index.php\/urun\/dehlizin-fedaileri-iii-kaos\/"},"modified":"2026-04-08T03:31:44","modified_gmt":"2026-04-08T00:31:44","slug":"dehlizin-fedaileri-iii-kaos","status":"publish","type":"product","link":"https:\/\/roveyayinevi.com.tr\/index.php\/urun\/dehlizin-fedaileri-iii-kaos\/","title":{"rendered":"Dehlizin Fedaileri III Kaos"},"content":{"rendered":"<p>Firavun\u2019un K\u0131z\u0131l Deniz\u2019de bo\u011fulmas\u0131n\u0131n ard\u0131ndan Hazreti Musa Aleyhisselam, kavmine vaazlar vererek onlar\u0131 bilgilendiriyordu. Onun ilmi ve marifeti o kadar derindi ki, kavmi ona hayranl\u0131kla bak\u0131yordu. \u0130\u00e7lerinden biri, \u201cEy Allah\u2019\u0131n Peygamberi, \u015fu yery\u00fcz\u00fcnde senden daha alim kimse var m\u0131?\u201d diye sordu. Hazreti Musa, \u201cB\u00f6yle bir kimse bilmiyorum\u201d diye yan\u0131tlad\u0131. Tam o esnada kendisine vahiy geldi: \u201c\u0130ki denizin birle\u015fti\u011fi yerde bir kulum var ki, ona has bir ilim vermi\u015fimdir. \u00dcmmetinin se\u00e7kinlerinden birisiyle ona git.\u201d Kendisine i\u015faret edilen zat H\u0131z\u0131r Aleyhisselamd\u0131. Hazreti Musa, \u201cO zat\u0131 nas\u0131l bulabilirim Ya Rabbi?\u201d diye sordu. Allah\u2019u Teala, sepetine tuzlanm\u0131\u015f \u00f6l\u00fc bir bal\u0131k koymas\u0131n\u0131, bu bal\u0131\u011f\u0131n canlan\u0131p denize atlad\u0131\u011f\u0131 iki denizin birle\u015fti\u011fi yerde H\u0131z\u0131r\u2019\u0131 bulaca\u011f\u0131n\u0131 bildirdi. Hazreti Musa, emredildi\u011fi gibi sepetine \u00f6l\u00fc bir bal\u0131k koydu ve yan\u0131na se\u00e7kin bir arkada\u015f\u0131n\u0131 alarak yola \u00e7\u0131kt\u0131. Uzun bir yolculuktan sonra, bal\u0131\u011f\u0131n canlan\u0131p denize atlad\u0131\u011f\u0131 yerde durdular. Bu yer, bug\u00fcnk\u00fc K\u0131z Kulesi\u2019nin bulundu\u011fu yerdi. <\/p>\n","protected":false},"excerpt":{"rendered":"<p>Firavun\u2019un K\u0131z\u0131l Deniz\u2019de bo\u011fulmas\u0131n\u0131n ard\u0131ndan Hazreti Musa Aleyhisselam, kavmine vaazlar vererek onlar\u0131 bilgilendiriyordu. Onun ilmi ve marifeti o kadar derindi ki, kavmi ona hayranl\u0131kla bak\u0131yordu. \u0130\u00e7lerinden<span class=\"excerpt-hellip\"> [\u2026]<\/span><\/p>\n","protected":false},"featured_media":0,"template":"","meta":{"_monsterinsights_skip_tracking":false,"_monsterinsights_sitenote_active":false,"_monsterinsights_sitenote_note":"","_monsterinsights_sitenote_category":0},"product_brand":[],"product_cat":[12291,12711],"product_tag":[],"class_list":{"0":"post-769497","1":"product","2":"type-product","3":"status-publish","5":"product_cat-edebiyat","6":"product_cat-roman-oyku","7":"pa_cilt-ciltsiz","8":"pa_tur-kitap","9":"pa_yayinevi-bilge-budun-yayinlari","10":"pa_yazar-omer-faruk-karaman","12":"first","13":"instock","14":"sale","15":"shipping-taxable","16":"purchasable","17":"product-type-simple"},"_links":{"self":[{"href":"https:\/\/roveyayinevi.com.tr\/index.php\/wp-json\/wp\/v2\/product\/769497","targetHints":{"allow":["GET"]}}],"collection":[{"href":"https:\/\/roveyayinevi.com.tr\/index.php\/wp-json\/wp\/v2\/product"}],"about":[{"href":"https:\/\/roveyayinevi.com.tr\/index.php\/wp-json\/wp\/v2\/types\/product"}],"wp:attachment":[{"href":"https:\/\/roveyayinevi.com.tr\/index.php\/wp-json\/wp\/v2\/media?parent=769497"}],"wp:term":[{"taxonomy":"product_brand","embeddable":true,"href":"https:\/\/roveyayinevi.com.tr\/index.php\/wp-json\/wp\/v2\/product_brand?post=769497"},{"taxonomy":"product_cat","embeddable":true,"href":"https:\/\/roveyayinevi.com.tr\/index.php\/wp-json\/wp\/v2\/product_cat?post=769497"},{"taxonomy":"product_tag","embeddable":true,"href":"https:\/\/roveyayinevi.com.tr\/index.php\/wp-json\/wp\/v2\/product_tag?post=769497"}],"curies":[{"name":"wp","href":"https:\/\/api.w.org\/{rel}","templated":true}]}}