{"id":769496,"date":"2025-08-28T13:56:56","date_gmt":"2025-08-28T10:56:56","guid":{"rendered":"https:\/\/roveyayinevi.com.tr\/index.php\/urun\/hz-muhammed-gibi-beslenmek\/"},"modified":"2026-04-15T03:35:43","modified_gmt":"2026-04-15T00:35:43","slug":"hz-muhammed-gibi-beslenmek","status":"publish","type":"product","link":"https:\/\/roveyayinevi.com.tr\/index.php\/urun\/hz-muhammed-gibi-beslenmek\/","title":{"rendered":"Hz. Muhammed Gibi Beslenmek"},"content":{"rendered":"<p>Bin d\u00f6rt y\u00fcz y\u0131l \u00f6ncesinden gelen kadim bir beslenme rehberi!   \u201cAllah\u2019\u0131n size verdi\u011fi helal ve temiz r\u0131z\u0131klardan yiyin ve iman etmi\u015f oldu\u011funuz Allah\u2019\u0131n yasaklar\u0131ndan sak\u0131n\u0131n.\u201d Kuran, Maide Suresi 88   G\u00fcn\u00fcm\u00fcz insan\u0131n\u0131n en \u00f6nemli sorunlar\u0131ndan biri beslenme ve diyet oldu. D\u00fcnyada 700 milyondan fazla insan a\u00e7l\u0131k, 1 milyar insan ise obezlik sorunu ya\u015f\u0131yor. Neredeyse her g\u00fcn yeni bir diyet moda oluyor. \u0130nsanlar kilo vermek ve daha iyi g\u00f6r\u00fcnmek i\u00e7in moda diyetleri takip ediyor, diyetisyenlere yo\u011fun mesai yapt\u0131r\u0131yorlar. Oysa bin d\u00f6rt y\u00fcz y\u0131l \u00f6ncesinden gelen harika bir form\u00fcl var. Her anlamda insanl\u0131\u011fa \u0131\u015f\u0131k olan Hz. Muhammed (s.a.v.) yeme i\u00e7me tarz\u0131yla da bug\u00fcn\u00fcn insan\u0131n\u0131n dertlerine derman olabilir. Onun yeme tarz\u0131, al\u0131\u015fkanl\u0131klar\u0131, beslenmeye ili\u015fkin \u00f6\u011f\u00fctleri Hz. Muhammed Gibi Beslenmek kitab\u0131nda&#8230; T\u00fcrk edebiyat\u0131n\u0131n \u00f6nemli yazarlar\u0131ndan U\u011fur Becerikli, \u201c\u00e2lemlere rahmet\u201d olan Hz. Muhammed\u2019in (s.a.v.) beslenme al\u0131\u015fkanl\u0131klar\u0131n\u0131 anlat\u0131yor. <\/p>\n","protected":false},"excerpt":{"rendered":"<p>Bin d\u00f6rt y\u00fcz y\u0131l \u00f6ncesinden gelen kadim bir beslenme rehberi! \u201cAllah\u2019\u0131n size verdi\u011fi helal ve temiz r\u0131z\u0131klardan yiyin ve iman etmi\u015f oldu\u011funuz Allah\u2019\u0131n yasaklar\u0131ndan sak\u0131n\u0131n.\u201d Kuran,<span class=\"excerpt-hellip\"> [\u2026]<\/span><\/p>\n","protected":false},"featured_media":0,"template":"","meta":{"_monsterinsights_skip_tracking":false,"_monsterinsights_sitenote_active":false,"_monsterinsights_sitenote_note":"","_monsterinsights_sitenote_category":0},"product_brand":[],"product_cat":[13402,13365],"product_tag":[],"class_list":{"0":"post-769496","1":"product","2":"type-product","3":"status-publish","5":"product_cat-beslenme-ve-diyet","6":"product_cat-saglik","7":"pa_cilt-ciltsiz","8":"pa_tur-kitap","9":"pa_yayinevi-destek-yayinlari","10":"pa_yazar-ugur-becerikli","12":"first","13":"instock","14":"sale","15":"shipping-taxable","16":"purchasable","17":"product-type-simple"},"_links":{"self":[{"href":"https:\/\/roveyayinevi.com.tr\/index.php\/wp-json\/wp\/v2\/product\/769496","targetHints":{"allow":["GET"]}}],"collection":[{"href":"https:\/\/roveyayinevi.com.tr\/index.php\/wp-json\/wp\/v2\/product"}],"about":[{"href":"https:\/\/roveyayinevi.com.tr\/index.php\/wp-json\/wp\/v2\/types\/product"}],"wp:attachment":[{"href":"https:\/\/roveyayinevi.com.tr\/index.php\/wp-json\/wp\/v2\/media?parent=769496"}],"wp:term":[{"taxonomy":"product_brand","embeddable":true,"href":"https:\/\/roveyayinevi.com.tr\/index.php\/wp-json\/wp\/v2\/product_brand?post=769496"},{"taxonomy":"product_cat","embeddable":true,"href":"https:\/\/roveyayinevi.com.tr\/index.php\/wp-json\/wp\/v2\/product_cat?post=769496"},{"taxonomy":"product_tag","embeddable":true,"href":"https:\/\/roveyayinevi.com.tr\/index.php\/wp-json\/wp\/v2\/product_tag?post=769496"}],"curies":[{"name":"wp","href":"https:\/\/api.w.org\/{rel}","templated":true}]}}