{"id":769494,"date":"2025-08-28T13:56:54","date_gmt":"2025-08-28T10:56:54","guid":{"rendered":"https:\/\/roveyayinevi.com.tr\/index.php\/urun\/1848-unutulmus-devrim\/"},"modified":"2026-04-15T03:35:43","modified_gmt":"2026-04-15T00:35:43","slug":"1848-unutulmus-devrim","status":"publish","type":"product","link":"https:\/\/roveyayinevi.com.tr\/index.php\/urun\/1848-unutulmus-devrim\/","title":{"rendered":"1848 Unutulmu\u015f Devrim"},"content":{"rendered":"<p>Maurizio Gribaudi ve Mich\u00e8le Riot-Sarcey taraf\u0131ndan kaleme al\u0131nm\u0131\u015f 1848: Unutulmu\u015f Devrim, Fransa\u2019n\u0131n siyasi tarihinde genellikle g\u00f6lgede kalm\u0131\u015f ancak bu\u0308yu\u0308k toplumsal d\u00f6nu\u0308\u015fu\u0308mlere zemin haz\u0131rlayan bir d\u00f6nemi mercek alt\u0131na al\u0131yor. 1848 \u015eubat Devrimi\u2019ni ve ard\u0131ndan gelen kanl\u0131 Haziran ayaklanmas\u0131n\u0131 tu\u0308m boyutlar\u0131yla ele alan kitap, yaln\u0131zca bir rejim de\u011fi\u015fikli\u011fini de\u011fil, bir halk\u0131n e\u015fitlik, adalet ve demokratik haklar aray\u0131\u015f\u0131n\u0131 da g\u00f6zler \u00f6nu\u0308ne seriyor. Eser, k\u00f6klu\u0308 monar\u015finin \u00e7\u00f6ku\u0308\u015fu\u0308nu\u0308, halk hareketlerinin do\u011fu\u015funu ve yeni bir Cumhuriyet\u2019in sanc\u0131l\u0131 ba\u015flang\u0131c\u0131n\u0131 anlat\u0131rken d\u00f6nemin tan\u0131klar\u0131n\u0131n mektuplar\u0131na, gu\u0308nlu\u0308klere, gazetelere ve resmi belgelere yer veriyor. Bu ifadeler, \u00e7e\u015fitli bak\u0131\u015f a\u00e7\u0131lar\u0131yla, hem devrimin seyrini hem de halk\u0131n ve i\u015f\u00e7i s\u0131n\u0131f\u0131n\u0131n ya\u015fad\u0131\u011f\u0131 zorluklar\u0131 ve mu\u0308cadelesini bugu\u0308ne ta\u015f\u0131yor ve anlamam\u0131za olanak tan\u0131yor. Zenginle\u015ftirilmi\u015f tan\u0131k ifadeleri, d\u00f6nemin toplumsal yap\u0131s\u0131na dair \u00e7arp\u0131c\u0131 detaylar ve titiz tarihsel analizlerle Gribaudi ve Riot-Sarcey\u2019nin \u00e7al\u0131\u015fmas\u0131, devrimi yaln\u0131zca tarihsel bir olay olarak de\u011fil, toplumsal yap\u0131y\u0131 yeniden \u015fekillendiren bir su\u0308re\u00e7 olarak sunarak, e\u015fitlik ve \u00f6zgu\u0308rlu\u0308k mu\u0308cadelesinin bugu\u0308ne kadar su\u0308ru\u0308p gelen etkilerini g\u00f6zler \u00f6nu\u0308ne seriyor. <\/p>\n","protected":false},"excerpt":{"rendered":"<p>Maurizio Gribaudi ve Mich\u00e8le Riot-Sarcey taraf\u0131ndan kaleme al\u0131nm\u0131\u015f 1848: Unutulmu\u015f Devrim, Fransa\u2019n\u0131n siyasi tarihinde genellikle g\u00f6lgede kalm\u0131\u015f ancak bu\u0308yu\u0308k toplumsal d\u00f6nu\u0308\u015fu\u0308mlere zemin haz\u0131rlayan bir d\u00f6nemi mercek<span class=\"excerpt-hellip\"> [\u2026]<\/span><\/p>\n","protected":false},"featured_media":0,"template":"","meta":{"_monsterinsights_skip_tracking":false,"_monsterinsights_sitenote_active":false,"_monsterinsights_sitenote_note":"","_monsterinsights_sitenote_category":0},"product_brand":[],"product_cat":[12305,12304],"product_tag":[],"class_list":{"0":"post-769494","1":"product","2":"type-product","3":"status-publish","5":"product_cat-dunya-tarihi","6":"product_cat-tarih","7":"pa_cilt-ciltsiz","8":"pa_tur-kitap","9":"pa_yayinevi-ayrinti-yayinlari","10":"pa_yazar-maurizio-gribaudi-michele-riot-sarcey","12":"first","13":"instock","14":"sale","15":"shipping-taxable","16":"purchasable","17":"product-type-simple"},"_links":{"self":[{"href":"https:\/\/roveyayinevi.com.tr\/index.php\/wp-json\/wp\/v2\/product\/769494","targetHints":{"allow":["GET"]}}],"collection":[{"href":"https:\/\/roveyayinevi.com.tr\/index.php\/wp-json\/wp\/v2\/product"}],"about":[{"href":"https:\/\/roveyayinevi.com.tr\/index.php\/wp-json\/wp\/v2\/types\/product"}],"wp:attachment":[{"href":"https:\/\/roveyayinevi.com.tr\/index.php\/wp-json\/wp\/v2\/media?parent=769494"}],"wp:term":[{"taxonomy":"product_brand","embeddable":true,"href":"https:\/\/roveyayinevi.com.tr\/index.php\/wp-json\/wp\/v2\/product_brand?post=769494"},{"taxonomy":"product_cat","embeddable":true,"href":"https:\/\/roveyayinevi.com.tr\/index.php\/wp-json\/wp\/v2\/product_cat?post=769494"},{"taxonomy":"product_tag","embeddable":true,"href":"https:\/\/roveyayinevi.com.tr\/index.php\/wp-json\/wp\/v2\/product_tag?post=769494"}],"curies":[{"name":"wp","href":"https:\/\/api.w.org\/{rel}","templated":true}]}}