{"id":769493,"date":"2025-08-28T13:56:52","date_gmt":"2025-08-28T10:56:52","guid":{"rendered":"https:\/\/roveyayinevi.com.tr\/index.php\/urun\/nukleer-santral-sevdasi\/"},"modified":"2026-04-15T03:35:43","modified_gmt":"2026-04-15T00:35:43","slug":"nukleer-santral-sevdasi","status":"publish","type":"product","link":"https:\/\/roveyayinevi.com.tr\/index.php\/urun\/nukleer-santral-sevdasi\/","title":{"rendered":"N\u00fckleer Santral Sevdas\u0131"},"content":{"rendered":"<p>N\u00fckleer enerji esasen Siyam ikizleri gibidir. Bir yan\u0131n\u0131 n\u00fckleer santrallar olu\u015ftururken di\u011fer yan\u0131nda n\u00fckleer bombalar bulunmaktad\u0131r. Bu nedenle n\u00fckleer enerji T\u00fcrkiye de oldu\u011fu gibi d\u00fcnyada da \u00e7ok tart\u0131\u015f\u0131lm\u0131\u015ft\u0131r. Keza n\u00fckleer end\u00fcstri baz\u0131 belirsizliklerle hala debelenmektedir. Bunun temel nedeni baz\u0131 sorunlar\u0131n t\u00fcm\u00fcyle \u00e7\u00f6z\u00fcmlenememi\u015f olmas\u0131ndand\u0131r. T\u00fcm bunlara ra\u011fmen nas\u0131l d\u00fcn\u00fcn enerji kaynaklar\u0131ndan birisi k\u00f6m\u00fcr ise bug\u00fcn\u00fcn kaynaklar\u0131ndan biriside b\u00f6l\u00fcnebilir radyoaktif maddelerdir. \u00d6nemli olan \u00e7a\u011f\u0131 ya\u015famakt\u0131r. Bug\u00fcn nas\u0131l k\u00f6m\u00fcre kar\u015f\u0131 tepki artm\u0131\u015fsa gelecekte de n\u00fckleer enerji yerine ba\u015fka alternatifler aranabilecektir. Kayg\u0131 belirsizliklerden kaynaklan\u0131r. Belirsizlikler ise konular\u0131n derinlemesine ara\u015ft\u0131r\u0131lmas\u0131 i\u00e7in \u00f6nemli bir motivasyon kayna\u011f\u0131d\u0131r. Ya\u015fananlar ve yaz\u0131lanlar kayg\u0131lar\u0131n azalmas\u0131na katk\u0131da bulunmu\u015f ise ne mutlu bize. <\/p>\n","protected":false},"excerpt":{"rendered":"<p>N\u00fckleer enerji esasen Siyam ikizleri gibidir. Bir yan\u0131n\u0131 n\u00fckleer santrallar olu\u015ftururken di\u011fer yan\u0131nda n\u00fckleer bombalar bulunmaktad\u0131r. Bu nedenle n\u00fckleer enerji T\u00fcrkiye de oldu\u011fu gibi d\u00fcnyada da<span class=\"excerpt-hellip\"> [\u2026]<\/span><\/p>\n","protected":false},"featured_media":0,"template":"","meta":{"_monsterinsights_skip_tracking":false,"_monsterinsights_sitenote_active":false,"_monsterinsights_sitenote_note":"","_monsterinsights_sitenote_category":0},"product_brand":[],"product_cat":[13005,37328],"product_tag":[],"class_list":{"0":"post-769493","1":"product","2":"type-product","3":"status-publish","5":"product_cat-bilim-muhendislik","6":"product_cat-diger-bilim-muhendislik","7":"pa_cilt-ciltsiz","8":"pa_tur-kitap","9":"pa_yayinevi-nika-yayinevi","10":"pa_yazar-yilmaz-bektur","12":"first","13":"instock","14":"sale","15":"shipping-taxable","16":"purchasable","17":"product-type-simple"},"_links":{"self":[{"href":"https:\/\/roveyayinevi.com.tr\/index.php\/wp-json\/wp\/v2\/product\/769493","targetHints":{"allow":["GET"]}}],"collection":[{"href":"https:\/\/roveyayinevi.com.tr\/index.php\/wp-json\/wp\/v2\/product"}],"about":[{"href":"https:\/\/roveyayinevi.com.tr\/index.php\/wp-json\/wp\/v2\/types\/product"}],"wp:attachment":[{"href":"https:\/\/roveyayinevi.com.tr\/index.php\/wp-json\/wp\/v2\/media?parent=769493"}],"wp:term":[{"taxonomy":"product_brand","embeddable":true,"href":"https:\/\/roveyayinevi.com.tr\/index.php\/wp-json\/wp\/v2\/product_brand?post=769493"},{"taxonomy":"product_cat","embeddable":true,"href":"https:\/\/roveyayinevi.com.tr\/index.php\/wp-json\/wp\/v2\/product_cat?post=769493"},{"taxonomy":"product_tag","embeddable":true,"href":"https:\/\/roveyayinevi.com.tr\/index.php\/wp-json\/wp\/v2\/product_tag?post=769493"}],"curies":[{"name":"wp","href":"https:\/\/api.w.org\/{rel}","templated":true}]}}