{"id":769486,"date":"2025-08-28T13:56:38","date_gmt":"2025-08-28T10:56:38","guid":{"rendered":"https:\/\/roveyayinevi.com.tr\/index.php\/urun\/cok-kolay-baglanirim\/"},"modified":"2026-04-03T03:26:30","modified_gmt":"2026-04-03T00:26:30","slug":"cok-kolay-baglanirim","status":"publish","type":"product","link":"https:\/\/roveyayinevi.com.tr\/index.php\/urun\/cok-kolay-baglanirim\/","title":{"rendered":"\u00c7ok Kolay Ba\u011flan\u0131r\u0131m"},"content":{"rendered":"<p>\u00c7ok Kolay Ba\u011flan\u0131r\u0131m, bir kahraman\u0131n hik\u00e2yesinin hik\u00e2yesi. Erkek kahraman bir yolculu\u011fa \u00e7\u0131kar. Kad\u0131n kahramana ula\u015fmak ve onu tu\u0308m itirazlar\u0131na ra\u011fmen sevmeye ikna etmek onun g\u00f6revidir. Bu\u0308yu\u0308k kahraman Herku\u0308l, on iki zorlu s\u0131nav\u0131 ba\u015far\u0131yla tamamlamal\u0131d\u0131r. Ancak bizim kahraman\u0131m\u0131z kitab\u0131n on iki b\u00f6lu\u0308mu\u0308nde ufak tefek sorunlar\u0131 a\u015fmakta dahi beceriksizdir.   Kral Odysseus, kar\u0131s\u0131na geri d\u00f6nebilmek i\u00e7in tam on y\u0131l\u0131n\u0131 denizlerde ge\u00e7irmi\u015ftir. Bizim kahraman\u0131m\u0131z\u0131n maceras\u0131ysa yaln\u0131zca u\u0308\u00e7 gu\u0308n su\u0308rer.   Neyse ki u\u00e7ak icat edildi. Fakat modern du\u0308nyadaki hi\u00e7bir teknolojik geli\u015fme, ne u\u00e7ak ne telefon ne de araba, a\u015fk\u0131 kar\u015f\u0131l\u0131ks\u0131z kalan   kahramanlar\u0131n kaderini de\u011fi\u015ftirmemi\u015f. Yola, yenildi\u011fini bilerek \u00e7\u0131kan kahraman\u0131m\u0131z, ufac\u0131k da olsa diri tutar umudunu, belki de\u011fi\u015fir makus kader diyerek&#8230;   Bakal\u0131m, nas\u0131l evine d\u00f6necek erkek kahraman\u0131m\u0131z, ne isteyecek kad\u0131n kahraman\u0131m\u0131z?<\/p>\n","protected":false},"excerpt":{"rendered":"<p>\u00c7ok Kolay Ba\u011flan\u0131r\u0131m, bir kahraman\u0131n hik\u00e2yesinin hik\u00e2yesi. Erkek kahraman bir yolculu\u011fa \u00e7\u0131kar. Kad\u0131n kahramana ula\u015fmak ve onu tu\u0308m itirazlar\u0131na ra\u011fmen sevmeye ikna etmek onun g\u00f6revidir. Bu\u0308yu\u0308k<span class=\"excerpt-hellip\"> [\u2026]<\/span><\/p>\n","protected":false},"featured_media":0,"template":"","meta":{"_monsterinsights_skip_tracking":false,"_monsterinsights_sitenote_active":false,"_monsterinsights_sitenote_note":"","_monsterinsights_sitenote_category":0},"product_brand":[],"product_cat":[12291,12711],"product_tag":[],"class_list":{"0":"post-769486","1":"product","2":"type-product","3":"status-publish","5":"product_cat-edebiyat","6":"product_cat-roman-oyku","7":"pa_cilt-ciltsiz","8":"pa_tur-kitap","9":"pa_yayinevi-dusbaz-kitaplar","10":"pa_yazar-herve-le-tellier","12":"first","13":"instock","14":"sale","15":"shipping-taxable","16":"purchasable","17":"product-type-simple"},"_links":{"self":[{"href":"https:\/\/roveyayinevi.com.tr\/index.php\/wp-json\/wp\/v2\/product\/769486","targetHints":{"allow":["GET"]}}],"collection":[{"href":"https:\/\/roveyayinevi.com.tr\/index.php\/wp-json\/wp\/v2\/product"}],"about":[{"href":"https:\/\/roveyayinevi.com.tr\/index.php\/wp-json\/wp\/v2\/types\/product"}],"wp:attachment":[{"href":"https:\/\/roveyayinevi.com.tr\/index.php\/wp-json\/wp\/v2\/media?parent=769486"}],"wp:term":[{"taxonomy":"product_brand","embeddable":true,"href":"https:\/\/roveyayinevi.com.tr\/index.php\/wp-json\/wp\/v2\/product_brand?post=769486"},{"taxonomy":"product_cat","embeddable":true,"href":"https:\/\/roveyayinevi.com.tr\/index.php\/wp-json\/wp\/v2\/product_cat?post=769486"},{"taxonomy":"product_tag","embeddable":true,"href":"https:\/\/roveyayinevi.com.tr\/index.php\/wp-json\/wp\/v2\/product_tag?post=769486"}],"curies":[{"name":"wp","href":"https:\/\/api.w.org\/{rel}","templated":true}]}}