{"id":769485,"date":"2025-08-28T13:56:36","date_gmt":"2025-08-28T10:56:36","guid":{"rendered":"https:\/\/roveyayinevi.com.tr\/index.php\/urun\/katilim-bankaciligi-katilim-sigortaciligi-tekaful-turkiye-uygulamasi\/"},"modified":"2026-04-15T03:35:43","modified_gmt":"2026-04-15T00:35:43","slug":"katilim-bankaciligi-katilim-sigortaciligi-tekaful-turkiye-uygulamasi","status":"publish","type":"product","link":"https:\/\/roveyayinevi.com.tr\/index.php\/urun\/katilim-bankaciligi-katilim-sigortaciligi-tekaful-turkiye-uygulamasi\/","title":{"rendered":"Kat\u0131l\u0131m Bankac\u0131l\u0131\u011f\u0131 &amp; Kat\u0131l\u0131m Sigortac\u0131l\u0131\u011f\u0131 (Tekaf\u00fcl) T\u00fcrkiye Uygulamas\u0131"},"content":{"rendered":"<p>\u0130\u00e7indekiler :     \u00b7         1.B\u00d6L\u00dcM FA\u0130ZS\u0130Z BANKACILIK   \u00b7         2.B\u00d6L\u00dcM KATILIM BANKACILI\u011eI   \u00b7         3.B\u00d6L\u00dcM KATILIM BANKALARI \u0130LE MEVDUAT BANKALARI ARASINDAK\u0130 FARKLAR   \u00b7         4.B\u00d6L\u00dcM T\u00dcRK BANKACILIK SEKT\u00d6R\u00dcNDE KATILIM BANKACILI\u011eI   \u00b7         5.B\u00d6L\u00dcM KATILIM S\u0130GORTACILI\u011eI (TEK\u00c2F\u00dcL)   \u00b7         6.B\u00d6L\u00dcM KATILIM BANKACILI\u011eI VE KATILIM S\u0130GORTACILI\u011eINDA SIK KAR\u015eILA\u015eILAN SORULAR <\/p>\n","protected":false},"excerpt":{"rendered":"<p>\u0130\u00e7indekiler : \u00b7 1.B\u00d6L\u00dcM FA\u0130ZS\u0130Z BANKACILIK \u00b7 2.B\u00d6L\u00dcM KATILIM BANKACILI\u011eI \u00b7 3.B\u00d6L\u00dcM KATILIM BANKALARI \u0130LE MEVDUAT BANKALARI ARASINDAK\u0130 FARKLAR \u00b7 4.B\u00d6L\u00dcM T\u00dcRK BANKACILIK SEKT\u00d6R\u00dcNDE KATILIM BANKACILI\u011eI<span class=\"excerpt-hellip\"> [\u2026]<\/span><\/p>\n","protected":false},"featured_media":0,"template":"","meta":{"_monsterinsights_skip_tracking":false,"_monsterinsights_sitenote_active":false,"_monsterinsights_sitenote_note":"","_monsterinsights_sitenote_category":0},"product_brand":[],"product_cat":[13043],"product_tag":[],"class_list":{"0":"post-769485","1":"product","2":"type-product","3":"status-publish","5":"product_cat-ekonomi","6":"pa_cilt-ciltsiz","7":"pa_tur-kitap","8":"pa_yayinevi-gazi-kitabevi","9":"pa_yazar-mustafa-beybur","11":"first","12":"instock","13":"sale","14":"shipping-taxable","15":"purchasable","16":"product-type-simple"},"_links":{"self":[{"href":"https:\/\/roveyayinevi.com.tr\/index.php\/wp-json\/wp\/v2\/product\/769485","targetHints":{"allow":["GET"]}}],"collection":[{"href":"https:\/\/roveyayinevi.com.tr\/index.php\/wp-json\/wp\/v2\/product"}],"about":[{"href":"https:\/\/roveyayinevi.com.tr\/index.php\/wp-json\/wp\/v2\/types\/product"}],"wp:attachment":[{"href":"https:\/\/roveyayinevi.com.tr\/index.php\/wp-json\/wp\/v2\/media?parent=769485"}],"wp:term":[{"taxonomy":"product_brand","embeddable":true,"href":"https:\/\/roveyayinevi.com.tr\/index.php\/wp-json\/wp\/v2\/product_brand?post=769485"},{"taxonomy":"product_cat","embeddable":true,"href":"https:\/\/roveyayinevi.com.tr\/index.php\/wp-json\/wp\/v2\/product_cat?post=769485"},{"taxonomy":"product_tag","embeddable":true,"href":"https:\/\/roveyayinevi.com.tr\/index.php\/wp-json\/wp\/v2\/product_tag?post=769485"}],"curies":[{"name":"wp","href":"https:\/\/api.w.org\/{rel}","templated":true}]}}