{"id":769484,"date":"2025-08-28T13:56:35","date_gmt":"2025-08-28T10:56:35","guid":{"rendered":"https:\/\/roveyayinevi.com.tr\/index.php\/urun\/elestirel-dusunme-becerileri-ve-spor\/"},"modified":"2025-09-23T10:57:28","modified_gmt":"2025-09-23T07:57:28","slug":"elestirel-dusunme-becerileri-ve-spor","status":"publish","type":"product","link":"https:\/\/roveyayinevi.com.tr\/index.php\/urun\/elestirel-dusunme-becerileri-ve-spor\/","title":{"rendered":"Ele\u015ftirel D\u00fc\u015f\u00fcnme Becerileri ve Spor"},"content":{"rendered":"<p>\u0130\u00e7indekiler :   1.      Spor ve Felsefe \u0130li\u015fkisi   2.      Sporun Felsefi Boyutlar\u0131n\u0131n De\u011ferlendirilmesi   3.      Kant\u2019\u0131n \u00d6dev Ahlak Anlay\u0131\u015f\u0131n\u0131n Spora Uyarlanmas\u0131   4.      Bedensel Engelliler \u0130\u00e7in Alternatif Bir Spor: Uyarlanm\u0131\u015f E-Spor   5.      E\u011fitim ve Hayat\u0131n Di\u011fer Alanlar\u0131n\u0131n Spor ile \u0130li\u015fkisi \u00dczerine Psikososyal Bir \u00c7\u00f6z\u00fcmleme   6.      Az Geli\u015fmi\u015fli\u011fin Felsefesi Temelinde Spor Bilimleri Fak\u00fclteleri   7.      T\u00fcrkiye \u00dcniversite Sporlar\u0131na Alternatif Bir Bak\u0131\u015f: \u00dcniversite Liginde Engelli Sporlar\u0131   8.      T\u00fcrkiye Futbol Federasyonu Futbolda Psikolojik Performans Dan\u0131\u015fmanl\u0131\u011f\u0131 Sertifikasyonu \u00dczerine Ele\u015ftirel Bir Yakla\u015f\u0131m <\/p>\n","protected":false},"excerpt":{"rendered":"<p>\u0130\u00e7indekiler : 1. Spor ve Felsefe \u0130li\u015fkisi 2. Sporun Felsefi Boyutlar\u0131n\u0131n De\u011ferlendirilmesi 3. Kant\u2019\u0131n \u00d6dev Ahlak Anlay\u0131\u015f\u0131n\u0131n Spora Uyarlanmas\u0131 4. Bedensel Engelliler \u0130\u00e7in Alternatif Bir Spor:<span class=\"excerpt-hellip\"> [\u2026]<\/span><\/p>\n","protected":false},"featured_media":0,"template":"","meta":{"_monsterinsights_skip_tracking":false,"_monsterinsights_sitenote_active":false,"_monsterinsights_sitenote_note":"","_monsterinsights_sitenote_category":0},"product_brand":[],"product_cat":[15563,15564],"product_tag":[],"class_list":{"0":"post-769484","1":"product","2":"type-product","3":"status-publish","5":"product_cat-hobi","6":"product_cat-spor","7":"pa_cilt-ciltsiz","8":"pa_tur-kitap","9":"pa_yayinevi-gazi-kitabevi","10":"pa_yazar-ersin-afacan-meltem-isik-afacan","12":"first","13":"instock","14":"sale","15":"shipping-taxable","16":"purchasable","17":"product-type-simple"},"_links":{"self":[{"href":"https:\/\/roveyayinevi.com.tr\/index.php\/wp-json\/wp\/v2\/product\/769484","targetHints":{"allow":["GET"]}}],"collection":[{"href":"https:\/\/roveyayinevi.com.tr\/index.php\/wp-json\/wp\/v2\/product"}],"about":[{"href":"https:\/\/roveyayinevi.com.tr\/index.php\/wp-json\/wp\/v2\/types\/product"}],"wp:attachment":[{"href":"https:\/\/roveyayinevi.com.tr\/index.php\/wp-json\/wp\/v2\/media?parent=769484"}],"wp:term":[{"taxonomy":"product_brand","embeddable":true,"href":"https:\/\/roveyayinevi.com.tr\/index.php\/wp-json\/wp\/v2\/product_brand?post=769484"},{"taxonomy":"product_cat","embeddable":true,"href":"https:\/\/roveyayinevi.com.tr\/index.php\/wp-json\/wp\/v2\/product_cat?post=769484"},{"taxonomy":"product_tag","embeddable":true,"href":"https:\/\/roveyayinevi.com.tr\/index.php\/wp-json\/wp\/v2\/product_tag?post=769484"}],"curies":[{"name":"wp","href":"https:\/\/api.w.org\/{rel}","templated":true}]}}