{"id":769483,"date":"2025-08-28T13:56:33","date_gmt":"2025-08-28T10:56:33","guid":{"rendered":"https:\/\/roveyayinevi.com.tr\/index.php\/urun\/canavar-doktoru-nahos-kurtaris\/"},"modified":"2026-04-13T03:31:38","modified_gmt":"2026-04-13T00:31:38","slug":"canavar-doktoru-nahos-kurtaris","status":"publish","type":"product","link":"https:\/\/roveyayinevi.com.tr\/index.php\/urun\/canavar-doktoru-nahos-kurtaris\/","title":{"rendered":"Canavar Doktoru Naho\u015f Kurtar\u0131\u015f"},"content":{"rendered":"<p>Bir tatli\u015f ne kadar korkutucu olabilir ki?   Hi\u00e7 \u015f\u00fcpheniz olmas\u0131n, canavarlar\u0131n \u00f6dlerini kopar\u0131p etobur bitkileri tek lokmada mideye indirecek kadar korkutucu olabilir.   Canavar Doktoru ile yard\u0131mc\u0131s\u0131 Ozzy ba\u015frolde tatli\u015flerle etobur bitkilerin oldu\u011fu bir maceraya at\u0131l\u0131yor bu kez. Bolca e\u011flence vaad eden bir macera bu.   John Kelly\u2019nin yaz\u0131p \u00e7izdi\u011fi Canavar Doktoru ile sizler de bir kez daha s\u0131ra d\u0131\u015f\u0131 yarat\u0131klar\u0131n sevimli d\u00fcnyas\u0131na girmeye haz\u0131r m\u0131s\u0131n\u0131z? <\/p>\n","protected":false},"excerpt":{"rendered":"<p>Bir tatli\u015f ne kadar korkutucu olabilir ki? Hi\u00e7 \u015f\u00fcpheniz olmas\u0131n, canavarlar\u0131n \u00f6dlerini kopar\u0131p etobur bitkileri tek lokmada mideye indirecek kadar korkutucu olabilir. Canavar Doktoru ile yard\u0131mc\u0131s\u0131<span class=\"excerpt-hellip\"> [\u2026]<\/span><\/p>\n","protected":false},"featured_media":0,"template":"","meta":{"_monsterinsights_skip_tracking":false,"_monsterinsights_sitenote_active":false,"_monsterinsights_sitenote_note":"","_monsterinsights_sitenote_category":0},"product_brand":[],"product_cat":[12274,12284],"product_tag":[],"class_list":{"0":"post-769483","1":"product","2":"type-product","3":"status-publish","5":"product_cat-cocuk-ve-genclik-kitaplari","6":"product_cat-hikayeler","7":"pa_cilt-ciltsiz","8":"pa_tur-kitap","9":"pa_yayinevi-dinozor-cocuk","10":"pa_yazar-john-kelly","12":"first","13":"instock","14":"sale","15":"shipping-taxable","16":"purchasable","17":"product-type-simple"},"_links":{"self":[{"href":"https:\/\/roveyayinevi.com.tr\/index.php\/wp-json\/wp\/v2\/product\/769483","targetHints":{"allow":["GET"]}}],"collection":[{"href":"https:\/\/roveyayinevi.com.tr\/index.php\/wp-json\/wp\/v2\/product"}],"about":[{"href":"https:\/\/roveyayinevi.com.tr\/index.php\/wp-json\/wp\/v2\/types\/product"}],"wp:attachment":[{"href":"https:\/\/roveyayinevi.com.tr\/index.php\/wp-json\/wp\/v2\/media?parent=769483"}],"wp:term":[{"taxonomy":"product_brand","embeddable":true,"href":"https:\/\/roveyayinevi.com.tr\/index.php\/wp-json\/wp\/v2\/product_brand?post=769483"},{"taxonomy":"product_cat","embeddable":true,"href":"https:\/\/roveyayinevi.com.tr\/index.php\/wp-json\/wp\/v2\/product_cat?post=769483"},{"taxonomy":"product_tag","embeddable":true,"href":"https:\/\/roveyayinevi.com.tr\/index.php\/wp-json\/wp\/v2\/product_tag?post=769483"}],"curies":[{"name":"wp","href":"https:\/\/api.w.org\/{rel}","templated":true}]}}