{"id":769481,"date":"2025-08-28T13:56:30","date_gmt":"2025-08-28T10:56:30","guid":{"rendered":"https:\/\/roveyayinevi.com.tr\/index.php\/urun\/her-yonuyle-kick-boks\/"},"modified":"2026-04-15T03:35:43","modified_gmt":"2026-04-15T00:35:43","slug":"her-yonuyle-kick-boks","status":"publish","type":"product","link":"https:\/\/roveyayinevi.com.tr\/index.php\/urun\/her-yonuyle-kick-boks\/","title":{"rendered":"Her Y\u00f6n\u00fcyle Kick Boks"},"content":{"rendered":"<p>Kick boks g\u00f6steri\u015fli bir spor dal\u0131 olmas\u0131n\u0131n da etkisiyle \u00fclkemizde her ge\u00e7en g\u00fcn daha fazla ilgi g\u00f6rmektedir. Artan talep do\u011frultusunda bu sporu yapmak isteyenler g\u00fcnbeg\u00fcn \u00e7o\u011falmakta, neredeyse her g\u00fcn yeni salonlar a\u00e7\u0131larak bir\u00e7ok ki\u015finin kick boks \u00f6\u011frenme \u00e7abas\u0131 kar\u015f\u0131lanmaktad\u0131r. Ayr\u0131ca kick boks her ne kadar tarihsel olarak karate, Thai boks (Tayland boksu) ve Bat\u0131 boksu sporlar\u0131ndan geli\u015ftirilmi\u015f, genellikle kendini savunma amac\u0131yla, tekme ve yumru\u011fa dayal\u0131, ayakta yap\u0131lan bir d\u00f6v\u00fc\u015f sporu olsa da g\u00fcn\u00fcm\u00fczde modern ordular\u0131n ve emniyet g\u00fc\u00e7lerinin b\u00fcnyesindeki \u00f6zel harek\u00e2t birimlerinde yak\u0131n d\u00f6v\u00fc\u015f ve savunma teknikleri aras\u0131nda vazge\u00e7ilmez bir savunma g\u00fcc\u00fc olarak da yer almaktad\u0131r.      \u00dclkemizde kick boks sporunun daha kaliteli ve seviyeli bir h\u00e2le gelmesi amac\u0131yla teknik direkt\u00f6r \u015eahin Ero\u011flu taraf\u0131ndan haz\u0131rlanan bu eser; konusunda uzman ki\u015filerin de katk\u0131lar\u0131yla birlikte zengin bir i\u00e7eri\u011fe sahip olmu\u015ftur.      Sonu\u00e7 olarak \u201cHer Y\u00f6n\u00fcyle Kick Boks\u201d kitab\u0131 ister antren\u00f6r olun ister \u00fcst d\u00fczey bir sporcu ya da bu spora yeni ba\u015flayan bir gen\u00e7 olun, kick boks sporunun temellerini daha iyi anlaman\u0131z\u0131 sa\u011flayacak bir rehber olma \u00f6zelli\u011fi ta\u015f\u0131maktad\u0131r. Antrenman tekniklerinden beslenme \u015fekillerine, sporcu psikolojinden motivasyon y\u00f6ntemlerine ve m\u00fcsabaka kurallar\u0131na kadar renkli resimler ve grafiklerle kick boksun kilit noktalar\u0131n\u0131 anlatan bu kitap, T\u00fcrkiye&#8217;de bir ilk olma \u00f6zelli\u011fi ta\u015f\u0131maktad\u0131r. <\/p>\n","protected":false},"excerpt":{"rendered":"<p>Kick boks g\u00f6steri\u015fli bir spor dal\u0131 olmas\u0131n\u0131n da etkisiyle \u00fclkemizde her ge\u00e7en g\u00fcn daha fazla ilgi g\u00f6rmektedir. Artan talep do\u011frultusunda bu sporu yapmak isteyenler g\u00fcnbeg\u00fcn \u00e7o\u011falmakta,<span class=\"excerpt-hellip\"> [\u2026]<\/span><\/p>\n","protected":false},"featured_media":0,"template":"","meta":{"_monsterinsights_skip_tracking":false,"_monsterinsights_sitenote_active":false,"_monsterinsights_sitenote_note":"","_monsterinsights_sitenote_category":0},"product_brand":[],"product_cat":[15563,15564],"product_tag":[],"class_list":{"0":"post-769481","1":"product","2":"type-product","3":"status-publish","5":"product_cat-hobi","6":"product_cat-spor","7":"pa_cilt-ciltsiz","8":"pa_tur-kitap","9":"pa_yayinevi-kripto-basim-yayin","10":"pa_yazar-sahin-eroglu","12":"first","13":"instock","14":"sale","15":"shipping-taxable","16":"purchasable","17":"product-type-simple"},"_links":{"self":[{"href":"https:\/\/roveyayinevi.com.tr\/index.php\/wp-json\/wp\/v2\/product\/769481","targetHints":{"allow":["GET"]}}],"collection":[{"href":"https:\/\/roveyayinevi.com.tr\/index.php\/wp-json\/wp\/v2\/product"}],"about":[{"href":"https:\/\/roveyayinevi.com.tr\/index.php\/wp-json\/wp\/v2\/types\/product"}],"wp:attachment":[{"href":"https:\/\/roveyayinevi.com.tr\/index.php\/wp-json\/wp\/v2\/media?parent=769481"}],"wp:term":[{"taxonomy":"product_brand","embeddable":true,"href":"https:\/\/roveyayinevi.com.tr\/index.php\/wp-json\/wp\/v2\/product_brand?post=769481"},{"taxonomy":"product_cat","embeddable":true,"href":"https:\/\/roveyayinevi.com.tr\/index.php\/wp-json\/wp\/v2\/product_cat?post=769481"},{"taxonomy":"product_tag","embeddable":true,"href":"https:\/\/roveyayinevi.com.tr\/index.php\/wp-json\/wp\/v2\/product_tag?post=769481"}],"curies":[{"name":"wp","href":"https:\/\/api.w.org\/{rel}","templated":true}]}}