{"id":769479,"date":"2025-08-28T13:56:26","date_gmt":"2025-08-28T10:56:26","guid":{"rendered":"https:\/\/roveyayinevi.com.tr\/index.php\/urun\/on-bes-yasinda-bir-kaptan-11\/"},"modified":"2026-04-15T03:35:43","modified_gmt":"2026-04-15T00:35:43","slug":"on-bes-yasinda-bir-kaptan-11","status":"publish","type":"product","link":"https:\/\/roveyayinevi.com.tr\/index.php\/urun\/on-bes-yasinda-bir-kaptan-11\/","title":{"rendered":"On Be\u015f Ya\u015f\u0131nda Bir Kaptan"},"content":{"rendered":"<p>Kimsesiz bir \u00e7ocuk olan Dick Sand, Kaptan Hull\u2019un idaresindeki Pilgrim adl\u0131 bir balina gemisinde mi\u00e7oluk yapmaktad\u0131r. Av mevsiminin kapanmas\u0131yla Pilgrim geldi\u011fi yere, yani San Francisco\u2019ya d\u00f6nmek \u00fczere Yeni Zelanda\u2019n\u0131n Auckland Liman\u0131\u2019ndan yola \u00e7\u0131kar. Fakat ta\u015f\u0131d\u0131\u011f\u0131 ki\u015fi say\u0131s\u0131 ayn\u0131 de\u011fildir. Zira gemi sahibinin bir s\u00fcredir Yeni Zelanda\u2019da bulunan e\u015fi Bayan Weldon, o\u011flu Jack, o\u011flunun dad\u0131s\u0131 ihtiyar Nan ve yak\u0131n akrabas\u0131 Bay Benedict de Pilgrim\u2019e binmi\u015ftir. Ba\u015flarda her \u015fey yolunda giderken, ya\u015fanan bir tak\u0131m olaylar sonucu, hen\u00fcz on be\u015f ya\u015f\u0131nda olan Dick Sand, Pilgrim\u2019in idaresini devralmak zorunda kal\u0131r. Sonras\u0131nda, Pilgrim m\u00fcrettebat\u0131 ve yolcular\u0131 kendilerini tehlikeli ve gizemli bir maceran\u0131n i\u00e7inde bulurlar. <\/p>\n","protected":false},"excerpt":{"rendered":"<p>Kimsesiz bir \u00e7ocuk olan Dick Sand, Kaptan Hull\u2019un idaresindeki Pilgrim adl\u0131 bir balina gemisinde mi\u00e7oluk yapmaktad\u0131r. Av mevsiminin kapanmas\u0131yla Pilgrim geldi\u011fi yere, yani San Francisco\u2019ya d\u00f6nmek<span class=\"excerpt-hellip\"> [\u2026]<\/span><\/p>\n","protected":false},"featured_media":0,"template":"","meta":{"_monsterinsights_skip_tracking":false,"_monsterinsights_sitenote_active":false,"_monsterinsights_sitenote_note":"","_monsterinsights_sitenote_category":0},"product_brand":[],"product_cat":[12274,12467],"product_tag":[],"class_list":{"0":"post-769479","1":"product","2":"type-product","3":"status-publish","5":"product_cat-cocuk-ve-genclik-kitaplari","6":"product_cat-dunya-klasikleri","7":"pa_cilt-ciltsiz","8":"pa_tur-kitap","9":"pa_yayinevi-pars-yayinlari","10":"pa_yazar-jules-verne","12":"first","13":"instock","14":"sale","15":"shipping-taxable","16":"purchasable","17":"product-type-simple"},"_links":{"self":[{"href":"https:\/\/roveyayinevi.com.tr\/index.php\/wp-json\/wp\/v2\/product\/769479","targetHints":{"allow":["GET"]}}],"collection":[{"href":"https:\/\/roveyayinevi.com.tr\/index.php\/wp-json\/wp\/v2\/product"}],"about":[{"href":"https:\/\/roveyayinevi.com.tr\/index.php\/wp-json\/wp\/v2\/types\/product"}],"wp:attachment":[{"href":"https:\/\/roveyayinevi.com.tr\/index.php\/wp-json\/wp\/v2\/media?parent=769479"}],"wp:term":[{"taxonomy":"product_brand","embeddable":true,"href":"https:\/\/roveyayinevi.com.tr\/index.php\/wp-json\/wp\/v2\/product_brand?post=769479"},{"taxonomy":"product_cat","embeddable":true,"href":"https:\/\/roveyayinevi.com.tr\/index.php\/wp-json\/wp\/v2\/product_cat?post=769479"},{"taxonomy":"product_tag","embeddable":true,"href":"https:\/\/roveyayinevi.com.tr\/index.php\/wp-json\/wp\/v2\/product_tag?post=769479"}],"curies":[{"name":"wp","href":"https:\/\/api.w.org\/{rel}","templated":true}]}}