{"id":769478,"date":"2025-08-28T13:56:25","date_gmt":"2025-08-28T10:56:25","guid":{"rendered":"https:\/\/roveyayinevi.com.tr\/index.php\/urun\/dunyanin-ucundaki-fener-5\/"},"modified":"2026-04-15T03:35:43","modified_gmt":"2026-04-15T00:35:43","slug":"dunyanin-ucundaki-fener-5","status":"publish","type":"product","link":"https:\/\/roveyayinevi.com.tr\/index.php\/urun\/dunyanin-ucundaki-fener-5\/","title":{"rendered":"D\u00fcnyan\u0131n Ucundaki Fener"},"content":{"rendered":"<p>Arjantin h\u00fck\u00fcmeti gelip ge\u00e7en gemilerin g\u00fcvenli\u011fi i\u00e7in Estados Adas\u0131\u2019na b\u00fcy\u00fck bir deniz feneri yapmaya karar verir. Fener tamamland\u0131ktan sonra \u00fc\u00e7 bek\u00e7i fenere b\u0131rak\u0131l\u0131r ve Santa Fe adl\u0131 b\u00fcy\u00fck sava\u015f gemisi adadan ayr\u0131l\u0131r. Vasques, Felipe ve Moriz adl\u0131 \u00fc\u00e7 cesur gemici, \u00fc\u00e7 ay sonra gelecek olan di\u011fer bek\u00e7iler yerlerini al\u0131ncaya dek bu adada tek ba\u015flar\u0131na kalacaklard\u0131r. Ancak onlar\u0131 bekleyen bir s\u00fcrpriz var: Adada tek ba\u015flar\u0131na de\u011fillerdir. Bir korsan \u00e7etesi adan\u0131n di\u011fer taraf\u0131n\u0131 mesken tutmu\u015ftur ve batan gemileri ya\u011fmalamaktad\u0131rlar. Bu \u00fc\u00e7 cesur bek\u00e7i ve deniz korsanlar\u0131n\u0131n m\u00fccadelesinin anlat\u0131ld\u0131\u011f\u0131 D\u00fcnyan\u0131n Ucundaki Fener\u2019i elinizden b\u0131rakamayacaks\u0131n\u0131z. <\/p>\n","protected":false},"excerpt":{"rendered":"<p>Arjantin h\u00fck\u00fcmeti gelip ge\u00e7en gemilerin g\u00fcvenli\u011fi i\u00e7in Estados Adas\u0131\u2019na b\u00fcy\u00fck bir deniz feneri yapmaya karar verir. Fener tamamland\u0131ktan sonra \u00fc\u00e7 bek\u00e7i fenere b\u0131rak\u0131l\u0131r ve Santa Fe<span class=\"excerpt-hellip\"> [\u2026]<\/span><\/p>\n","protected":false},"featured_media":0,"template":"","meta":{"_monsterinsights_skip_tracking":false,"_monsterinsights_sitenote_active":false,"_monsterinsights_sitenote_note":"","_monsterinsights_sitenote_category":0},"product_brand":[],"product_cat":[12274,12467],"product_tag":[],"class_list":{"0":"post-769478","1":"product","2":"type-product","3":"status-publish","5":"product_cat-cocuk-ve-genclik-kitaplari","6":"product_cat-dunya-klasikleri","7":"pa_cilt-ciltsiz","8":"pa_tur-kitap","9":"pa_yayinevi-pars-yayinlari","10":"pa_yazar-jules-verne","12":"first","13":"instock","14":"sale","15":"shipping-taxable","16":"purchasable","17":"product-type-simple"},"_links":{"self":[{"href":"https:\/\/roveyayinevi.com.tr\/index.php\/wp-json\/wp\/v2\/product\/769478","targetHints":{"allow":["GET"]}}],"collection":[{"href":"https:\/\/roveyayinevi.com.tr\/index.php\/wp-json\/wp\/v2\/product"}],"about":[{"href":"https:\/\/roveyayinevi.com.tr\/index.php\/wp-json\/wp\/v2\/types\/product"}],"wp:attachment":[{"href":"https:\/\/roveyayinevi.com.tr\/index.php\/wp-json\/wp\/v2\/media?parent=769478"}],"wp:term":[{"taxonomy":"product_brand","embeddable":true,"href":"https:\/\/roveyayinevi.com.tr\/index.php\/wp-json\/wp\/v2\/product_brand?post=769478"},{"taxonomy":"product_cat","embeddable":true,"href":"https:\/\/roveyayinevi.com.tr\/index.php\/wp-json\/wp\/v2\/product_cat?post=769478"},{"taxonomy":"product_tag","embeddable":true,"href":"https:\/\/roveyayinevi.com.tr\/index.php\/wp-json\/wp\/v2\/product_tag?post=769478"}],"curies":[{"name":"wp","href":"https:\/\/api.w.org\/{rel}","templated":true}]}}