{"id":769476,"date":"2025-08-28T13:56:21","date_gmt":"2025-08-28T10:56:21","guid":{"rendered":"https:\/\/roveyayinevi.com.tr\/index.php\/urun\/kaptan-grantin-cocuklari-12\/"},"modified":"2026-04-15T03:35:43","modified_gmt":"2026-04-15T00:35:43","slug":"kaptan-grantin-cocuklari-12","status":"publish","type":"product","link":"https:\/\/roveyayinevi.com.tr\/index.php\/urun\/kaptan-grantin-cocuklari-12\/","title":{"rendered":"Kaptan Grant&#8217;\u0131n \u00c7ocuklar\u0131"},"content":{"rendered":"<p>Lord Glenarvan yeni evlendi\u011fi k\u0131ymetli e\u015fi Leydi Helena i\u00e7in bir gemi yapt\u0131r\u0131r. Duncan ad\u0131n\u0131 verdikleri bu gemiyle balay\u0131na \u00e7\u0131kmaya haz\u0131rland\u0131klar\u0131 s\u0131rada geminin tayfalar\u0131 taraf\u0131ndan bir k\u00f6pekbal\u0131\u011f\u0131 yakalan\u0131r. Bal\u0131\u011f\u0131n i\u00e7inden gizemli bir \u015fi\u015fe, \u015fi\u015fenin i\u00e7inden de \u00fc\u00e7 farkl\u0131 dilde yaz\u0131lm\u0131\u015f bir mektup \u00e7\u0131kar. Bu mektup, gemisi kaza yapm\u0131\u015f olan Harry Grant adl\u0131 bir kaptan\u0131n yard\u0131m \u00e7a\u011fr\u0131s\u0131d\u0131r. Lord Glenarvan, kendi yak\u0131nlar\u0131 ve Kaptan Grant&#8217;\u0131n iki \u00e7ocu\u011fuyla beraber Kaptan&#8217;\u0131 aramaya ba\u015flar. Deniz ve kara \u00fczerinde s\u00fcren aray\u0131\u015flar\u0131 boyunca ba\u015flar\u0131ndan pek \u00e7ok macera ge\u00e7er. Fakat kar\u015f\u0131la\u015ft\u0131klar\u0131 t\u00fcm tehlikelere ra\u011fmen Kaptan Grant&#8217;\u0131 aramay\u0131 s\u00fcrd\u00fcr\u00fcrler. <\/p>\n","protected":false},"excerpt":{"rendered":"<p>Lord Glenarvan yeni evlendi\u011fi k\u0131ymetli e\u015fi Leydi Helena i\u00e7in bir gemi yapt\u0131r\u0131r. Duncan ad\u0131n\u0131 verdikleri bu gemiyle balay\u0131na \u00e7\u0131kmaya haz\u0131rland\u0131klar\u0131 s\u0131rada geminin tayfalar\u0131 taraf\u0131ndan bir k\u00f6pekbal\u0131\u011f\u0131<span class=\"excerpt-hellip\"> [\u2026]<\/span><\/p>\n","protected":false},"featured_media":0,"template":"","meta":{"_monsterinsights_skip_tracking":false,"_monsterinsights_sitenote_active":false,"_monsterinsights_sitenote_note":"","_monsterinsights_sitenote_category":0},"product_brand":[],"product_cat":[12274,12467],"product_tag":[],"class_list":{"0":"post-769476","1":"product","2":"type-product","3":"status-publish","5":"product_cat-cocuk-ve-genclik-kitaplari","6":"product_cat-dunya-klasikleri","7":"pa_cilt-ciltsiz","8":"pa_tur-kitap","9":"pa_yayinevi-pars-yayinlari","10":"pa_yazar-jules-verne","12":"first","13":"instock","14":"sale","15":"shipping-taxable","16":"purchasable","17":"product-type-simple"},"_links":{"self":[{"href":"https:\/\/roveyayinevi.com.tr\/index.php\/wp-json\/wp\/v2\/product\/769476","targetHints":{"allow":["GET"]}}],"collection":[{"href":"https:\/\/roveyayinevi.com.tr\/index.php\/wp-json\/wp\/v2\/product"}],"about":[{"href":"https:\/\/roveyayinevi.com.tr\/index.php\/wp-json\/wp\/v2\/types\/product"}],"wp:attachment":[{"href":"https:\/\/roveyayinevi.com.tr\/index.php\/wp-json\/wp\/v2\/media?parent=769476"}],"wp:term":[{"taxonomy":"product_brand","embeddable":true,"href":"https:\/\/roveyayinevi.com.tr\/index.php\/wp-json\/wp\/v2\/product_brand?post=769476"},{"taxonomy":"product_cat","embeddable":true,"href":"https:\/\/roveyayinevi.com.tr\/index.php\/wp-json\/wp\/v2\/product_cat?post=769476"},{"taxonomy":"product_tag","embeddable":true,"href":"https:\/\/roveyayinevi.com.tr\/index.php\/wp-json\/wp\/v2\/product_tag?post=769476"}],"curies":[{"name":"wp","href":"https:\/\/api.w.org\/{rel}","templated":true}]}}