{"id":769475,"date":"2025-08-28T13:56:19","date_gmt":"2025-08-28T10:56:19","guid":{"rendered":"https:\/\/roveyayinevi.com.tr\/index.php\/urun\/golgelerin-gucu-adina\/"},"modified":"2026-04-15T03:35:43","modified_gmt":"2026-04-15T00:35:43","slug":"golgelerin-gucu-adina","status":"publish","type":"product","link":"https:\/\/roveyayinevi.com.tr\/index.php\/urun\/golgelerin-gucu-adina\/","title":{"rendered":"G\u00f6lgelerin G\u00fcc\u00fc Ad\u0131na"},"content":{"rendered":"<p>\u201cOnu izledim. Yolun sonuna dek. Aral\u0131ks\u0131z bir ka\u015f\u0131nt\u0131 gibiydi bu d\u00fc\u015f\u00fcnce. Bir yan\u0131m pe\u015finden gitmek istemiyor ama iradem zay\u0131f, \u00f6fke ve k\u0131rg\u0131nl\u0131k var \u00fczerimde. Soka\u011f\u0131n bitiminde, lamban\u0131n alt\u0131nda durdu \u015fimdi. Sigara yakt\u0131. Onu b\u00fct\u00fcn hatlar\u0131yla g\u00f6rebiliyorum. Bir insan o, oysa ben bir g\u00f6lge ar\u0131yorum. Kara bir g\u00f6lge.\u201d   Sena Keskin g\u00fcn\u00fcm\u00fcz d\u00fcnyas\u0131n\u0131n s\u0131radan olaylar\u0131n\u0131 son derece renkli bir anlat\u0131mla sunuyor. Bireylerin g\u00fcnl\u00fck hayatta t\u00fcrl\u00fc nedenlerle katlanmak zorunda kald\u0131\u011f\u0131 yozla\u015ft\u0131r\u0131c\u0131 ili\u015fkiler onun kaleminde reng\u00e2renk masals\u0131 g\u00fczelliklere d\u00f6n\u00fc\u015f\u00fcyor. En umutsuz olaylardan insana \u00f6zg\u00fc bir umut yaratmay\u0131, ya\u015fama u\u011fra\u015f\u0131n\u0131 b\u00fct\u00fcn zorluklar\u0131na kar\u015f\u0131n y\u00fcceltmeyi ba\u015far\u0131yor.<\/p>\n","protected":false},"excerpt":{"rendered":"<p>\u201cOnu izledim. Yolun sonuna dek. Aral\u0131ks\u0131z bir ka\u015f\u0131nt\u0131 gibiydi bu d\u00fc\u015f\u00fcnce. Bir yan\u0131m pe\u015finden gitmek istemiyor ama iradem zay\u0131f, \u00f6fke ve k\u0131rg\u0131nl\u0131k var \u00fczerimde. Soka\u011f\u0131n bitiminde,<span class=\"excerpt-hellip\"> [\u2026]<\/span><\/p>\n","protected":false},"featured_media":0,"template":"","meta":{"_monsterinsights_skip_tracking":false,"_monsterinsights_sitenote_active":false,"_monsterinsights_sitenote_note":"","_monsterinsights_sitenote_category":0},"product_brand":[],"product_cat":[12777,12291],"product_tag":[],"class_list":{"0":"post-769475","1":"product","2":"type-product","3":"status-publish","5":"product_cat-deneme","6":"product_cat-edebiyat","7":"pa_cilt-ciltsiz","8":"pa_tur-kitap","9":"pa_yayinevi-sozcukler-yayinlari","10":"pa_yazar-sena-keskin","12":"first","13":"instock","14":"sale","15":"shipping-taxable","16":"purchasable","17":"product-type-simple"},"_links":{"self":[{"href":"https:\/\/roveyayinevi.com.tr\/index.php\/wp-json\/wp\/v2\/product\/769475","targetHints":{"allow":["GET"]}}],"collection":[{"href":"https:\/\/roveyayinevi.com.tr\/index.php\/wp-json\/wp\/v2\/product"}],"about":[{"href":"https:\/\/roveyayinevi.com.tr\/index.php\/wp-json\/wp\/v2\/types\/product"}],"wp:attachment":[{"href":"https:\/\/roveyayinevi.com.tr\/index.php\/wp-json\/wp\/v2\/media?parent=769475"}],"wp:term":[{"taxonomy":"product_brand","embeddable":true,"href":"https:\/\/roveyayinevi.com.tr\/index.php\/wp-json\/wp\/v2\/product_brand?post=769475"},{"taxonomy":"product_cat","embeddable":true,"href":"https:\/\/roveyayinevi.com.tr\/index.php\/wp-json\/wp\/v2\/product_cat?post=769475"},{"taxonomy":"product_tag","embeddable":true,"href":"https:\/\/roveyayinevi.com.tr\/index.php\/wp-json\/wp\/v2\/product_tag?post=769475"}],"curies":[{"name":"wp","href":"https:\/\/api.w.org\/{rel}","templated":true}]}}