{"id":769472,"date":"2025-08-28T13:56:14","date_gmt":"2025-08-28T10:56:14","guid":{"rendered":"https:\/\/roveyayinevi.com.tr\/index.php\/urun\/aysegul-5-0\/"},"modified":"2026-04-15T03:35:43","modified_gmt":"2026-04-15T00:35:43","slug":"aysegul-5-0","status":"publish","type":"product","link":"https:\/\/roveyayinevi.com.tr\/index.php\/urun\/aysegul-5-0\/","title":{"rendered":"Ay\u015feg\u00fcl 5.0"},"content":{"rendered":"<p>Gelece\u011fe otostop \u00e7ekmeye haz\u0131r m\u0131s\u0131n\u0131z?   Bu kitap gelecekte bizi nelerin bekledi\u011fine dair fikir y\u00fcr\u00fct\u00fcp kritik sorular sorabilmemize olanak tan\u0131yacak bir rehber olarak haz\u0131rland\u0131. Bu yolculukta size yapay zek\u00e2 ve muazzam giri\u015fim \u00f6yk\u00fcleri e\u015flik ederken zihin okuyabilen makineler, otonom ara\u00e7lar ve dilimizi \u00f6\u011frenmeye ba\u015flayan robotlarla teknoloji devrimi i\u00e7inde ilerleyeceksiniz.   Eline koskoca bir uzay gemisi ge\u00e7mi\u015f k\u00fc\u00e7\u00fck \u00e7ocuklar gibiyiz. \u00d6n\u00fcm\u00fczdeki olas\u0131l\u0131klar galaksisine bakarken, yapay zek\u00e2 ve ak\u0131ll\u0131 teknolojileri nas\u0131l kullanaca\u011f\u0131m\u0131z\u0131 hen\u00fcz bilmiyoruz. Kitapta, gelen dalgada usta bir s\u00f6rf\u00e7\u00fc olarak gen\u00e7ler, bireyler, \u015firketler, toplum olarak yeni yap\u0131lar in\u015fa etmek ve bu yetenekleri kendimizde ke\u015ffetmek i\u00e7in anahtarlar bulacaks\u0131n\u0131z. Bu yeni sihrin \u00f6yk\u00fcs\u00fc, bizi hem heyecanland\u0131r\u0131p cesaretlendiriyor hem de h\u0131zla ko\u015farken \u00f6n\u00fcm\u00fcze \u00e7\u0131kabilecek tehlikelere dikkat \u00e7ekiyor.   Gelece\u011fe merakl\u0131 t\u00fcm maceraperestler: Korkmay\u0131n ve yola \u00e7\u0131k\u0131n, gelece\u011fin galaksisinde yarat\u0131c\u0131 ke\u015fifler sizi bekliyor! <\/p>\n","protected":false},"excerpt":{"rendered":"<p>Gelece\u011fe otostop \u00e7ekmeye haz\u0131r m\u0131s\u0131n\u0131z? Bu kitap gelecekte bizi nelerin bekledi\u011fine dair fikir y\u00fcr\u00fct\u00fcp kritik sorular sorabilmemize olanak tan\u0131yacak bir rehber olarak haz\u0131rland\u0131. Bu yolculukta size<span class=\"excerpt-hellip\"> [\u2026]<\/span><\/p>\n","protected":false},"featured_media":0,"template":"","meta":{"_monsterinsights_skip_tracking":false,"_monsterinsights_sitenote_active":false,"_monsterinsights_sitenote_note":"","_monsterinsights_sitenote_category":0},"product_brand":[],"product_cat":[13005,37328],"product_tag":[],"class_list":{"0":"post-769472","1":"product","2":"type-product","3":"status-publish","5":"product_cat-bilim-muhendislik","6":"product_cat-diger-bilim-muhendislik","7":"pa_cilt-ciltsiz","8":"pa_tur-kitap","9":"pa_yayinevi-dogan-kitap","10":"pa_yazar-aysegul-ildeniz","12":"first","13":"instock","14":"sale","15":"shipping-taxable","16":"purchasable","17":"product-type-simple"},"_links":{"self":[{"href":"https:\/\/roveyayinevi.com.tr\/index.php\/wp-json\/wp\/v2\/product\/769472","targetHints":{"allow":["GET"]}}],"collection":[{"href":"https:\/\/roveyayinevi.com.tr\/index.php\/wp-json\/wp\/v2\/product"}],"about":[{"href":"https:\/\/roveyayinevi.com.tr\/index.php\/wp-json\/wp\/v2\/types\/product"}],"wp:attachment":[{"href":"https:\/\/roveyayinevi.com.tr\/index.php\/wp-json\/wp\/v2\/media?parent=769472"}],"wp:term":[{"taxonomy":"product_brand","embeddable":true,"href":"https:\/\/roveyayinevi.com.tr\/index.php\/wp-json\/wp\/v2\/product_brand?post=769472"},{"taxonomy":"product_cat","embeddable":true,"href":"https:\/\/roveyayinevi.com.tr\/index.php\/wp-json\/wp\/v2\/product_cat?post=769472"},{"taxonomy":"product_tag","embeddable":true,"href":"https:\/\/roveyayinevi.com.tr\/index.php\/wp-json\/wp\/v2\/product_tag?post=769472"}],"curies":[{"name":"wp","href":"https:\/\/api.w.org\/{rel}","templated":true}]}}