{"id":769471,"date":"2025-08-28T13:56:13","date_gmt":"2025-08-28T10:56:13","guid":{"rendered":"https:\/\/roveyayinevi.com.tr\/index.php\/urun\/genel-zekalar-yirmi-birinci-yuzyil-icin-yirmi-bir-dusunur\/"},"modified":"2026-04-15T03:35:43","modified_gmt":"2026-04-15T00:35:43","slug":"genel-zekalar-yirmi-birinci-yuzyil-icin-yirmi-bir-dusunur","status":"publish","type":"product","link":"https:\/\/roveyayinevi.com.tr\/index.php\/urun\/genel-zekalar-yirmi-birinci-yuzyil-icin-yirmi-bir-dusunur\/","title":{"rendered":"Genel Zekalar: Yirmi Birinci Y\u00fczy\u0131l \u0130\u00e7in Yirmi Bir D\u00fc\u015f\u00fcn\u00fcr"},"content":{"rendered":"<p>D\u00fcnyay\u0131 bir b\u00fct\u00fcn olarak kavrayan d\u00fc\u015f\u00fcn\u00fcrlere ne oldu? Toplumsal d\u00fczenin ar\u0131zalar\u0131na i\u015faret etmeye cesaret eden kamusal entelekt\u00fceller bug\u00fcn nerede? 21. y\u00fczy\u0131l\u0131n Hegel\u2019i, Nietzsche\u2019si, Sartre\u2019\u0131 ya da De Beauvoir&#8217;\u0131 kim? McKenzie Wark Genel Zek\u00e2lar\u2019da tam da bu te\u015fhisten yola \u00e7\u0131kar: Art\u0131k ne \u201cokumu\u015f\u201d olman\u0131n prestij sa\u011flad\u0131\u011f\u0131 bir k\u00fclt\u00fcrel atmosfer ne de entelekt\u00fceller i\u00e7in okur yeti\u015ftiren bir \u00fcniversite e\u011fitimi vard\u0131r. Bilgi metala\u015fm\u0131\u015f, d\u00fczle\u015ftirilmi\u015f; bilgi \u00fcretim s\u00fcre\u00e7leri ise t\u00fcm di\u011fer zihinsel emek t\u00fcrlerininkiyle ortakla\u015fan d\u00fczenlemelere tabi k\u0131l\u0131nm\u0131\u015ft\u0131r. Buna ra\u011fmen bu kitap kamusal ayd\u0131n fig\u00fcr\u00fcn\u00fcn yas\u0131n\u0131 tutmaz. Bunun yerine, d\u00fc\u015f\u00fcncenin yeni ko\u015fullar\u0131n\u0131n ortaya \u00e7\u0131kard\u0131\u011f\u0131 yeni d\u00fc\u015f\u00fcn\u00fcr tipi olan \u201cgenel zek\u00e2lar\u201da odaklan\u0131r. Genel zek\u00e2lar kamusal ayd\u0131nlar gibi \u00f6zerk d\u00fc\u015f\u00fcn\u00fcrler de\u011fil, \u00fcniversite ya da di\u011fer bilgi \u00fcretim kurumlar\u0131nda \u00e7al\u0131\u015fmak zorunda kalan uzmanlard\u0131r. Bununla birlikte \u00e7a\u011f\u0131n problemlerine kafa yormaktan geri durmazlar. Wark\u2019\u0131n kritik m\u00fcdahalesi ise farkl\u0131 entelekt\u00fcel ilgiler aras\u0131nda i\u015fbirli\u011fi \u00f6neren bir \u00e7a\u011fr\u0131 niteli\u011findedir: 21. y\u00fczy\u0131l\u0131n da\u011f\u0131n\u0131k par\u00e7alar\u0131, ancak birlikte okunduklar\u0131nda b\u00fct\u00fcnl\u00fckl\u00fc bir kavray\u0131\u015fa eri\u015fen genel zek\u00e2lar\u0131n ortakl\u0131\u011f\u0131 sayesinde yeniden bir araya getirilebilir. Karatani\u2019den Berardi\u2019ye, \u017di\u017eek\u2019ten Mouffe\u2019a, Brown\u2019dan Butler\u2019a, Meillassoux\u2019dan Haraway\u2019a bir\u00e7ok d\u00fc\u015f\u00fcn\u00fcr\u00fcn d\u00fc\u015f\u00fcncelerini \u00f6zg\u00fcn bir yorumla ortaya koyan McKenzie Wark, Genel Zek\u00e2lar: Yirmi Birinci Y\u00fczy\u0131l \u0130\u00e7in Yirmi Bir D\u00fc\u015f\u00fcn\u00fcr\u2019de bu ortakl\u0131k i\u00e7in at\u0131lmas\u0131 gereken ilk ve en \u00f6nemli ad\u0131m\u0131 atm\u0131\u015f gibi g\u00f6r\u00fcn\u00fcyor. <\/p>\n","protected":false},"excerpt":{"rendered":"<p>D\u00fcnyay\u0131 bir b\u00fct\u00fcn olarak kavrayan d\u00fc\u015f\u00fcn\u00fcrlere ne oldu? Toplumsal d\u00fczenin ar\u0131zalar\u0131na i\u015faret etmeye cesaret eden kamusal entelekt\u00fceller bug\u00fcn nerede? 21. y\u00fczy\u0131l\u0131n Hegel\u2019i, Nietzsche\u2019si, Sartre\u2019\u0131 ya da<span class=\"excerpt-hellip\"> [\u2026]<\/span><\/p>\n","protected":false},"featured_media":0,"template":"","meta":{"_monsterinsights_skip_tracking":false,"_monsterinsights_sitenote_active":false,"_monsterinsights_sitenote_note":"","_monsterinsights_sitenote_category":0},"product_brand":[],"product_cat":[20351,12388],"product_tag":[],"class_list":{"0":"post-769471","1":"product","2":"type-product","3":"status-publish","5":"product_cat-dusunce","6":"product_cat-felsefe","7":"pa_cilt-ciltsiz","8":"pa_tur-kitap","9":"pa_yayinevi-livera-yayinevi","10":"pa_yazar-mckenzie-wark","12":"first","13":"instock","14":"sale","15":"shipping-taxable","16":"purchasable","17":"product-type-simple"},"_links":{"self":[{"href":"https:\/\/roveyayinevi.com.tr\/index.php\/wp-json\/wp\/v2\/product\/769471","targetHints":{"allow":["GET"]}}],"collection":[{"href":"https:\/\/roveyayinevi.com.tr\/index.php\/wp-json\/wp\/v2\/product"}],"about":[{"href":"https:\/\/roveyayinevi.com.tr\/index.php\/wp-json\/wp\/v2\/types\/product"}],"wp:attachment":[{"href":"https:\/\/roveyayinevi.com.tr\/index.php\/wp-json\/wp\/v2\/media?parent=769471"}],"wp:term":[{"taxonomy":"product_brand","embeddable":true,"href":"https:\/\/roveyayinevi.com.tr\/index.php\/wp-json\/wp\/v2\/product_brand?post=769471"},{"taxonomy":"product_cat","embeddable":true,"href":"https:\/\/roveyayinevi.com.tr\/index.php\/wp-json\/wp\/v2\/product_cat?post=769471"},{"taxonomy":"product_tag","embeddable":true,"href":"https:\/\/roveyayinevi.com.tr\/index.php\/wp-json\/wp\/v2\/product_tag?post=769471"}],"curies":[{"name":"wp","href":"https:\/\/api.w.org\/{rel}","templated":true}]}}