{"id":769470,"date":"2025-08-28T13:56:11","date_gmt":"2025-08-28T10:56:11","guid":{"rendered":"https:\/\/roveyayinevi.com.tr\/index.php\/urun\/inancin-otesinde-bir-ebeveynlik\/"},"modified":"2026-04-15T03:35:43","modified_gmt":"2026-04-15T00:35:43","slug":"inancin-otesinde-bir-ebeveynlik","status":"publish","type":"product","link":"https:\/\/roveyayinevi.com.tr\/index.php\/urun\/inancin-otesinde-bir-ebeveynlik\/","title":{"rendered":"\u0130nanc\u0131n \u00d6tesinde Bir Ebeveynlik"},"content":{"rendered":"<p>\u0130nanc\u0131n \u00d6tesinde Bir Ebeveynlik, kapsaml\u0131 bir ebeveynlik kitab\u0131 de\u011fil. \u0130silik, sald\u0131rgan davran\u0131\u015flar veya geveze \u00e7ocuklar konusunda pek bir i\u015finize yaramayacak. Tek bir konuyla, inan\u00e7lara ba\u015fvurmadan \u00e7ocuk yeti\u015ftirme konusuyla ilgili fikirler, g\u00f6r\u00fc\u015fler ve deneyimler sunma amac\u0131yla haz\u0131rland\u0131. Kitaba katk\u0131da bulunanlar aras\u0131nda \u00e7ocuk geli\u015fim ve e\u011fitim uzmanlar\u0131 olsa da yetkin yan\u0131tlar dayatma \u00e7abas\u0131 i\u00e7inde de\u011filiz. Yazarlar\u0131m\u0131z \u00f6nerilerde bulunuyor, size bilgi veriyor, fikirlerinize meydan okuyor ve sizi cesaretlendiriyor; ve b\u00fct\u00fcn bunlar\u0131 tek bir do\u011fru yol bulundu\u011funu iddia etmeden yap\u0131yor. Bu kitap, din\u00ee inan\u00e7lara kar\u015f\u0131 \u00e7\u0131kan bir kitap da de\u011fil. Okuyucular\u0131, \u00e7ocuklar\u0131n\u0131 din fakt\u00f6r\u00fc olmadan yeti\u015ftirmeye ikna etmeye \u00e7al\u0131\u015fm\u0131yoruz. Bu kitap, zaten \u00e7ocuklar\u0131n\u0131 din fakt\u00f6r\u00fc olmadan yeti\u015ftirmeye karar vermi\u015f insanlar\u0131 desteklemek ve cesaretlendirmek, bunu yapmalar\u0131na yard\u0131mc\u0131 olmak i\u00e7in yaz\u0131ld\u0131.   \u201c\u00c7ocuklar\u0131m\u0131za din hakk\u0131nda yeterince bilgi vermek yerine, sek\u00fcler ebeveynler olarak genellikle \u00e7ocuklar\u0131 din\u00ee metinlerden ve din\u00ee mek\u00e2nlardan uzak tutuyoruz&#8230; Ger\u00e7ekten \u00f6zg\u00fcr d\u00fc\u015f\u00fcnebilen bir birey yeti\u015ftirmenin yolu bu de\u011fil. \u00c7ocuklar\u0131m\u0131z\u0131 sek\u00fcler tutma umuduyla korumak yerine, onlar\u0131n nefes almas\u0131na izin vermeliyiz.\u201d <\/p>\n","protected":false},"excerpt":{"rendered":"<p>\u0130nanc\u0131n \u00d6tesinde Bir Ebeveynlik, kapsaml\u0131 bir ebeveynlik kitab\u0131 de\u011fil. \u0130silik, sald\u0131rgan davran\u0131\u015flar veya geveze \u00e7ocuklar konusunda pek bir i\u015finize yaramayacak. Tek bir konuyla, inan\u00e7lara ba\u015fvurmadan \u00e7ocuk<span class=\"excerpt-hellip\"> [\u2026]<\/span><\/p>\n","protected":false},"featured_media":0,"template":"","meta":{"_monsterinsights_skip_tracking":false,"_monsterinsights_sitenote_active":false,"_monsterinsights_sitenote_note":"","_monsterinsights_sitenote_category":0},"product_brand":[],"product_cat":[12831,12324],"product_tag":[],"class_list":{"0":"post-769470","1":"product","2":"type-product","3":"status-publish","5":"product_cat-aile-ve-cocuk","6":"product_cat-sosyoloji","7":"pa_cilt-ciltsiz","8":"pa_tur-kitap","9":"pa_yayinevi-inka-yayinlari","10":"pa_yazar-dale-mcgowan","12":"first","13":"instock","14":"sale","15":"shipping-taxable","16":"purchasable","17":"product-type-simple"},"_links":{"self":[{"href":"https:\/\/roveyayinevi.com.tr\/index.php\/wp-json\/wp\/v2\/product\/769470","targetHints":{"allow":["GET"]}}],"collection":[{"href":"https:\/\/roveyayinevi.com.tr\/index.php\/wp-json\/wp\/v2\/product"}],"about":[{"href":"https:\/\/roveyayinevi.com.tr\/index.php\/wp-json\/wp\/v2\/types\/product"}],"wp:attachment":[{"href":"https:\/\/roveyayinevi.com.tr\/index.php\/wp-json\/wp\/v2\/media?parent=769470"}],"wp:term":[{"taxonomy":"product_brand","embeddable":true,"href":"https:\/\/roveyayinevi.com.tr\/index.php\/wp-json\/wp\/v2\/product_brand?post=769470"},{"taxonomy":"product_cat","embeddable":true,"href":"https:\/\/roveyayinevi.com.tr\/index.php\/wp-json\/wp\/v2\/product_cat?post=769470"},{"taxonomy":"product_tag","embeddable":true,"href":"https:\/\/roveyayinevi.com.tr\/index.php\/wp-json\/wp\/v2\/product_tag?post=769470"}],"curies":[{"name":"wp","href":"https:\/\/api.w.org\/{rel}","templated":true}]}}