{"id":769466,"date":"2025-08-28T13:56:04","date_gmt":"2025-08-28T10:56:04","guid":{"rendered":"https:\/\/roveyayinevi.com.tr\/index.php\/urun\/atesin-gunesi\/"},"modified":"2026-04-15T03:35:42","modified_gmt":"2026-04-15T00:35:42","slug":"atesin-gunesi","status":"publish","type":"product","link":"https:\/\/roveyayinevi.com.tr\/index.php\/urun\/atesin-gunesi\/","title":{"rendered":"Ate\u015f\u2019in G\u00fcne\u015f\u2019i"},"content":{"rendered":"<p>Mehmet \u015eenol, Ate\u015f\u2019in G\u00fcne\u015f\u2019i\u2019nde T\u00fcrkiye\u2019de futbol-siyaset ili\u015fkisinin sansasyonel bir tarihsel vakas\u0131n\u0131 bir roman gibi anlat\u0131rken ayn\u0131 zamanda Tek Parti d\u00f6neminde siyasi elitler aras\u0131ndaki m\u00fccadelenin kritik bir \u201cmuharebesini\u201d ele al\u0131yor. Bir tarafta, Cumhuriyet\u2019in m\u00fcesses nizam\u0131 kar\u015f\u0131s\u0131nda, \u201cpolitikac\u0131lar bankas\u0131\u201d diye an\u0131lan \u0130\u015f Bankas\u0131 Grubu, Denizcilik Bankas\u0131, Celal Bayar\u2026 Bir tarafta Galatasaray Lisesi merkezli se\u00e7kinler kar\u015f\u0131s\u0131nda Peyami Safa\u2019n\u0131n deyi\u015fiyle \u201cGalatasaray\u2019da cumhuriyet ilan\u0131 zaman\u0131 geldi\u011fini\u201d ileri s\u00fcrenler&#8230; Galatasaray\u2019\u0131n yerini alma hedefiyle, sar\u0131-k\u0131rm\u0131z\u0131 renkleri \u00e7a\u011fr\u0131\u015ft\u0131ran Ate\u015f-G\u00fcne\u015f ad\u0131yla kurulan giri\u015fimin \u201cAtat\u00fcrk\u2019\u00fcn torpilli kul\u00fcb\u00fc\u201d payesine yaslanarak muazzam h\u0131zl\u0131 y\u00fckseli\u015fi ve Mustafa Kemal\u2019in \u00f6l\u00fcm\u00fcnden sonra ayn\u0131 h\u0131zla d\u00fc\u015f\u00fc\u015f\u00fc. 1934-1940 aras\u0131na s\u0131k\u0131\u015fan bu nefes kesici hik\u00e2yede, ba\u015fta T\u00fcrkiye\u2019de spor y\u00f6neticili\u011finin \u00f6nc\u00fc simalar\u0131ndan Yusuf Ziya \u00d6ni\u015f olmak \u00fczere, futbol ve siyaset tarihimizin \u00f6nemli portrelerinden kesitler de g\u00f6r\u00fcyoruz.<\/p>\n","protected":false},"excerpt":{"rendered":"<p>Mehmet \u015eenol, Ate\u015f\u2019in G\u00fcne\u015f\u2019i\u2019nde T\u00fcrkiye\u2019de futbol-siyaset ili\u015fkisinin sansasyonel bir tarihsel vakas\u0131n\u0131 bir roman gibi anlat\u0131rken ayn\u0131 zamanda Tek Parti d\u00f6neminde siyasi elitler aras\u0131ndaki m\u00fccadelenin kritik bir<span class=\"excerpt-hellip\"> [\u2026]<\/span><\/p>\n","protected":false},"featured_media":0,"template":"","meta":{"_monsterinsights_skip_tracking":false,"_monsterinsights_sitenote_active":false,"_monsterinsights_sitenote_note":"","_monsterinsights_sitenote_category":0},"product_brand":[],"product_cat":[15563,15564],"product_tag":[],"class_list":{"0":"post-769466","1":"product","2":"type-product","3":"status-publish","5":"product_cat-hobi","6":"product_cat-spor","7":"pa_cilt-ciltsiz","8":"pa_tur-kitap","9":"pa_yayinevi-iletisim-yayinlari","10":"pa_yazar-mehmet-senol","12":"first","13":"instock","14":"sale","15":"shipping-taxable","16":"purchasable","17":"product-type-simple"},"_links":{"self":[{"href":"https:\/\/roveyayinevi.com.tr\/index.php\/wp-json\/wp\/v2\/product\/769466","targetHints":{"allow":["GET"]}}],"collection":[{"href":"https:\/\/roveyayinevi.com.tr\/index.php\/wp-json\/wp\/v2\/product"}],"about":[{"href":"https:\/\/roveyayinevi.com.tr\/index.php\/wp-json\/wp\/v2\/types\/product"}],"wp:attachment":[{"href":"https:\/\/roveyayinevi.com.tr\/index.php\/wp-json\/wp\/v2\/media?parent=769466"}],"wp:term":[{"taxonomy":"product_brand","embeddable":true,"href":"https:\/\/roveyayinevi.com.tr\/index.php\/wp-json\/wp\/v2\/product_brand?post=769466"},{"taxonomy":"product_cat","embeddable":true,"href":"https:\/\/roveyayinevi.com.tr\/index.php\/wp-json\/wp\/v2\/product_cat?post=769466"},{"taxonomy":"product_tag","embeddable":true,"href":"https:\/\/roveyayinevi.com.tr\/index.php\/wp-json\/wp\/v2\/product_tag?post=769466"}],"curies":[{"name":"wp","href":"https:\/\/api.w.org\/{rel}","templated":true}]}}