{"id":769465,"date":"2025-08-28T13:56:03","date_gmt":"2025-08-28T10:56:03","guid":{"rendered":"https:\/\/roveyayinevi.com.tr\/index.php\/urun\/sahtekarlik-sendromundan-kurtulmak\/"},"modified":"2026-04-15T03:35:42","modified_gmt":"2026-04-15T00:35:42","slug":"sahtekarlik-sendromundan-kurtulmak","status":"publish","type":"product","link":"https:\/\/roveyayinevi.com.tr\/index.php\/urun\/sahtekarlik-sendromundan-kurtulmak\/","title":{"rendered":"Sahtekarl\u0131k Sendromundan Kurtulmak"},"content":{"rendered":"<p>Yeni bir i\u015fe ba\u015flarken, bir e\u011fitim program\u0131na kabul edilince veya i\u015fyerinde terfi al\u0131nca, sevin\u00e7ten \u00f6nce derin bir rahats\u0131zl\u0131k ya da endi\u015fe duydu\u011funuz oldu mu? Cevab\u0131n\u0131z evetse, yaln\u0131z de\u011filsiniz. Az\u0131msanmayacak say\u0131da insan, ailesi ve yak\u0131n \u00e7evresi taraf\u0131ndan becerikli ve ba\u015far\u0131l\u0131 ki\u015filer olarak g\u00f6r\u00fclse de, i\u00e7inde bir t\u00fcr eksiklik ve yetersizlik duygusu ta\u015f\u0131yor ve her an foyas\u0131n\u0131n ortaya \u00e7\u0131kaca\u011f\u0131 endi\u015fesiyle ya\u015f\u0131yor. Bu ki\u015filere ba\u015far\u0131y\u0131 hak etmediklerini, girdikleri ortamlarda rol yaparak durumu idare ettiklerini d\u00fc\u015f\u00fcnd\u00fcren \u015fey ne? Zaman zaman g\u00fcvensizlik ve korku ya\u015famak herkes i\u00e7in ola\u011fan bir durumdur ancak toplum i\u00e7inde hile yap\u0131yor olma duygusu kronik bir hal ald\u0131\u011f\u0131nda, birey \u00fczerinde y\u0131k\u0131c\u0131 etki yapabilir. G\u00f6r\u00fcn\u00fcrde hi\u00e7bir sebep yokken ki\u015fi kendini neden sahtek\u00e2rl\u0131k yap\u0131yormu\u015f gibi hisseder? S\u00fcrekli stres ve kayg\u0131 ya\u015famak i\u015f ya\u015fam\u0131n\u0131 ve ili\u015fkileri nas\u0131l etkiler? Toplumun ba\u015far\u0131 ve ba\u015far\u0131s\u0131zl\u0131\u011fa y\u00fckledi\u011fi anlam bireyleri nas\u0131l etkiler? Sahtek\u00e2rl\u0131k sendromu kad\u0131nlarda m\u0131, yoksa erkeklerde mi daha \u00e7ok g\u00f6r\u00fcl\u00fcr? Ki\u015fiyi ba\u015far\u0131lar\u0131ndan ve kimli\u011finden memnuniyet duymaktan al\u0131koyan nedir? Sahtek\u00e2rl\u0131k sendromunun iyi taraflar\u0131 da var m\u0131d\u0131r? M\u00fckemmeliyet\u00e7ili\u011fin pen\u00e7esinden kurtulmak m\u00fcmk\u00fcn m\u00fcd\u00fcr? Ele\u015ftirellik ile \u015fefkat nas\u0131l dengelenir? Ba\u015far\u0131y\u0131 i\u00e7selle\u015ftirmenin yollar\u0131 nedir? Klinik psikolog Jessamy Hibberd Sahtek\u00e2rl\u0131k Sendromundan Kurtulmak\u2019ta \u00f6\u011frencilerden \u00fcst d\u00fczey y\u00f6neticilere kadar geni\u015f bir yelpazede \u00e7ok say\u0131da insan\u0131 etkileyen bu durumdan s\u0131yr\u0131lman\u0131n basit ve uygulanabilir yollar\u0131n\u0131 a\u00e7\u0131kl\u0131yor ve ma\u011fdurlara kendi kabiliyetlerine inanabilecekleri daha iyi bir gelecek i\u00e7in umut veriyor.<\/p>\n","protected":false},"excerpt":{"rendered":"<p>Yeni bir i\u015fe ba\u015flarken, bir e\u011fitim program\u0131na kabul edilince veya i\u015fyerinde terfi al\u0131nca, sevin\u00e7ten \u00f6nce derin bir rahats\u0131zl\u0131k ya da endi\u015fe duydu\u011funuz oldu mu? Cevab\u0131n\u0131z evetse,<span class=\"excerpt-hellip\"> [\u2026]<\/span><\/p>\n","protected":false},"featured_media":0,"template":"","meta":{"_monsterinsights_skip_tracking":false,"_monsterinsights_sitenote_active":false,"_monsterinsights_sitenote_note":"","_monsterinsights_sitenote_category":0},"product_brand":[],"product_cat":[20502,12357],"product_tag":[],"class_list":{"0":"post-769465","1":"product","2":"type-product","3":"status-publish","5":"product_cat-basvuru-kitaplari-psikoloji","6":"product_cat-psikoloji","7":"pa_cilt-ciltsiz","8":"pa_tur-kitap","9":"pa_yayinevi-iletisim-yayinlari","10":"pa_yazar-jessamy-hibberd","12":"first","13":"instock","14":"sale","15":"shipping-taxable","16":"purchasable","17":"product-type-simple"},"_links":{"self":[{"href":"https:\/\/roveyayinevi.com.tr\/index.php\/wp-json\/wp\/v2\/product\/769465","targetHints":{"allow":["GET"]}}],"collection":[{"href":"https:\/\/roveyayinevi.com.tr\/index.php\/wp-json\/wp\/v2\/product"}],"about":[{"href":"https:\/\/roveyayinevi.com.tr\/index.php\/wp-json\/wp\/v2\/types\/product"}],"wp:attachment":[{"href":"https:\/\/roveyayinevi.com.tr\/index.php\/wp-json\/wp\/v2\/media?parent=769465"}],"wp:term":[{"taxonomy":"product_brand","embeddable":true,"href":"https:\/\/roveyayinevi.com.tr\/index.php\/wp-json\/wp\/v2\/product_brand?post=769465"},{"taxonomy":"product_cat","embeddable":true,"href":"https:\/\/roveyayinevi.com.tr\/index.php\/wp-json\/wp\/v2\/product_cat?post=769465"},{"taxonomy":"product_tag","embeddable":true,"href":"https:\/\/roveyayinevi.com.tr\/index.php\/wp-json\/wp\/v2\/product_tag?post=769465"}],"curies":[{"name":"wp","href":"https:\/\/api.w.org\/{rel}","templated":true}]}}