{"id":769464,"date":"2025-08-28T13:56:01","date_gmt":"2025-08-28T10:56:01","guid":{"rendered":"https:\/\/roveyayinevi.com.tr\/index.php\/urun\/cihan-harbinin-cephe-gerisi\/"},"modified":"2026-04-15T03:35:42","modified_gmt":"2026-04-15T00:35:42","slug":"cihan-harbinin-cephe-gerisi","status":"publish","type":"product","link":"https:\/\/roveyayinevi.com.tr\/index.php\/urun\/cihan-harbinin-cephe-gerisi\/","title":{"rendered":"Cihan Harbi\u2019nin Cephe Gerisi"},"content":{"rendered":"<p>Yi\u011fit Ak\u0131n, Birinci D\u00fcnya Sava\u015f\u0131\u2019n\u0131n toplumsal tarihine bak\u0131yor; ba\u015fka bir deyi\u015fle, sava\u015f\u0131 salt asker\u00ee-siyasi boyutunun \u00f6tesinde, toplumsal bir olay olarak inceliyor. Bu ayn\u0131 zamanda, hamaset anlat\u0131lar\u0131n\u0131n perdesini de aralamak demek; sadece kahramanl\u0131k destanlar\u0131na de\u011fil, \u201cToplar\u0131n g\u00fcllesi ne yaman geldi Kapand\u0131 kulaklar, hep sa\u011f\u0131r oldu G\u00f6vdeler yaral\u0131, g\u00f6mlek kan doldu Askerin kan\u0131n\u0131 g\u00f6r padi\u015fah\u0131m\u201d diyen t\u00fcrk\u00fclere de kulak vermek demek. B\u00f6l\u00fcm ba\u015fl\u0131klar\u0131, kitab\u0131n i\u00e7eri\u011fiyle beraber, d\u00f6nemin ruhunu kavrayan anlat\u0131m g\u00fcc\u00fcn\u00fcn de ifadesi: \u2022 Balkan Harbi\u2019nden Cihan Harbi\u2019ne \u2022 Tarlalardan k\u0131\u015flalara \u2022 S\u0131kla\u015fan saflar, bo\u015falan evler \u2022 Orduya a\u015f, ahali a\u00e7 \u2022 Evde: Zevceler ve anneler \u2022 Yollarda: S\u00fcrg\u00fcnler ve muhacirler&#8230; Cihan Harbi\u2019nin Cephe Gerisi sava\u015f olay\u0131n\u0131n \u201csivil\u201d bir okumas\u0131&#8230; \u201cBu kitap, Osmanl\u0131 toplumunun kolektif belle\u011finde derin ve hazin izler b\u0131rakan Cihan Harbi deneyimini geni\u015f bir zaviyeden bakarak inceliyor ve sava\u015f\u0131n do\u011furdu\u011fu yeni sosyoekonomik ve k\u00fclt\u00fcrel ger\u00e7eklikleri mercek alt\u0131na al\u0131yor. Bu yeni ger\u00e7ekliklerin izlerini ise kitlesel askerlik deneyimi, devlet g\u00fcd\u00fcm\u00fcne girmi\u015f bir ekonomik hayat, yayg\u0131n darl\u0131k ve yokluklar, s\u00fcrekli devam eden ve b\u00fcy\u00fck alt \u00fcst olu\u015flara yol a\u00e7an n\u00fcfus hareketleri, etnik temizlik ve \u00f6l\u00fcm \u00fczerinden s\u00fcr\u00fcyor.\u201d Y\u0130\u011e\u0130T AKIN<\/p>\n","protected":false},"excerpt":{"rendered":"<p>Yi\u011fit Ak\u0131n, Birinci D\u00fcnya Sava\u015f\u0131\u2019n\u0131n toplumsal tarihine bak\u0131yor; ba\u015fka bir deyi\u015fle, sava\u015f\u0131 salt asker\u00ee-siyasi boyutunun \u00f6tesinde, toplumsal bir olay olarak inceliyor. Bu ayn\u0131 zamanda, hamaset anlat\u0131lar\u0131n\u0131n<span class=\"excerpt-hellip\"> [\u2026]<\/span><\/p>\n","protected":false},"featured_media":0,"template":"","meta":{"_monsterinsights_skip_tracking":false,"_monsterinsights_sitenote_active":false,"_monsterinsights_sitenote_note":"","_monsterinsights_sitenote_category":0},"product_brand":[],"product_cat":[12304,13650],"product_tag":[],"class_list":{"0":"post-769464","1":"product","2":"type-product","3":"status-publish","5":"product_cat-tarih","6":"product_cat-turk-tarihi-arastirmalari","7":"pa_cilt-ciltsiz","8":"pa_tur-kitap","9":"pa_yayinevi-iletisim-yayinlari","10":"pa_yazar-yigit-akin","12":"first","13":"instock","14":"sale","15":"shipping-taxable","16":"purchasable","17":"product-type-simple"},"_links":{"self":[{"href":"https:\/\/roveyayinevi.com.tr\/index.php\/wp-json\/wp\/v2\/product\/769464","targetHints":{"allow":["GET"]}}],"collection":[{"href":"https:\/\/roveyayinevi.com.tr\/index.php\/wp-json\/wp\/v2\/product"}],"about":[{"href":"https:\/\/roveyayinevi.com.tr\/index.php\/wp-json\/wp\/v2\/types\/product"}],"wp:attachment":[{"href":"https:\/\/roveyayinevi.com.tr\/index.php\/wp-json\/wp\/v2\/media?parent=769464"}],"wp:term":[{"taxonomy":"product_brand","embeddable":true,"href":"https:\/\/roveyayinevi.com.tr\/index.php\/wp-json\/wp\/v2\/product_brand?post=769464"},{"taxonomy":"product_cat","embeddable":true,"href":"https:\/\/roveyayinevi.com.tr\/index.php\/wp-json\/wp\/v2\/product_cat?post=769464"},{"taxonomy":"product_tag","embeddable":true,"href":"https:\/\/roveyayinevi.com.tr\/index.php\/wp-json\/wp\/v2\/product_tag?post=769464"}],"curies":[{"name":"wp","href":"https:\/\/api.w.org\/{rel}","templated":true}]}}