{"id":769463,"date":"2025-08-28T13:55:59","date_gmt":"2025-08-28T10:55:59","guid":{"rendered":"https:\/\/roveyayinevi.com.tr\/index.php\/urun\/dogana\/"},"modified":"2026-04-15T03:35:42","modified_gmt":"2026-04-15T00:35:42","slug":"dogana","status":"publish","type":"product","link":"https:\/\/roveyayinevi.com.tr\/index.php\/urun\/dogana\/","title":{"rendered":"Do\u011fana"},"content":{"rendered":"<p>\u201cSana ilk mektubumu Marburg\u2019dan 28 \u015eubat\u2019ta yazm\u0131\u015f\u0131m. Do\u011fumundan alt\u0131 ay \u00f6nce. Annen seni i\u00e7inde ta\u015f\u0131yor, hissediyor, ya\u015f\u0131yor. Anlatt\u0131klar\u0131yla seni tan\u0131yabiliyorum. Canl\u0131 yay\u0131n. Bilmek istersin diye mektuplar\u0131 yazm\u0131\u015f olmal\u0131y\u0131m.\u201d Baba olaca\u011f\u0131n\u0131 \u00f6\u011frenen G\u00fcnd\u00fcz Vassaf, \u00e7ocu\u011funun do\u011fumuna aylar kala kaleme sar\u0131l\u0131r ve ona mektuplar yazmaya ba\u015flar&#8230; Yaz\u0131lmalar\u0131n\u0131n \u00fczerinden 40 y\u0131la yak\u0131n zaman ge\u00e7tikten sonra nihayet g\u00fcn y\u00fcz\u00fcne \u00e7\u0131kan bu mektuplar, baba aday\u0131 Vassaf\u2019\u0131n i\u00e7 d\u00fcnyas\u0131n\u0131 t\u00fcm samimiyetiyle ortaya koyuyor: Hamileli\u011fin \u00f6\u011frenilmesinden ebeveynlik sorumluluklar\u0131n\u0131 d\u00fc\u015f\u00fcnmenin yaratt\u0131\u011f\u0131 bask\u0131lara, kendi anne-babas\u0131yla ili\u015fkilerini sorgulamas\u0131ndan \u00e7ocu\u011funun gelece\u011fi i\u00e7in kurdu\u011fu hayallere, ilk ultrason g\u00f6r\u00fcnt\u00fcs\u00fcnden insanl\u0131k \u00fczerine d\u00fc\u015f\u00fcncelere&#8230; O\u011flu Do\u011fan\u2019\u0131 beklerken aileye, hayata ve gelece\u011fe yepyeni bir pencereden bakmas\u0131n\u0131n yans\u0131mas\u0131 olan Do\u011fana, G\u00fcnd\u00fcz Vassaf\u2019\u0131n bug\u00fcne kadar yay\u0131mlanm\u0131\u015f belki de en ki\u015fisel kitab\u0131&#8230; \u201c\u015eimdi g\u00f6r\u00fcyorum, bu kitap benim ya da bizim de\u011fil, \u00e7ocuk bekleyen herhangi bir anne-baban\u0131n ya\u015fayabileceklerinin kitab\u0131.\u201d<\/p>\n","protected":false},"excerpt":{"rendered":"<p>\u201cSana ilk mektubumu Marburg\u2019dan 28 \u015eubat\u2019ta yazm\u0131\u015f\u0131m. Do\u011fumundan alt\u0131 ay \u00f6nce. Annen seni i\u00e7inde ta\u015f\u0131yor, hissediyor, ya\u015f\u0131yor. Anlatt\u0131klar\u0131yla seni tan\u0131yabiliyorum. Canl\u0131 yay\u0131n. Bilmek istersin diye mektuplar\u0131<span class=\"excerpt-hellip\"> [\u2026]<\/span><\/p>\n","protected":false},"featured_media":0,"template":"","meta":{"_monsterinsights_skip_tracking":false,"_monsterinsights_sitenote_active":false,"_monsterinsights_sitenote_note":"","_monsterinsights_sitenote_category":0},"product_brand":[],"product_cat":[13701,12291],"product_tag":[],"class_list":{"0":"post-769463","1":"product","2":"type-product","3":"status-publish","5":"product_cat-ani-mektup-gunluk","6":"product_cat-edebiyat","7":"pa_cilt-ciltsiz","8":"pa_tur-kitap","9":"pa_yayinevi-iletisim-yayinlari","10":"pa_yazar-gunduz-vassaf","12":"first","13":"instock","14":"sale","15":"shipping-taxable","16":"purchasable","17":"product-type-simple"},"_links":{"self":[{"href":"https:\/\/roveyayinevi.com.tr\/index.php\/wp-json\/wp\/v2\/product\/769463","targetHints":{"allow":["GET"]}}],"collection":[{"href":"https:\/\/roveyayinevi.com.tr\/index.php\/wp-json\/wp\/v2\/product"}],"about":[{"href":"https:\/\/roveyayinevi.com.tr\/index.php\/wp-json\/wp\/v2\/types\/product"}],"wp:attachment":[{"href":"https:\/\/roveyayinevi.com.tr\/index.php\/wp-json\/wp\/v2\/media?parent=769463"}],"wp:term":[{"taxonomy":"product_brand","embeddable":true,"href":"https:\/\/roveyayinevi.com.tr\/index.php\/wp-json\/wp\/v2\/product_brand?post=769463"},{"taxonomy":"product_cat","embeddable":true,"href":"https:\/\/roveyayinevi.com.tr\/index.php\/wp-json\/wp\/v2\/product_cat?post=769463"},{"taxonomy":"product_tag","embeddable":true,"href":"https:\/\/roveyayinevi.com.tr\/index.php\/wp-json\/wp\/v2\/product_tag?post=769463"}],"curies":[{"name":"wp","href":"https:\/\/api.w.org\/{rel}","templated":true}]}}