{"id":769460,"date":"2025-08-28T13:55:52","date_gmt":"2025-08-28T10:55:52","guid":{"rendered":"https:\/\/roveyayinevi.com.tr\/index.php\/urun\/ankaradan\/"},"modified":"2026-04-15T03:35:42","modified_gmt":"2026-04-15T00:35:42","slug":"ankaradan","status":"publish","type":"product","link":"https:\/\/roveyayinevi.com.tr\/index.php\/urun\/ankaradan\/","title":{"rendered":"Ankara\u2019dan"},"content":{"rendered":"<p>\u00d6nemli yazarlar\u0131n en b\u00fcy\u00fck eserleri, kendi \u00e7evrelerini, ya\u015fad\u0131klar\u0131 ortamlar\u0131, g\u00f6rd\u00fckleri ki\u015fileri g\u00f6zlemleyip yazd\u0131klar\u0131 eserleridir. Ankaral\u0131 Yazar Mehmet Galip Aksoy, \u201cAnkara\u2019dan\u201d adl\u0131 eserinde, Ankara\u2019n\u0131n sokaklar\u0131n\u0131, buradaki insanlar\u0131 ya\u015fanm\u0131\u015f ve ya\u015fanmas\u0131 olas\u0131 olaylar\u0131 ola\u011fan\u00fcst\u00fc bir ger\u00e7ek\u00e7ilik ve ak\u0131c\u0131l\u0131kla sunuyor bizlere. \u00d6yk\u00fclerinde sokaklar\u0131n kokusunu, insanlar\u0131n nefesini duyuyoruz adeta. \u00d6yk\u00fc severlere mutlaka tavsiye ediyoruz. <\/p>\n","protected":false},"excerpt":{"rendered":"<p>\u00d6nemli yazarlar\u0131n en b\u00fcy\u00fck eserleri, kendi \u00e7evrelerini, ya\u015fad\u0131klar\u0131 ortamlar\u0131, g\u00f6rd\u00fckleri ki\u015fileri g\u00f6zlemleyip yazd\u0131klar\u0131 eserleridir. Ankaral\u0131 Yazar Mehmet Galip Aksoy, \u201cAnkara\u2019dan\u201d adl\u0131 eserinde, Ankara\u2019n\u0131n sokaklar\u0131n\u0131, buradaki insanlar\u0131<span class=\"excerpt-hellip\"> [\u2026]<\/span><\/p>\n","protected":false},"featured_media":0,"template":"","meta":{"_monsterinsights_skip_tracking":false,"_monsterinsights_sitenote_active":false,"_monsterinsights_sitenote_note":"","_monsterinsights_sitenote_category":0},"product_brand":[],"product_cat":[12291,18202],"product_tag":[],"class_list":{"0":"post-769460","1":"product","2":"type-product","3":"status-publish","5":"product_cat-edebiyat","6":"product_cat-hikaye","7":"pa_cilt-ciltsiz","8":"pa_tur-kitap","9":"pa_yayinevi-alden-yayinlari","10":"pa_yazar-mehmet-galip-aksoy","12":"first","13":"instock","14":"sale","15":"shipping-taxable","16":"purchasable","17":"product-type-simple"},"_links":{"self":[{"href":"https:\/\/roveyayinevi.com.tr\/index.php\/wp-json\/wp\/v2\/product\/769460","targetHints":{"allow":["GET"]}}],"collection":[{"href":"https:\/\/roveyayinevi.com.tr\/index.php\/wp-json\/wp\/v2\/product"}],"about":[{"href":"https:\/\/roveyayinevi.com.tr\/index.php\/wp-json\/wp\/v2\/types\/product"}],"wp:attachment":[{"href":"https:\/\/roveyayinevi.com.tr\/index.php\/wp-json\/wp\/v2\/media?parent=769460"}],"wp:term":[{"taxonomy":"product_brand","embeddable":true,"href":"https:\/\/roveyayinevi.com.tr\/index.php\/wp-json\/wp\/v2\/product_brand?post=769460"},{"taxonomy":"product_cat","embeddable":true,"href":"https:\/\/roveyayinevi.com.tr\/index.php\/wp-json\/wp\/v2\/product_cat?post=769460"},{"taxonomy":"product_tag","embeddable":true,"href":"https:\/\/roveyayinevi.com.tr\/index.php\/wp-json\/wp\/v2\/product_tag?post=769460"}],"curies":[{"name":"wp","href":"https:\/\/api.w.org\/{rel}","templated":true}]}}